{"id":12397,"date":"2024-10-28T20:02:03","date_gmt":"2024-10-28T20:02:03","guid":{"rendered":"https:\/\/puregrowshop.com\/calcio-15-1-lt-bio-nova\/"},"modified":"2025-12-27T20:12:24","modified_gmt":"2025-12-27T20:12:24","slug":"calcio-15-1-lt-bio-nova","status":"publish","type":"product","link":"https:\/\/puregrowshop.com\/fr\/calcio-15-1-lt-bio-nova\/","title":{"rendered":"Calcio 15% &#8211; 1 lt. Bio Nova"},"content":{"rendered":"<p>Calcio 15% &#8211; 1 lt. de Bio Nova es un fertilizante de alta calidad dise\u00f1ado para satisfacer las necesidades nutricionales de un amplio espectro de cultivos. Este producto es esencial para el fortalecimiento de las plantas, asegurando un crecimiento robusto y saludable.<\/p>\n<ul>\n<li>Concentraci\u00f3n de calcio: 15%<\/li>\n<li>Peso del producto: 1.55 kg<\/li>\n<li>Categor\u00eda: Fertilizantes<\/li>\n<li>Formato l\u00edquido para f\u00e1cil aplicaci\u00f3n<\/li>\n<\/ul>\n<p>El calcio es vital para el desarrollo celular y la estructura de las plantas, previniendo enfermedades comunes como la pudrici\u00f3n apical en tomates y pimientos. El uso de Calcio 15% de Bio Nova promueve un crecimiento uniforme, mejora la resistencia a las plagas y ayuda a las plantas a absorber otros nutrientes de manera m\u00e1s eficiente.<\/p>\n<p>Composici\u00f3n: Contiene calcio altamente concentrado, libre de impurezas, lo que garantiza una nutrici\u00f3n adecuada y segura para sus cultivos.<\/p>\n<p>Instrucciones de uso y dosificaci\u00f3n: Diluir 1-2 ml de Calcio 15% por litro de agua. Aplicar semanalmente durante la fase de crecimiento activo de las plantas. Puede ser utilizado tanto en cultivos en suelo como en hidropon\u00eda. Ajuste la dosis seg\u00fan las necesidades espec\u00edficas de sus cultivos y condiciones de crecimiento.<\/p>\n","protected":false},"excerpt":{"rendered":"<p>Este producto contiene 15% (180 gr\/l.) de calcio puro, 3 % nitr\u00f3geno, y los elementos traza hierro, cobre y manganeso.<br \/>El calcio aparece en las membranas de la pared celular y juega un importante papel en la reacciones-ion entre plantas. <br \/>El calcio es transportado en la planta a trav\u00e9s del xilema. <br \/>En situaciones con alta humedad o en un cultivo muy tupido la relaci\u00f3n de conducci\u00f3n menor puede llevar a una deficiencia de calcio.<br \/>La deficiencia de calcio lleva a paredes  celulares ablandadas, lo que las hace inmediatamente sensibles a infecciones por hongos, la muerte de hojas j\u00f3venes brotes.<br \/>El exceso de calcio, tambi\u00e9n puede ocurrir y se manifiesta con manchas marrones en las hojas.<\/p>\n<p>Ca 15 act\u00faa r\u00e1pidamente, no cambia el pH y es un producto puro.<br \/>Ca 15 es barato y contiene 180 gr de Ca por litro de l\u00edquido.<br \/>Ca 15 ser puede combinar en todos nuestros esquemas de fertilizaci\u00f3n. <br \/>No obstruye las tuber\u00edas ni poluciona.<\/p>\n","protected":false},"featured_media":11466,"comment_status":"open","ping_status":"closed","template":"","meta":{"_bst_post_transparent":"","_bst_post_title":"","_bst_post_layout":"","_bst_post_sidebar_id":"","_bst_post_content_style":"","_bst_post_vertical_padding":"","_bst_post_feature":"","_bst_post_feature_position":"","_bst_post_header":false,"_bst_post_footer":false},"pwb-brand":[169],"product_brand":[],"product_cat":[39],"product_tag":[],"class_list":{"0":"post-12397","1":"product","2":"type-product","3":"status-publish","4":"has-post-thumbnail","6":"pwb-brand-bio-nova","7":"product_cat-fertilizantes","9":"first","10":"instock","11":"sale","12":"taxable","13":"shipping-taxable","14":"purchasable","15":"product-type-simple","16":"entry","17":"content-bg","18":"loop-entry"},"brands":[{"id":169,"name":"Bio Nova","slug":"bio-nova"}],"_links":{"self":[{"href":"https:\/\/puregrowshop.com\/fr\/wp-json\/wp\/v2\/product\/12397","targetHints":{"allow":["GET"]}}],"collection":[{"href":"https:\/\/puregrowshop.com\/fr\/wp-json\/wp\/v2\/product"}],"about":[{"href":"https:\/\/puregrowshop.com\/fr\/wp-json\/wp\/v2\/types\/product"}],"replies":[{"embeddable":true,"href":"https:\/\/puregrowshop.com\/fr\/wp-json\/wp\/v2\/comments?post=12397"}],"wp:featuredmedia":[{"embeddable":true,"href":"https:\/\/puregrowshop.com\/fr\/wp-json\/wp\/v2\/media\/11466"}],"wp:attachment":[{"href":"https:\/\/puregrowshop.com\/fr\/wp-json\/wp\/v2\/media?parent=12397"}],"wp:term":[{"taxonomy":"pwb-brand","embeddable":true,"href":"https:\/\/puregrowshop.com\/fr\/wp-json\/wp\/v2\/pwb-brand?post=12397"},{"taxonomy":"product_brand","embeddable":true,"href":"https:\/\/puregrowshop.com\/fr\/wp-json\/wp\/v2\/product_brand?post=12397"},{"taxonomy":"product_cat","embeddable":true,"href":"https:\/\/puregrowshop.com\/fr\/wp-json\/wp\/v2\/product_cat?post=12397"},{"taxonomy":"product_tag","embeddable":true,"href":"https:\/\/puregrowshop.com\/fr\/wp-json\/wp\/v2\/product_tag?post=12397"}],"curies":[{"name":"wp","href":"https:\/\/api.w.org\/{rel}","templated":true}]}}