{"id":12395,"date":"2024-10-28T20:02:03","date_gmt":"2024-10-28T20:02:03","guid":{"rendered":"https:\/\/puregrowshop.com\/pk-13-14-5-lt-bio-nova\/"},"modified":"2025-12-27T20:12:16","modified_gmt":"2025-12-27T20:12:16","slug":"pk-13-14-5-lt-bio-nova","status":"publish","type":"product","link":"https:\/\/puregrowshop.com\/fr\/pk-13-14-5-lt-bio-nova\/","title":{"rendered":"PK 13 \/ 14 &#8211; 5 lt. Bio Nova"},"content":{"rendered":"<p>Presentamos el &quot;PK 13 \/ 14 &#8211; 5 lt. Bio Nova&quot;, un potente estimulante de floraci\u00f3n dise\u00f1ado para maximizar el rendimiento y la calidad de tus cultivos. Este producto es ideal para cultivadores que buscan un impulso adicional durante la fase crucial de floraci\u00f3n, asegurando cosechas abundantes y saludables.<\/p>\n<ul>\n<li>Peso: 6.75 kg<\/li>\n<li>Categor\u00eda: Estimulantes de floraci\u00f3n<\/li>\n<li>Volumen: 5 litros<\/li>\n<\/ul>\n<p>El &quot;PK 13 \/ 14&quot; de Bio Nova es una f\u00f3rmula concentrada que proporciona los nutrientes esenciales de f\u00f3sforo y potasio, fundamentales para el desarrollo \u00f3ptimo de las flores. Al aplicarlo, los cultivadores notar\u00e1n una mejora significativa en el tama\u00f1o y la densidad de las flores, as\u00ed como en el contenido de resina y aceites esenciales.<\/p>\n<p>Su composici\u00f3n incluye una perfecta proporci\u00f3n de f\u00f3sforo (P) y potasio (K), elementos esenciales para la estructura celular y el transporte de energ\u00eda en las plantas.<\/p>\n<p>Para su uso, diluye 1-2 ml de PK 13 \/ 14 por litro de agua durante la fase de floraci\u00f3n, ajustando seg\u00fan las necesidades espec\u00edficas de tus cultivos. Aplicar semanalmente para obtener los mejores resultados. Aseg\u00farate de seguir las instrucciones para evitar sobrefertilizaci\u00f3n y optimizar el crecimiento de tus plantas.<\/p>\n","protected":false},"excerpt":{"rendered":"<p>El f\u00f3sforo tiene un papel fundamental en el desarrollo saludable de las ra\u00edces y una<br \/>exhuberante floraci\u00f3n. El potasio colabora en lo que llamamos potencia de floraci\u00f3n. La<br \/>combinaci\u00f3n de estos dos componentes minerales de origen natural podr\u00eda llamarse sin<br \/>duda super estimulante de la floraci\u00f3n.<br \/>Por todo esto lo consideramos un componente esencial para cada ciclo de cultivo.<br \/>PK 13-14 forma parte de nuestra l\u00ednea de fertilizantes minerales puros (libre de elemetos<br \/>lastre) y es un poderoso complejo f\u00f3sforo-potasio para la floraci\u00f3n, de directa absorci\u00f3n por<br \/>las plantas.<br \/>Este abono debe ser utilizado en combinaci\u00f3n con Hydro Supermix, Soil Supermix, Haze<br \/>Supermix o NFT-Aqua Supermix. Una de estas tres posibles combinaciones hace una<br \/>fertilizaci\u00f3n completa en hidrop\u00f3nico, en tierra o en sistemas NFT<\/p>\n","protected":false},"featured_media":11462,"comment_status":"open","ping_status":"closed","template":"","meta":{"_bst_post_transparent":"","_bst_post_title":"","_bst_post_layout":"","_bst_post_sidebar_id":"","_bst_post_content_style":"","_bst_post_vertical_padding":"","_bst_post_feature":"","_bst_post_feature_position":"","_bst_post_header":false,"_bst_post_footer":false},"pwb-brand":[169],"product_brand":[],"product_cat":[76],"product_tag":[],"class_list":{"0":"post-12395","1":"product","2":"type-product","3":"status-publish","4":"has-post-thumbnail","6":"pwb-brand-bio-nova","7":"product_cat-estimulantes-floracion","8":"product_shipping_class-entre-5-kg-y-10-kg","10":"first","11":"instock","12":"sale","13":"taxable","14":"shipping-taxable","15":"purchasable","16":"product-type-simple","17":"entry","18":"content-bg","19":"loop-entry"},"brands":[{"id":169,"name":"Bio Nova","slug":"bio-nova"}],"_links":{"self":[{"href":"https:\/\/puregrowshop.com\/fr\/wp-json\/wp\/v2\/product\/12395","targetHints":{"allow":["GET"]}}],"collection":[{"href":"https:\/\/puregrowshop.com\/fr\/wp-json\/wp\/v2\/product"}],"about":[{"href":"https:\/\/puregrowshop.com\/fr\/wp-json\/wp\/v2\/types\/product"}],"replies":[{"embeddable":true,"href":"https:\/\/puregrowshop.com\/fr\/wp-json\/wp\/v2\/comments?post=12395"}],"wp:featuredmedia":[{"embeddable":true,"href":"https:\/\/puregrowshop.com\/fr\/wp-json\/wp\/v2\/media\/11462"}],"wp:attachment":[{"href":"https:\/\/puregrowshop.com\/fr\/wp-json\/wp\/v2\/media?parent=12395"}],"wp:term":[{"taxonomy":"pwb-brand","embeddable":true,"href":"https:\/\/puregrowshop.com\/fr\/wp-json\/wp\/v2\/pwb-brand?post=12395"},{"taxonomy":"product_brand","embeddable":true,"href":"https:\/\/puregrowshop.com\/fr\/wp-json\/wp\/v2\/product_brand?post=12395"},{"taxonomy":"product_cat","embeddable":true,"href":"https:\/\/puregrowshop.com\/fr\/wp-json\/wp\/v2\/product_cat?post=12395"},{"taxonomy":"product_tag","embeddable":true,"href":"https:\/\/puregrowshop.com\/fr\/wp-json\/wp\/v2\/product_tag?post=12395"}],"curies":[{"name":"wp","href":"https:\/\/api.w.org\/{rel}","templated":true}]}}