{"id":12392,"date":"2024-10-28T20:02:00","date_gmt":"2024-10-28T20:02:00","guid":{"rendered":"https:\/\/puregrowshop.com\/pk-13-14-250-ml-bio-nova\/"},"modified":"2025-12-27T20:12:16","modified_gmt":"2025-12-27T20:12:16","slug":"pk-13-14-250-ml-bio-nova","status":"publish","type":"product","link":"https:\/\/puregrowshop.com\/fr\/pk-13-14-250-ml-bio-nova\/","title":{"rendered":"PK 13 \/ 14 &#8211; 250 ml.  Bio Nova"},"content":{"rendered":"<p>Presentamos el PK 13 \/ 14 &#8211; 250 ml de Bio Nova, un estimulante de floraci\u00f3n altamente efectivo dise\u00f1ado para optimizar el desarrollo de tus plantas. Este producto es esencial para aquellos que buscan maximizar el potencial de floraci\u00f3n en sus cultivos, garantizando una producci\u00f3n de flores m\u00e1s abundante y de mayor calidad.<\/p>\n<ul>\n<li>Peso: 0.4 kg<\/li>\n<li>Categor\u00eda: Estimulantes de floraci\u00f3n<\/li>\n<li>Volumen: 250 ml<\/li>\n<\/ul>\n<p>El PK 13 \/ 14 es ideal para proporcionar un impulso extra durante la fase de floraci\u00f3n de tus plantas. Su f\u00f3rmula concentrada incrementa la producci\u00f3n de flores robustas y saludables, mejorando notablemente el rendimiento de tus plantas. Adem\u00e1s, es compatible con todo tipo de sustratos y sistemas de cultivo.<\/p>\n<p>La composici\u00f3n de este producto incluye una mezcla equilibrada de f\u00f3sforo (P) y potasio (K), elementos esenciales que promueven el crecimiento y la maduraci\u00f3n de las flores.<\/p>\n<p>Para usar el PK 13 \/ 14, se recomienda diluir 1 ml por litro de agua durante la fase de floraci\u00f3n, comenzando en la segunda semana de esta etapa. Aseg\u00farese de seguir las instrucciones de uso para obtener los mejores resultados y evitar la sobrefertilizaci\u00f3n. Con PK 13 \/ 14, tus plantas recibir\u00e1n el cuidado especializado que necesitan para florecer al m\u00e1ximo.<\/p>\n","protected":false},"excerpt":{"rendered":"<p>El f\u00f3sforo tiene un papel fundamental en el desarrollo saludable de las ra\u00edces y una<br \/>exhuberante floraci\u00f3n. El potasio colabora en lo que llamamos potencia de floraci\u00f3n. La<br \/>combinaci\u00f3n de estos dos componentes minerales de origen natural podr\u00eda llamarse sin<br \/>duda super estimulante de la floraci\u00f3n.<br \/>Por todo esto lo consideramos un componente esencial para cada ciclo de cultivo.<br \/>PK 13-14 forma parte de nuestra l\u00ednea de fertilizantes minerales puros (libre de elemetos<br \/>lastre) y es un poderoso complejo f\u00f3sforo-potasio para la floraci\u00f3n, de directa absorci\u00f3n por<br \/>las plantas.<br \/>Este abono debe ser utilizado en combinaci\u00f3n con Hydro Supermix, Soil Supermix, Haze<br \/>Supermix o NFT-Aqua Supermix. Una de estas tres posibles combinaciones hace una<br \/>fertilizaci\u00f3n completa en hidrop\u00f3nico, en tierra o en sistemas NFT<\/p>\n<p>DOSIFICACION: <br \/>1st semana de floraci\u00f3n : 25 ml.\/100 l.<br \/>2nd semana de floraci\u00f3n: 75 ml.\/100 l.<br \/>3rd semana de floraci\u00f3n: 100 ml.\/100 l.<br \/>4th semana de floraci\u00f3n hasta la cosecha: hasta m\u00e1ximo de 125 ml.\/100 l.<\/p>\n","protected":false},"featured_media":11456,"comment_status":"open","ping_status":"closed","template":"","meta":{"_bst_post_transparent":"","_bst_post_title":"","_bst_post_layout":"","_bst_post_sidebar_id":"","_bst_post_content_style":"","_bst_post_vertical_padding":"","_bst_post_feature":"","_bst_post_feature_position":"","_bst_post_header":false,"_bst_post_footer":false},"pwb-brand":[169],"product_brand":[],"product_cat":[76],"product_tag":[],"class_list":{"0":"post-12392","1":"product","2":"type-product","3":"status-publish","4":"has-post-thumbnail","6":"pwb-brand-bio-nova","7":"product_cat-estimulantes-floracion","9":"first","10":"outofstock","11":"sale","12":"taxable","13":"shipping-taxable","14":"purchasable","15":"product-type-simple","16":"entry","17":"content-bg","18":"loop-entry"},"brands":[{"id":169,"name":"Bio Nova","slug":"bio-nova"}],"_links":{"self":[{"href":"https:\/\/puregrowshop.com\/fr\/wp-json\/wp\/v2\/product\/12392","targetHints":{"allow":["GET"]}}],"collection":[{"href":"https:\/\/puregrowshop.com\/fr\/wp-json\/wp\/v2\/product"}],"about":[{"href":"https:\/\/puregrowshop.com\/fr\/wp-json\/wp\/v2\/types\/product"}],"replies":[{"embeddable":true,"href":"https:\/\/puregrowshop.com\/fr\/wp-json\/wp\/v2\/comments?post=12392"}],"wp:featuredmedia":[{"embeddable":true,"href":"https:\/\/puregrowshop.com\/fr\/wp-json\/wp\/v2\/media\/11456"}],"wp:attachment":[{"href":"https:\/\/puregrowshop.com\/fr\/wp-json\/wp\/v2\/media?parent=12392"}],"wp:term":[{"taxonomy":"pwb-brand","embeddable":true,"href":"https:\/\/puregrowshop.com\/fr\/wp-json\/wp\/v2\/pwb-brand?post=12392"},{"taxonomy":"product_brand","embeddable":true,"href":"https:\/\/puregrowshop.com\/fr\/wp-json\/wp\/v2\/product_brand?post=12392"},{"taxonomy":"product_cat","embeddable":true,"href":"https:\/\/puregrowshop.com\/fr\/wp-json\/wp\/v2\/product_cat?post=12392"},{"taxonomy":"product_tag","embeddable":true,"href":"https:\/\/puregrowshop.com\/fr\/wp-json\/wp\/v2\/product_tag?post=12392"}],"curies":[{"name":"wp","href":"https:\/\/api.w.org\/{rel}","templated":true}]}}