{"id":12391,"date":"2024-10-28T20:02:00","date_gmt":"2024-10-28T20:02:00","guid":{"rendered":"https:\/\/puregrowshop.com\/zym-250-ml-bio-nova\/"},"modified":"2025-12-27T20:12:16","modified_gmt":"2025-12-27T20:12:16","slug":"zym-250-ml-bio-nova","status":"publish","type":"product","link":"https:\/\/puregrowshop.com\/fr\/zym-250-ml-bio-nova\/","title":{"rendered":"Zym  250 ml. Bio Nova"},"content":{"rendered":"<p>DOSIFICACI\u00d3N:<BR>Medio tierra \/ coco: simplemente a\u00f1adir a la soluci\u00f3n nutriente 30 ml. por cada 100 l.<BR>Medio lana de roca \/arcillaexpandida: simplemente a\u00f1adir a la soluci\u00f3n nutriente 30 ml. por cada 100 l.<BR>Los sistemas hidrop\u00f3nicos como NFT \/ Aqua: a\u00f1adir a la soluci\u00f3n nutriente 50 ml. por cada 100 l.<\/p>\n","protected":false},"excerpt":{"rendered":"<p>BN-Zym es un biocatalizador natural (acelerador de reacciones), mejorador del medio de cultivo a base de enzimas.<BR>Las enzimas estimulan la capacidad de retener agua del medio y disminuye la tensi\u00f3n superficial del agua, lo que permite una m\u00e1s r\u00e1pida y mejor penetraci\u00f3n del agua en el medio Al penetrar en el medio tambi\u00e9n trae oxigeno a este.<BR>Las enzimas son mol\u00e9culas de proteina especializadas en la catalisis (aceleraci\u00f3n) de varios procesos bioqu\u00edmicos.<BR>Una de las cualidades de las enzimas es la forma en que trabajan y la r\u00e1pidez con la que act\u00faan. Por ejemplo, la conversi\u00f3n de azucar en alcohol por m\u00e9todos qu\u00edmicos, normalmente tardar\u00eda semanas o meses, pero debido a las enzimas esto ocurre en segundos. Las enzimas no generan restos ni subproductos durante su acci\u00f3n.<BR>BN-Zym acarrea una mayor actividad bacteriana que convierte los nutrientes y minerales del sustrato en nutrientes que pueden ser absorbidos directamente por la planta cultivada.<BR>BN-Zym cataliza el procesamiento de los restos y los devuelve al cultivo en forma de nutrientes absorbibles. El resultado es un cultivo equilibrado y una menor sensibilidad a las plagas y enfermedades.<BR>Adem\u00e1s el medio se mantiene limpio y libre de todos los componentes en exceso. Esto es importante para todos los cultivos, pero especialmente para aquellos que sean en tierra o coco reutilizados.<\/p>\n","protected":false},"featured_media":0,"comment_status":"open","ping_status":"closed","template":"","meta":{"_bst_post_transparent":"","_bst_post_title":"","_bst_post_layout":"","_bst_post_sidebar_id":"","_bst_post_content_style":"","_bst_post_vertical_padding":"","_bst_post_feature":"","_bst_post_feature_position":"","_bst_post_header":false,"_bst_post_footer":false},"pwb-brand":[169],"product_brand":[],"product_cat":[39],"product_tag":[],"class_list":{"0":"post-12391","1":"product","2":"type-product","3":"status-publish","5":"pwb-brand-bio-nova","6":"product_cat-fertilizantes","8":"first","9":"outofstock","10":"sale","11":"taxable","12":"shipping-taxable","13":"purchasable","14":"product-type-simple","15":"entry","16":"content-bg","17":"loop-entry"},"brands":[{"id":169,"name":"Bio Nova","slug":"bio-nova"}],"_links":{"self":[{"href":"https:\/\/puregrowshop.com\/fr\/wp-json\/wp\/v2\/product\/12391","targetHints":{"allow":["GET"]}}],"collection":[{"href":"https:\/\/puregrowshop.com\/fr\/wp-json\/wp\/v2\/product"}],"about":[{"href":"https:\/\/puregrowshop.com\/fr\/wp-json\/wp\/v2\/types\/product"}],"replies":[{"embeddable":true,"href":"https:\/\/puregrowshop.com\/fr\/wp-json\/wp\/v2\/comments?post=12391"}],"wp:attachment":[{"href":"https:\/\/puregrowshop.com\/fr\/wp-json\/wp\/v2\/media?parent=12391"}],"wp:term":[{"taxonomy":"pwb-brand","embeddable":true,"href":"https:\/\/puregrowshop.com\/fr\/wp-json\/wp\/v2\/pwb-brand?post=12391"},{"taxonomy":"product_brand","embeddable":true,"href":"https:\/\/puregrowshop.com\/fr\/wp-json\/wp\/v2\/product_brand?post=12391"},{"taxonomy":"product_cat","embeddable":true,"href":"https:\/\/puregrowshop.com\/fr\/wp-json\/wp\/v2\/product_cat?post=12391"},{"taxonomy":"product_tag","embeddable":true,"href":"https:\/\/puregrowshop.com\/fr\/wp-json\/wp\/v2\/product_tag?post=12391"}],"curies":[{"name":"wp","href":"https:\/\/api.w.org\/{rel}","templated":true}]}}