{"id":12389,"date":"2024-10-28T20:01:59","date_gmt":"2024-10-28T20:01:59","guid":{"rendered":"https:\/\/puregrowshop.com\/tlm-missing-link-250-ml-bio-nova\/"},"modified":"2025-12-27T20:12:16","modified_gmt":"2025-12-27T20:12:16","slug":"tlm-missing-link-250-ml-bio-nova","status":"publish","type":"product","link":"https:\/\/puregrowshop.com\/fr\/tlm-missing-link-250-ml-bio-nova\/","title":{"rendered":"TLM Missing Link 250 ml. Bio Nova"},"content":{"rendered":"<p><P>DOSIFICACI\u00d3N:<BR>Su uso es f\u00e1cil<BR>TML en una d\u00f3sis de 1:2000 (50 ml. por cada 100 l.) continuamenta o semanalmente en una<BR>d\u00f3sis de 1:500 (200 ml por cada 100 l.) en uno de los riegos semanales.<BR>Pulverizado: d\u00f3sis 1:1000 (1 ml. por litro de disoluci\u00f3n). La sobred\u00f3sis es imposible.<BR>TML debe ser aplicado desde la primera semana hasta la semana final de floraci\u00f3n.<BR>TML se puede mezclar con todos los fertilizantes.<\/P><\/p>\n","protected":false},"excerpt":{"rendered":"<p><P>El producto de Bio Nova salido de su laboratorio, protege las plantas de influencias externas y estimula el sistema de defensa natural de la planta lo que produce un aumento demostrable de los rendimientos.<BR>The Missing Link consiste en un gran n\u00famero de elementos traza que son esenciales para el crecimiento y la floraci\u00f3n de muchos seres vivientes del planeta como resultado del proceso de millones de a\u00f1os de absorci\u00f3n y liberaci\u00f3n por las plantas los animales, la actividad microbiana etc.,<BR>En la actualidad se hacen los cultivos en todo tipo de suelos, en algunos caso sobreutilizados.<BR>No se tienen en cuenta las necesidades de los cultivos y las leyes de la naturaleza. Esto lleva a deficiencias, que resultan en un aumento de las plagas y enfermedades entre animales, plantas e incluso seres humanos. Como resultado de estas deficiencias de nutrientes esenciales, los organismos no son capaces de desarrollarse completamente.<BR>La administraci\u00f3n de estos nutrientes esenciales lleva a unos efectos positivos sin precedentes en la calidad y en los rendimientos en los cultivos en los que se ha usado. Este producto llena el hueco en la cadena alimenticia que no ha sido descubierto anteriormente. Por eso llamamos a este producto The Missing Link\u2026<BR>The Missing Link puede ser usado en combinaci\u00f3n con X-ceL. Estos dos productos hacen una combinaci\u00f3n ideal para los periodos de crecimiento y floraci\u00f3n.<\/P><br \/><P>&nbsp;<\/P><\/p>\n","protected":false},"featured_media":11451,"comment_status":"open","ping_status":"closed","template":"","meta":{"_bst_post_transparent":"","_bst_post_title":"","_bst_post_layout":"","_bst_post_sidebar_id":"","_bst_post_content_style":"","_bst_post_vertical_padding":"","_bst_post_feature":"","_bst_post_feature_position":"","_bst_post_header":false,"_bst_post_footer":false},"pwb-brand":[169],"product_brand":[],"product_cat":[39],"product_tag":[],"class_list":{"0":"post-12389","1":"product","2":"type-product","3":"status-publish","4":"has-post-thumbnail","6":"pwb-brand-bio-nova","7":"product_cat-fertilizantes","9":"first","10":"instock","11":"sale","12":"taxable","13":"shipping-taxable","14":"purchasable","15":"product-type-simple","16":"entry","17":"content-bg","18":"loop-entry"},"brands":[{"id":169,"name":"Bio Nova","slug":"bio-nova"}],"_links":{"self":[{"href":"https:\/\/puregrowshop.com\/fr\/wp-json\/wp\/v2\/product\/12389","targetHints":{"allow":["GET"]}}],"collection":[{"href":"https:\/\/puregrowshop.com\/fr\/wp-json\/wp\/v2\/product"}],"about":[{"href":"https:\/\/puregrowshop.com\/fr\/wp-json\/wp\/v2\/types\/product"}],"replies":[{"embeddable":true,"href":"https:\/\/puregrowshop.com\/fr\/wp-json\/wp\/v2\/comments?post=12389"}],"wp:featuredmedia":[{"embeddable":true,"href":"https:\/\/puregrowshop.com\/fr\/wp-json\/wp\/v2\/media\/11451"}],"wp:attachment":[{"href":"https:\/\/puregrowshop.com\/fr\/wp-json\/wp\/v2\/media?parent=12389"}],"wp:term":[{"taxonomy":"pwb-brand","embeddable":true,"href":"https:\/\/puregrowshop.com\/fr\/wp-json\/wp\/v2\/pwb-brand?post=12389"},{"taxonomy":"product_brand","embeddable":true,"href":"https:\/\/puregrowshop.com\/fr\/wp-json\/wp\/v2\/product_brand?post=12389"},{"taxonomy":"product_cat","embeddable":true,"href":"https:\/\/puregrowshop.com\/fr\/wp-json\/wp\/v2\/product_cat?post=12389"},{"taxonomy":"product_tag","embeddable":true,"href":"https:\/\/puregrowshop.com\/fr\/wp-json\/wp\/v2\/product_tag?post=12389"}],"curies":[{"name":"wp","href":"https:\/\/api.w.org\/{rel}","templated":true}]}}