{"id":12387,"date":"2024-10-28T20:01:59","date_gmt":"2024-10-28T20:01:59","guid":{"rendered":"https:\/\/puregrowshop.com\/bioprotect-120-ml-green-hope\/"},"modified":"2026-02-06T09:22:44","modified_gmt":"2026-02-06T09:22:44","slug":"bioprotect-120-ml-green-hope","status":"publish","type":"product","link":"https:\/\/puregrowshop.com\/fr\/bioprotect-120-ml-green-hope\/","title":{"rendered":"BioProtect 120 ml. Green Hope"},"content":{"rendered":"<p><STRONG>Plantas m\u00e1s sanas y grandes <BR><\/STRONG>BioProtect es un estimulador formulado en alta concentraci\u00f3n y producido a partir de extractos naturales de plantas altamente concentrados, de manera 100% biol\u00f3gica, para aumentar el crecimiento y la floraci\u00f3n, y tambi\u00e9n para mejorar el aroma y el sabor. Producto ultraconcentrado, 100% biol\u00f3gico <BR><BR><STRONG>Producto ultraconcentrado.<\/STRONG> Dosis de 1ml por 10 litros de soluci\u00f3n. Recomendado para sistemas hidrop\u00f3nicos recirculantes. Para tierra, coco o sistemas pasivos, las dosis podr\u00e1n verse incrementadas<\/p>\n","protected":false},"excerpt":{"rendered":"<p>Act\u00faa estimulando el sistema defensivo de la planta. Aumenta la producci\u00f3n de alcaloides naturales repelentes. Se aplica en spray con temperatura baja y humedad alta.<\/p>\n","protected":false},"featured_media":11447,"comment_status":"open","ping_status":"closed","template":"","meta":{"_bst_post_transparent":"","_bst_post_title":"","_bst_post_layout":"","_bst_post_sidebar_id":"","_bst_post_content_style":"","_bst_post_vertical_padding":"","_bst_post_feature":"","_bst_post_feature_position":"","_bst_post_header":false,"_bst_post_footer":false},"pwb-brand":[168],"product_brand":[],"product_cat":[39],"product_tag":[],"class_list":{"0":"post-12387","1":"product","2":"type-product","3":"status-publish","4":"has-post-thumbnail","6":"pwb-brand-green-hope","7":"product_cat-fertilizantes","9":"first","10":"outofstock","11":"sale","12":"taxable","13":"shipping-taxable","14":"purchasable","15":"product-type-simple","16":"entry","17":"content-bg","18":"loop-entry"},"brands":[{"id":168,"name":"Green Hope","slug":"green-hope"}],"_links":{"self":[{"href":"https:\/\/puregrowshop.com\/fr\/wp-json\/wp\/v2\/product\/12387","targetHints":{"allow":["GET"]}}],"collection":[{"href":"https:\/\/puregrowshop.com\/fr\/wp-json\/wp\/v2\/product"}],"about":[{"href":"https:\/\/puregrowshop.com\/fr\/wp-json\/wp\/v2\/types\/product"}],"replies":[{"embeddable":true,"href":"https:\/\/puregrowshop.com\/fr\/wp-json\/wp\/v2\/comments?post=12387"}],"wp:featuredmedia":[{"embeddable":true,"href":"https:\/\/puregrowshop.com\/fr\/wp-json\/wp\/v2\/media\/11447"}],"wp:attachment":[{"href":"https:\/\/puregrowshop.com\/fr\/wp-json\/wp\/v2\/media?parent=12387"}],"wp:term":[{"taxonomy":"pwb-brand","embeddable":true,"href":"https:\/\/puregrowshop.com\/fr\/wp-json\/wp\/v2\/pwb-brand?post=12387"},{"taxonomy":"product_brand","embeddable":true,"href":"https:\/\/puregrowshop.com\/fr\/wp-json\/wp\/v2\/product_brand?post=12387"},{"taxonomy":"product_cat","embeddable":true,"href":"https:\/\/puregrowshop.com\/fr\/wp-json\/wp\/v2\/product_cat?post=12387"},{"taxonomy":"product_tag","embeddable":true,"href":"https:\/\/puregrowshop.com\/fr\/wp-json\/wp\/v2\/product_tag?post=12387"}],"curies":[{"name":"wp","href":"https:\/\/api.w.org\/{rel}","templated":true}]}}