{"id":12376,"date":"2024-10-28T20:01:55","date_gmt":"2024-10-28T20:01:55","guid":{"rendered":"https:\/\/puregrowshop.com\/pure-zym-250-ml-plagron\/"},"modified":"2025-12-27T20:12:03","modified_gmt":"2025-12-27T20:12:03","slug":"pure-zym-250-ml-plagron","status":"publish","type":"product","link":"https:\/\/puregrowshop.com\/fr\/pure-zym-250-ml-plagron\/","title":{"rendered":"Pure Zym   250 ml. Plagron"},"content":{"rendered":"<p>Pure Zym es un mejorador de suelos a base de enzimas naturales. Promueve la descomposici\u00f3n acelerada de material vegetal muerto, as\u00ed que liberan nutrientes adicionales que estimulan la vida del suelo. Pure Zym tambi\u00e9n aumenta la capacidad de absorber ox\u00edgeno.<\/p>\n<p>Dosificaci\u00f3n y uso<br \/>Agitar bien antes de usar. A\u00f1adir 1 ml de Pure Zym por 1 litro de agua (1:1000). Utilice esta soluci\u00f3n en cada riego durante todo el per\u00edodo de cultivo.<\/p>\n<p>Caracter\u00edsticas<br \/>Soluci\u00f3n de enzima estabilizada.<\/p>\n","protected":false},"excerpt":{"rendered":"<p>&#8211; Acelera la absorci\u00f3n de nutrientes.<br \/>&#8211; Proporciona protecci\u00f3n contra la acumulaci\u00f3n de sales nocivas.<br \/>&#8211; Aumenta la capacidad de absorci\u00f3n de ox\u00edgeno.<br \/>&#8211; R\u00e1pida ingesta de nutrici\u00f3n para un fuerte crecimiento y floraci\u00f3n.<\/p>\n","protected":false},"featured_media":11425,"comment_status":"open","ping_status":"closed","template":"","meta":{"_bst_post_transparent":"","_bst_post_title":"","_bst_post_layout":"","_bst_post_sidebar_id":"","_bst_post_content_style":"","_bst_post_vertical_padding":"","_bst_post_feature":"","_bst_post_feature_position":"","_bst_post_header":false,"_bst_post_footer":false},"pwb-brand":[167],"product_brand":[],"product_cat":[39],"product_tag":[],"class_list":{"0":"post-12376","1":"product","2":"type-product","3":"status-publish","4":"has-post-thumbnail","6":"pwb-brand-plagron","7":"product_cat-fertilizantes","9":"first","10":"instock","11":"sale","12":"taxable","13":"shipping-taxable","14":"purchasable","15":"product-type-simple","16":"entry","17":"content-bg","18":"loop-entry"},"brands":[{"id":167,"name":"Plagron","slug":"plagron"}],"_links":{"self":[{"href":"https:\/\/puregrowshop.com\/fr\/wp-json\/wp\/v2\/product\/12376","targetHints":{"allow":["GET"]}}],"collection":[{"href":"https:\/\/puregrowshop.com\/fr\/wp-json\/wp\/v2\/product"}],"about":[{"href":"https:\/\/puregrowshop.com\/fr\/wp-json\/wp\/v2\/types\/product"}],"replies":[{"embeddable":true,"href":"https:\/\/puregrowshop.com\/fr\/wp-json\/wp\/v2\/comments?post=12376"}],"wp:featuredmedia":[{"embeddable":true,"href":"https:\/\/puregrowshop.com\/fr\/wp-json\/wp\/v2\/media\/11425"}],"wp:attachment":[{"href":"https:\/\/puregrowshop.com\/fr\/wp-json\/wp\/v2\/media?parent=12376"}],"wp:term":[{"taxonomy":"pwb-brand","embeddable":true,"href":"https:\/\/puregrowshop.com\/fr\/wp-json\/wp\/v2\/pwb-brand?post=12376"},{"taxonomy":"product_brand","embeddable":true,"href":"https:\/\/puregrowshop.com\/fr\/wp-json\/wp\/v2\/product_brand?post=12376"},{"taxonomy":"product_cat","embeddable":true,"href":"https:\/\/puregrowshop.com\/fr\/wp-json\/wp\/v2\/product_cat?post=12376"},{"taxonomy":"product_tag","embeddable":true,"href":"https:\/\/puregrowshop.com\/fr\/wp-json\/wp\/v2\/product_tag?post=12376"}],"curies":[{"name":"wp","href":"https:\/\/api.w.org\/{rel}","templated":true}]}}