{"id":12375,"date":"2024-10-28T20:01:55","date_gmt":"2024-10-28T20:01:55","guid":{"rendered":"https:\/\/puregrowshop.com\/vita-race-100-ml-plagron\/"},"modified":"2025-12-27T20:12:03","modified_gmt":"2025-12-27T20:12:03","slug":"vita-race-100-ml-plagron","status":"publish","type":"product","link":"https:\/\/puregrowshop.com\/fr\/vita-race-100-ml-plagron\/","title":{"rendered":"Vita Race   100 ml. Plagron"},"content":{"rendered":"<p>Vita Race es un espray de hierro para la fase de crecimiento y las tres primeras semanas de la fase de floraci\u00f3n. El hierro es un componente importante de la clorofila. Estimula el proceso de fotos\u00edntesis de la clorofila hace que las plantas tengan un aspecto saludable y verde. Por lo tanto, la planta puede producir f\u00e1cilmente la energ\u00eda para el crecimiento y la floraci\u00f3n, lo cual garantiza un resultado final \u00f3ptimo.<\/p>\n<p>Dosificaci\u00f3n y uso<br \/>Agitar bien antes de usar. A\u00f1adir un m\u00e1ximo de 5 ml de Vita Race por 1 litro de agua (1:200). Pulverizar las plantas semanales con esta soluci\u00f3n de nutrientes, hasta e incluyendo la tercera semana de la fase de floraci\u00f3n. Para obtener resultados \u00f3ptimos aplica lo suficiente hasta que el l\u00edquido gotea de las hojas.<\/p>\n<p>Caracter\u00edsticas<br \/>Abono NPK (0-5-8)<br \/>8% Hierro (Fe)<\/p>\n","protected":false},"excerpt":{"rendered":"<p>&#8211; Espray de hierro para las fases de crecimiento y floraci\u00f3n.<br \/>&#8211; Estimula la producci\u00f3n de la clorofila.<br \/>&#8211; Estimula y acelera el crecimiento y la floraci\u00f3n.<br \/>&#8211; Mejora la resistencia.<\/p>\n","protected":false},"featured_media":11423,"comment_status":"open","ping_status":"closed","template":"","meta":{"_bst_post_transparent":"","_bst_post_title":"","_bst_post_layout":"","_bst_post_sidebar_id":"","_bst_post_content_style":"","_bst_post_vertical_padding":"","_bst_post_feature":"","_bst_post_feature_position":"","_bst_post_header":false,"_bst_post_footer":false},"pwb-brand":[167],"product_brand":[],"product_cat":[39],"product_tag":[],"class_list":{"0":"post-12375","1":"product","2":"type-product","3":"status-publish","4":"has-post-thumbnail","6":"pwb-brand-plagron","7":"product_cat-fertilizantes","9":"first","10":"outofstock","11":"sale","12":"taxable","13":"shipping-taxable","14":"purchasable","15":"product-type-simple","16":"entry","17":"content-bg","18":"loop-entry"},"brands":[{"id":167,"name":"Plagron","slug":"plagron"}],"_links":{"self":[{"href":"https:\/\/puregrowshop.com\/fr\/wp-json\/wp\/v2\/product\/12375","targetHints":{"allow":["GET"]}}],"collection":[{"href":"https:\/\/puregrowshop.com\/fr\/wp-json\/wp\/v2\/product"}],"about":[{"href":"https:\/\/puregrowshop.com\/fr\/wp-json\/wp\/v2\/types\/product"}],"replies":[{"embeddable":true,"href":"https:\/\/puregrowshop.com\/fr\/wp-json\/wp\/v2\/comments?post=12375"}],"wp:featuredmedia":[{"embeddable":true,"href":"https:\/\/puregrowshop.com\/fr\/wp-json\/wp\/v2\/media\/11423"}],"wp:attachment":[{"href":"https:\/\/puregrowshop.com\/fr\/wp-json\/wp\/v2\/media?parent=12375"}],"wp:term":[{"taxonomy":"pwb-brand","embeddable":true,"href":"https:\/\/puregrowshop.com\/fr\/wp-json\/wp\/v2\/pwb-brand?post=12375"},{"taxonomy":"product_brand","embeddable":true,"href":"https:\/\/puregrowshop.com\/fr\/wp-json\/wp\/v2\/product_brand?post=12375"},{"taxonomy":"product_cat","embeddable":true,"href":"https:\/\/puregrowshop.com\/fr\/wp-json\/wp\/v2\/product_cat?post=12375"},{"taxonomy":"product_tag","embeddable":true,"href":"https:\/\/puregrowshop.com\/fr\/wp-json\/wp\/v2\/product_tag?post=12375"}],"curies":[{"name":"wp","href":"https:\/\/api.w.org\/{rel}","templated":true}]}}