{"id":12374,"date":"2024-10-28T20:01:55","date_gmt":"2024-10-28T20:01:55","guid":{"rendered":"https:\/\/puregrowshop.com\/power-roots-1-lt-plagron\/"},"modified":"2025-12-27T20:12:03","modified_gmt":"2025-12-27T20:12:03","slug":"power-roots-1-lt-plagron","status":"publish","type":"product","link":"https:\/\/puregrowshop.com\/fr\/power-roots-1-lt-plagron\/","title":{"rendered":"Power Roots  1 lt. Plagron"},"content":{"rendered":"<p>Power Roots es un estimulador de ra\u00edces. Este estimulador se utiliza en la fase de crecimiento y las semanas iniciales de la fase de floraci\u00f3n. Power Roots estimula el crecimiento ra\u00edces y aumenta la resistencia de la planta. Funciona de manera r\u00e1pida, es econ\u00f3mico y de absorci\u00f3n inmediata. Power Roots asegura el desarrollo de plantas fuertes.<\/p>\n<p>Dosificaci\u00f3n y uso<br \/>Agitar bien antes de usar. A\u00f1adir 1 ml de Power Roots por 1 litro de agua (1: 1000). Utilice esta soluci\u00f3n en cada riego hasta la cuarta semana de la fase de floraci\u00f3n.<\/p>\n<p>Caracter\u00edsticas<br \/>Abono NPK (0-0-2)<\/p>\n","protected":false},"excerpt":{"rendered":"<p>&#8211; Estimula el crecimiento de las ra\u00edces y aumenta la resistencia.<br \/>&#8211; Desarrollo r\u00e1pido y vigoroso de las ra\u00edces.<br \/>&#8211; R\u00e1pida recuperaci\u00f3n despu\u00e9s del trasplante.<br \/>&#8211; Id\u00f3neo para todo tipo de sistemas de riego.<br \/>&#8211; Mejora la absorci\u00f3n de nutrientes y la estructura del suelo.<\/p>\n","protected":false},"featured_media":11421,"comment_status":"open","ping_status":"closed","template":"","meta":{"_bst_post_transparent":"","_bst_post_title":"","_bst_post_layout":"","_bst_post_sidebar_id":"","_bst_post_content_style":"","_bst_post_vertical_padding":"","_bst_post_feature":"","_bst_post_feature_position":"","_bst_post_header":false,"_bst_post_footer":false},"pwb-brand":[167],"product_brand":[],"product_cat":[39],"product_tag":[],"class_list":{"0":"post-12374","1":"product","2":"type-product","3":"status-publish","4":"has-post-thumbnail","6":"pwb-brand-plagron","7":"product_cat-fertilizantes","9":"first","10":"instock","11":"sale","12":"taxable","13":"shipping-taxable","14":"purchasable","15":"product-type-simple","16":"entry","17":"content-bg","18":"loop-entry"},"brands":[{"id":167,"name":"Plagron","slug":"plagron"}],"_links":{"self":[{"href":"https:\/\/puregrowshop.com\/fr\/wp-json\/wp\/v2\/product\/12374","targetHints":{"allow":["GET"]}}],"collection":[{"href":"https:\/\/puregrowshop.com\/fr\/wp-json\/wp\/v2\/product"}],"about":[{"href":"https:\/\/puregrowshop.com\/fr\/wp-json\/wp\/v2\/types\/product"}],"replies":[{"embeddable":true,"href":"https:\/\/puregrowshop.com\/fr\/wp-json\/wp\/v2\/comments?post=12374"}],"wp:featuredmedia":[{"embeddable":true,"href":"https:\/\/puregrowshop.com\/fr\/wp-json\/wp\/v2\/media\/11421"}],"wp:attachment":[{"href":"https:\/\/puregrowshop.com\/fr\/wp-json\/wp\/v2\/media?parent=12374"}],"wp:term":[{"taxonomy":"pwb-brand","embeddable":true,"href":"https:\/\/puregrowshop.com\/fr\/wp-json\/wp\/v2\/pwb-brand?post=12374"},{"taxonomy":"product_brand","embeddable":true,"href":"https:\/\/puregrowshop.com\/fr\/wp-json\/wp\/v2\/product_brand?post=12374"},{"taxonomy":"product_cat","embeddable":true,"href":"https:\/\/puregrowshop.com\/fr\/wp-json\/wp\/v2\/product_cat?post=12374"},{"taxonomy":"product_tag","embeddable":true,"href":"https:\/\/puregrowshop.com\/fr\/wp-json\/wp\/v2\/product_tag?post=12374"}],"curies":[{"name":"wp","href":"https:\/\/api.w.org\/{rel}","templated":true}]}}