{"id":12372,"date":"2024-10-28T20:01:55","date_gmt":"2024-10-28T20:01:55","guid":{"rendered":"https:\/\/puregrowshop.com\/bat-guano-1-lt-plagron\/"},"modified":"2025-12-27T20:11:53","modified_gmt":"2025-12-27T20:11:53","slug":"bat-guano-1-lt-plagron","status":"publish","type":"product","link":"https:\/\/puregrowshop.com\/fr\/bat-guano-1-lt-plagron\/","title":{"rendered":"Bat Guano  1 lt. Plagron"},"content":{"rendered":"<p>Bat Guano, con esti\u00e9rcol de murci\u00e9lago como ingrediente principal, es el fertilizante m\u00e1s equilibrado que puede ofrecer la naturaleza. Bat Guano estimula el desarrollo de las ra\u00edces y la vida del suelo, promueve el crecimiento saludable y la floraci\u00f3n y asegura un excelente aroma y sabor. El guano de murci\u00e9lago es natural, rico en f\u00f3sforo y potasio y garantiza un crecimiento abundante.<\/p>\n<p>Dosificaci\u00f3n y uso<br \/>Exterior: 20 kg de Bat Guano por cada 100 m2.<br \/>Tierra para macetas: 30 kg de Bat Guano por cada 1.000 litros.<\/p>\n<p>Caracter\u00edsticas<br \/>Guano de murci\u00e9lago, guano de aves marinas, extracto de vinaza.<br \/>Abono NPK (3-15-4).<\/p>\n","protected":false},"excerpt":{"rendered":"<p>&#8211; Esti\u00e9rcol de murci\u00e9lago para el mejor aroma y sabor.<br \/>&#8211; Mejora el aroma y el sabor.<br \/>&#8211; Estimula el crecimiento y la floraci\u00f3n.<br \/>&#8211; Estimula la vida del suelo.<br \/>&#8211; Este producto es adecuado para la agricultura ecol\u00f3gica (certificado CU).<\/p>\n","protected":false},"featured_media":11417,"comment_status":"open","ping_status":"closed","template":"","meta":{"_bst_post_transparent":"","_bst_post_title":"","_bst_post_layout":"","_bst_post_sidebar_id":"","_bst_post_content_style":"","_bst_post_vertical_padding":"","_bst_post_feature":"","_bst_post_feature_position":"","_bst_post_header":false,"_bst_post_footer":false},"pwb-brand":[167],"product_brand":[],"product_cat":[39],"product_tag":[],"class_list":{"0":"post-12372","1":"product","2":"type-product","3":"status-publish","4":"has-post-thumbnail","6":"pwb-brand-plagron","7":"product_cat-fertilizantes","9":"first","10":"instock","11":"sale","12":"taxable","13":"shipping-taxable","14":"purchasable","15":"product-type-simple","16":"entry","17":"content-bg","18":"loop-entry"},"brands":[{"id":167,"name":"Plagron","slug":"plagron"}],"_links":{"self":[{"href":"https:\/\/puregrowshop.com\/fr\/wp-json\/wp\/v2\/product\/12372","targetHints":{"allow":["GET"]}}],"collection":[{"href":"https:\/\/puregrowshop.com\/fr\/wp-json\/wp\/v2\/product"}],"about":[{"href":"https:\/\/puregrowshop.com\/fr\/wp-json\/wp\/v2\/types\/product"}],"replies":[{"embeddable":true,"href":"https:\/\/puregrowshop.com\/fr\/wp-json\/wp\/v2\/comments?post=12372"}],"wp:featuredmedia":[{"embeddable":true,"href":"https:\/\/puregrowshop.com\/fr\/wp-json\/wp\/v2\/media\/11417"}],"wp:attachment":[{"href":"https:\/\/puregrowshop.com\/fr\/wp-json\/wp\/v2\/media?parent=12372"}],"wp:term":[{"taxonomy":"pwb-brand","embeddable":true,"href":"https:\/\/puregrowshop.com\/fr\/wp-json\/wp\/v2\/pwb-brand?post=12372"},{"taxonomy":"product_brand","embeddable":true,"href":"https:\/\/puregrowshop.com\/fr\/wp-json\/wp\/v2\/product_brand?post=12372"},{"taxonomy":"product_cat","embeddable":true,"href":"https:\/\/puregrowshop.com\/fr\/wp-json\/wp\/v2\/product_cat?post=12372"},{"taxonomy":"product_tag","embeddable":true,"href":"https:\/\/puregrowshop.com\/fr\/wp-json\/wp\/v2\/product_tag?post=12372"}],"curies":[{"name":"wp","href":"https:\/\/api.w.org\/{rel}","templated":true}]}}