{"id":12363,"date":"2024-10-28T20:01:50","date_gmt":"2024-10-28T20:01:50","guid":{"rendered":"https:\/\/puregrowshop.com\/sugar-royal-100-ml-plagron\/"},"modified":"2025-12-27T20:11:53","modified_gmt":"2025-12-27T20:11:53","slug":"sugar-royal-100-ml-plagron","status":"publish","type":"product","link":"https:\/\/puregrowshop.com\/fr\/sugar-royal-100-ml-plagron\/","title":{"rendered":"Sugar Royal   100 ml. Plagron"},"content":{"rendered":"<p>Sugar Royal\u00a0de\u00a0Plagron, un\u00a0bio estimulador\u00a0que combina\u00a0varios amino\u00e1cidos\u00a0para favorecer la formacion de clorofila y de resina\u00a0en las\u00a0plantas de marihuana.<\/p>\n<p>Compuesto de agua y amino\u00e1cidos\u00a0como la\u00a0arginina, la\u00a0alanina\u00a0o la\u00a0lisina, el\u00a0Sugar Royal\u00a0es espec\u00edficamente eficaz desde 2 semanas antes del inicio de la floraci\u00f3n hasta una semana antes de la cosecha.<\/p>\n<p>Utilizado una vez por semana por\u00a0v\u00eda foliar o radicular, el\u00a0Sugar Royal\u00a0consigue un\u00a0aumento\u00a0de la creaci\u00f3n de\u00a0tricomas, lo que dar\u00e1 a su cosecha un\u00a0sabor mas fuerte y un efecto mas intenso\u00a0gracias a su producci\u00f3n de resina superior.<\/p>\n<p>Plagron\u00a0recomienda combinar\u00a0Sugar Royal\u00a0siempre con\u00a0Green Sensation.\u00a0Green Sensation\u00a0promueve una\u00a0abundante floraci\u00f3n, proporciona una formaci\u00f3n de frutos con una estructura celular muy s\u00f3lida,\u00a0evita enfermedades,\u00a0reduce el estr\u00e9s\u00a0de la planta y garantiza los\u00a0rendimientos m\u00e1s altos, da mejor sabor y aroma.<\/p>\n<p>Dosificaci\u00f3n:<br \/>A\u00f1adir como m\u00e1ximo 2 ml de Sugar Royal por 1 litro de agua (1:500)<br \/>Abonar Sugar Royal una vez por semana junto con el agua de riego, desde la tercera semana hasta una semana antes de la cosecha.<\/p>\n<p>Mezclar bien antes del uso<\/p>\n","protected":false},"excerpt":{"rendered":"<p>Sugar Royal\u00a0es un\u00a0estimulador biol\u00f3gico\u00a0de gran alcance sobre la base de los amino\u00e1cidos.\u00a0Estimula la producci\u00f3n de clorofila\u00a0y por lo tanto la\u00a0formaci\u00f3n de resina\/cristales. Con ello se garantiza el\u00a0mejor sabor y el gusto\u00a0y se incrementa la actividad.<\/p>\n","protected":false},"featured_media":11399,"comment_status":"open","ping_status":"closed","template":"","meta":{"_bst_post_transparent":"","_bst_post_title":"","_bst_post_layout":"","_bst_post_sidebar_id":"","_bst_post_content_style":"","_bst_post_vertical_padding":"","_bst_post_feature":"","_bst_post_feature_position":"","_bst_post_header":false,"_bst_post_footer":false},"pwb-brand":[167],"product_brand":[],"product_cat":[39],"product_tag":[],"class_list":{"0":"post-12363","1":"product","2":"type-product","3":"status-publish","4":"has-post-thumbnail","6":"pwb-brand-plagron","7":"product_cat-fertilizantes","9":"first","10":"instock","11":"sale","12":"taxable","13":"shipping-taxable","14":"purchasable","15":"product-type-simple","16":"entry","17":"content-bg","18":"loop-entry"},"brands":[{"id":167,"name":"Plagron","slug":"plagron"}],"_links":{"self":[{"href":"https:\/\/puregrowshop.com\/fr\/wp-json\/wp\/v2\/product\/12363","targetHints":{"allow":["GET"]}}],"collection":[{"href":"https:\/\/puregrowshop.com\/fr\/wp-json\/wp\/v2\/product"}],"about":[{"href":"https:\/\/puregrowshop.com\/fr\/wp-json\/wp\/v2\/types\/product"}],"replies":[{"embeddable":true,"href":"https:\/\/puregrowshop.com\/fr\/wp-json\/wp\/v2\/comments?post=12363"}],"wp:featuredmedia":[{"embeddable":true,"href":"https:\/\/puregrowshop.com\/fr\/wp-json\/wp\/v2\/media\/11399"}],"wp:attachment":[{"href":"https:\/\/puregrowshop.com\/fr\/wp-json\/wp\/v2\/media?parent=12363"}],"wp:term":[{"taxonomy":"pwb-brand","embeddable":true,"href":"https:\/\/puregrowshop.com\/fr\/wp-json\/wp\/v2\/pwb-brand?post=12363"},{"taxonomy":"product_brand","embeddable":true,"href":"https:\/\/puregrowshop.com\/fr\/wp-json\/wp\/v2\/product_brand?post=12363"},{"taxonomy":"product_cat","embeddable":true,"href":"https:\/\/puregrowshop.com\/fr\/wp-json\/wp\/v2\/product_cat?post=12363"},{"taxonomy":"product_tag","embeddable":true,"href":"https:\/\/puregrowshop.com\/fr\/wp-json\/wp\/v2\/product_tag?post=12363"}],"curies":[{"name":"wp","href":"https:\/\/api.w.org\/{rel}","templated":true}]}}