{"id":12359,"date":"2024-10-28T20:01:49","date_gmt":"2024-10-28T20:01:49","guid":{"rendered":"https:\/\/puregrowshop.com\/alga-grow-250-ml-plagron\/"},"modified":"2026-02-05T09:23:56","modified_gmt":"2026-02-05T09:23:56","slug":"alga-grow-250-ml-plagron","status":"publish","type":"product","link":"https:\/\/puregrowshop.com\/fr\/alga-grow-250-ml-plagron\/","title":{"rendered":"Alga Grow   250 ml. Plagron"},"content":{"rendered":"<p>Fertilizante a base de algas para la fase de crecimiento<\/p>\n<p>Alga Grow es un abono b\u00e1sico org\u00e1nico especialmente desarrollado para cultivos en tierra y se utiliza en la fase de crecimiento. Su composici\u00f3n a base de algas marinas garantiza un crecimiento de la planta sano y estable, y promueve un buen desarrollo de las ra\u00edces. Alga Grow forma una base s\u00f3lida para que la planta florezca abundantemente en una fase posterior.<\/p>\n<p>Uso<br \/>Agitar bien antes de utilizar. A\u00f1adir como m\u00e1ximo 4 ml de Alga Grow por 1 litro de agua (1:250). Utiliza esta soluci\u00f3n en cada riego durante la fase de crecimiento.<\/p>\n<p>Conservar<br \/>Transportar en posici\u00f3n vertical y almacenar en un lugar oscuro. Temperatura de almacenamiento: 0 \u2013 30 \u00b0C. Despu\u00e9s de su disoluci\u00f3n en agua, se puede conservar durante un m\u00e1ximo de 24 horas.<\/p>\n<p>Aviso<br \/>R 36\/38: irrita los ojos y la piel.<\/p>\n<p>Composici\u00f3n<br \/>Agua, vinaza de remolacha, amino\u00e1cidos y extractos de algas. Abono org\u00e1nico NPK (6-10-8). 6% De nitr\u00f3geno total (N) del cual 6% De nitr\u00f3geno org\u00e1nico, 10% de pent\u00f3xido de f\u00f3sforo (P2O5) soluble en agua y 8% de \u00f3xido de potasio (K2O) soluble en agua.<\/p>\n","protected":false},"excerpt":{"rendered":"<p>Fertilizante a base de algas para la fase de crecimiento<\/p>\n<p>Alga Grow es un abono b\u00e1sico org\u00e1nico especialmente desarrollado para cultivos en tierra y se utiliza en la fase de crecimiento. Su composici\u00f3n a base de algas marinas <\/p>\n","protected":false},"featured_media":11391,"comment_status":"open","ping_status":"closed","template":"","meta":{"_bst_post_transparent":"","_bst_post_title":"","_bst_post_layout":"","_bst_post_sidebar_id":"","_bst_post_content_style":"","_bst_post_vertical_padding":"","_bst_post_feature":"","_bst_post_feature_position":"","_bst_post_header":false,"_bst_post_footer":false},"pwb-brand":[167],"product_brand":[],"product_cat":[39],"product_tag":[],"class_list":{"0":"post-12359","1":"product","2":"type-product","3":"status-publish","4":"has-post-thumbnail","6":"pwb-brand-plagron","7":"product_cat-fertilizantes","9":"first","10":"instock","11":"sale","12":"taxable","13":"shipping-taxable","14":"purchasable","15":"product-type-simple","16":"entry","17":"content-bg","18":"loop-entry"},"brands":[{"id":167,"name":"Plagron","slug":"plagron"}],"_links":{"self":[{"href":"https:\/\/puregrowshop.com\/fr\/wp-json\/wp\/v2\/product\/12359","targetHints":{"allow":["GET"]}}],"collection":[{"href":"https:\/\/puregrowshop.com\/fr\/wp-json\/wp\/v2\/product"}],"about":[{"href":"https:\/\/puregrowshop.com\/fr\/wp-json\/wp\/v2\/types\/product"}],"replies":[{"embeddable":true,"href":"https:\/\/puregrowshop.com\/fr\/wp-json\/wp\/v2\/comments?post=12359"}],"wp:featuredmedia":[{"embeddable":true,"href":"https:\/\/puregrowshop.com\/fr\/wp-json\/wp\/v2\/media\/11391"}],"wp:attachment":[{"href":"https:\/\/puregrowshop.com\/fr\/wp-json\/wp\/v2\/media?parent=12359"}],"wp:term":[{"taxonomy":"pwb-brand","embeddable":true,"href":"https:\/\/puregrowshop.com\/fr\/wp-json\/wp\/v2\/pwb-brand?post=12359"},{"taxonomy":"product_brand","embeddable":true,"href":"https:\/\/puregrowshop.com\/fr\/wp-json\/wp\/v2\/product_brand?post=12359"},{"taxonomy":"product_cat","embeddable":true,"href":"https:\/\/puregrowshop.com\/fr\/wp-json\/wp\/v2\/product_cat?post=12359"},{"taxonomy":"product_tag","embeddable":true,"href":"https:\/\/puregrowshop.com\/fr\/wp-json\/wp\/v2\/product_tag?post=12359"}],"curies":[{"name":"wp","href":"https:\/\/api.w.org\/{rel}","templated":true}]}}