{"id":12357,"date":"2024-10-28T20:01:49","date_gmt":"2024-10-28T20:01:49","guid":{"rendered":"https:\/\/puregrowshop.com\/supermix-1-lt-plagron\/"},"modified":"2025-12-27T20:11:45","modified_gmt":"2025-12-27T20:11:45","slug":"supermix-1-lt-plagron","status":"publish","type":"product","link":"https:\/\/puregrowshop.com\/fr\/supermix-1-lt-plagron\/","title":{"rendered":"Supermix  1 lt. Plagron"},"content":{"rendered":"<p>Composici\u00f3n y caracter\u00edsticas de PLAGRON SuperMix :<\/p>\n<p>&#8211; Abono de lombriz, magn\u00edfico fertilizante natural, completo y muy equilibrado.<br \/>&#8211; Guano de murci\u00e9lago, rico en f\u00f3sforo natural.<br \/>&#8211; Vitaminas, minerales y oligoelementos varios para la alimentaci\u00f3n y crecimiento de las plantas.<br \/>&#8211; Hongos y bacterias beneficiosas que se establecen en el sustrato de cultivo produci\u00e9ndose una simbiosis natural con las ra\u00edces de la planta a la que ayudan descomponiendo nutrientes para una mejor y m\u00e1s f\u00e1cil asimilaci\u00f3n de los mismos.<br \/>&#8211; Harina de restos de aves, rico en nitr\u00f3geno de disoluci\u00f3n lenta.<br \/>&#8211; Harina de algas marinas, excelente aporte de minerales, amino\u00e1cidos y fitohormonas naturales.<br \/>&#8211; Algas rojas calcificadas (Maerl) de alto contenido en calcio, magnesio y oligoelementos. Los componentes de esta alga ayudan a estabilizar el pH del sustrato de cultivo mejorando la absorci\u00f3n de nutrientes.<br \/>&#8211; Bactosol, nutriente natural compuesto de mycelium y hongos.<br \/>&#8211; Harina de basalto, aporta polvo de s\u00edlice que ayuda a estructurar suelos muy arcillosos, y refuerza y da vigor a las plantas previniendo enfermedades y plagas.<br \/>&#8211; Harina de lava, magma solidificado, rico en minerales, ayuda a estabilizar el pH del suelo.<br \/>&#8211; Bentonita, arcilla natural con una gran absorci\u00f3n y retenci\u00f3n h\u00eddrica, ayuda a mantener la humedad de la tierra.<\/p>\n","protected":false},"excerpt":{"rendered":"<p>PLAGRON SuperMix es un fertilizante en polvo mezcla de distintos abonos org\u00e1nicos escogidos especialmente para nutrir todo tipo de tierras y favorecer tanto el crecimiento y como la floraci\u00f3n de las plantas. Contiene una proporcial ideal de nutrientes. Destaca el aporte y estimulaci\u00f3n de vida en el suelo de cultivo en forma de hongos y baterias beneficiosas. Activa las defensas naturales de las plantas incrementan la resistencia de las mismas a plagas y enfermedades. <\/p>\n","protected":false},"featured_media":11387,"comment_status":"open","ping_status":"closed","template":"","meta":{"_bst_post_transparent":"","_bst_post_title":"","_bst_post_layout":"","_bst_post_sidebar_id":"","_bst_post_content_style":"","_bst_post_vertical_padding":"","_bst_post_feature":"","_bst_post_feature_position":"","_bst_post_header":false,"_bst_post_footer":false},"pwb-brand":[167],"product_brand":[],"product_cat":[39],"product_tag":[],"class_list":{"0":"post-12357","1":"product","2":"type-product","3":"status-publish","4":"has-post-thumbnail","6":"pwb-brand-plagron","7":"product_cat-fertilizantes","9":"first","10":"instock","11":"sale","12":"taxable","13":"shipping-taxable","14":"purchasable","15":"product-type-simple","16":"entry","17":"content-bg","18":"loop-entry"},"brands":[{"id":167,"name":"Plagron","slug":"plagron"}],"_links":{"self":[{"href":"https:\/\/puregrowshop.com\/fr\/wp-json\/wp\/v2\/product\/12357","targetHints":{"allow":["GET"]}}],"collection":[{"href":"https:\/\/puregrowshop.com\/fr\/wp-json\/wp\/v2\/product"}],"about":[{"href":"https:\/\/puregrowshop.com\/fr\/wp-json\/wp\/v2\/types\/product"}],"replies":[{"embeddable":true,"href":"https:\/\/puregrowshop.com\/fr\/wp-json\/wp\/v2\/comments?post=12357"}],"wp:featuredmedia":[{"embeddable":true,"href":"https:\/\/puregrowshop.com\/fr\/wp-json\/wp\/v2\/media\/11387"}],"wp:attachment":[{"href":"https:\/\/puregrowshop.com\/fr\/wp-json\/wp\/v2\/media?parent=12357"}],"wp:term":[{"taxonomy":"pwb-brand","embeddable":true,"href":"https:\/\/puregrowshop.com\/fr\/wp-json\/wp\/v2\/pwb-brand?post=12357"},{"taxonomy":"product_brand","embeddable":true,"href":"https:\/\/puregrowshop.com\/fr\/wp-json\/wp\/v2\/product_brand?post=12357"},{"taxonomy":"product_cat","embeddable":true,"href":"https:\/\/puregrowshop.com\/fr\/wp-json\/wp\/v2\/product_cat?post=12357"},{"taxonomy":"product_tag","embeddable":true,"href":"https:\/\/puregrowshop.com\/fr\/wp-json\/wp\/v2\/product_tag?post=12357"}],"curies":[{"name":"wp","href":"https:\/\/api.w.org\/{rel}","templated":true}]}}