{"id":12353,"date":"2024-10-28T20:01:48","date_gmt":"2024-10-28T20:01:48","guid":{"rendered":"https:\/\/puregrowshop.com\/pure-zym-500-ml-plagron\/"},"modified":"2026-02-05T09:23:40","modified_gmt":"2026-02-05T09:23:40","slug":"pure-zym-500-ml-plagron","status":"publish","type":"product","link":"https:\/\/puregrowshop.com\/fr\/pure-zym-500-ml-plagron\/","title":{"rendered":"Pure Zym   500 ml. Plagron"},"content":{"rendered":"<p><strong style=\"font-family: var(--global-body-font-family)\">Pure Zym 500 ml de Plagron<\/strong><span style=\"font-family: var(--global-body-font-family)\"> es un potenciador de crecimiento y floraci\u00f3n 100% natural especialmente dise\u00f1ado para mejorar la estructura del suelo y optimizar la absorci\u00f3n de nutrientes en los cultivos. Este producto es ideal para cultivadores que buscan maximizar el rendimiento de sus plantas, reduciendo a la vez los desechos org\u00e1nicos acumulados en el sustrato gracias a su alta concentraci\u00f3n de enzimas beneficiosas.<\/span><\/p>\n<div class=\"product-description\">\n<h2>Caracter\u00edsticas y beneficios:<\/h2>\n<ul>\n<li>Estimula la vida microbiana del suelo, transformando la materia org\u00e1nica en nutrientes inmediatamente disponibles para las ra\u00edces de las plantas.<\/li>\n<li>Favorece una mejor aireaci\u00f3n y estructura del sustrato, lo que facilita un crecimiento saludable y vigoroso.<\/li>\n<li>Reduce el riesgo de enfermedades al eliminar restos org\u00e1nicos que podr\u00edan ser foco de pat\u00f3genos.<\/li>\n<li>Compatible con diversos tipos de cultivo, como coco, tierra o sistemas hidrop\u00f3nicos.<\/li>\n<li>Incrementa la resistencia de las plantas frente a situaciones de estr\u00e9s gracias a su efecto revitalizador.<\/li>\n<\/ul>\n<h2>Modo de empleo:<\/h2>\n<p>Para utilizar este fertilizante, mezcla <strong>1 ml de Pure Zym por cada litro de agua<\/strong>. Aplica la soluci\u00f3n obtenida en el sistema de riego o directamente en el sustrato con una regadera. Es recomendable usarlo durante todo el ciclo de cultivo, tanto en las etapas de crecimiento como en la de floraci\u00f3n. Aseg\u00farate de agitar bien el envase antes de usar y evitar almacenarlo a temperaturas extremas para preservar su efectividad.<\/p>\n<h2>Composici\u00f3n:<\/h2>\n<p>Pure Zym contiene una combinaci\u00f3n balanceada de enzimas naturales derivadas de hongos espec\u00edficos, humus \u00e1cidos y otros compuestos bioactivos dise\u00f1ados para descomponer la materia org\u00e1nica de forma eficiente. Este fertilizante est\u00e1 completamente libre de qu\u00edmicos sint\u00e9ticos, por lo que es una opci\u00f3n segura tanto para el cultivador como para el medio ambiente.<\/p>\n<p><em>Producto certificado por Plagron para ofrecer el m\u00e1ximo rendimiento en cualquier tipo de cultivo.<\/em><\/p>\n<\/div>\n","protected":false},"excerpt":{"rendered":"<p>Optimiza la salud de tus sustratos con este estimulador natural de <strong>enzimas<\/strong>. Este fertilizante mejora la absorci\u00f3n de nutrientes y elimina residuos org\u00e1nicos, reforzando la calidad del suelo y maximizando el rendimiento de tus cultivos. Ideal para cualquier medio de cultivo. \u00a1Haz que tus plantas se desarrollen a su m\u00e1ximo potencial<\/p>\n","protected":false},"featured_media":11379,"comment_status":"open","ping_status":"closed","template":"","meta":{"_bst_post_transparent":"","_bst_post_title":"","_bst_post_layout":"","_bst_post_sidebar_id":"","_bst_post_content_style":"","_bst_post_vertical_padding":"","_bst_post_feature":"","_bst_post_feature_position":"","_bst_post_header":false,"_bst_post_footer":false},"pwb-brand":[167],"product_brand":[],"product_cat":[39],"product_tag":[],"class_list":{"0":"post-12353","1":"product","2":"type-product","3":"status-publish","4":"has-post-thumbnail","6":"pwb-brand-plagron","7":"product_cat-fertilizantes","9":"first","10":"instock","11":"sale","12":"taxable","13":"shipping-taxable","14":"purchasable","15":"product-type-simple","16":"entry","17":"content-bg","18":"loop-entry"},"brands":[{"id":167,"name":"Plagron","slug":"plagron"}],"_links":{"self":[{"href":"https:\/\/puregrowshop.com\/fr\/wp-json\/wp\/v2\/product\/12353","targetHints":{"allow":["GET"]}}],"collection":[{"href":"https:\/\/puregrowshop.com\/fr\/wp-json\/wp\/v2\/product"}],"about":[{"href":"https:\/\/puregrowshop.com\/fr\/wp-json\/wp\/v2\/types\/product"}],"replies":[{"embeddable":true,"href":"https:\/\/puregrowshop.com\/fr\/wp-json\/wp\/v2\/comments?post=12353"}],"wp:featuredmedia":[{"embeddable":true,"href":"https:\/\/puregrowshop.com\/fr\/wp-json\/wp\/v2\/media\/11379"}],"wp:attachment":[{"href":"https:\/\/puregrowshop.com\/fr\/wp-json\/wp\/v2\/media?parent=12353"}],"wp:term":[{"taxonomy":"pwb-brand","embeddable":true,"href":"https:\/\/puregrowshop.com\/fr\/wp-json\/wp\/v2\/pwb-brand?post=12353"},{"taxonomy":"product_brand","embeddable":true,"href":"https:\/\/puregrowshop.com\/fr\/wp-json\/wp\/v2\/product_brand?post=12353"},{"taxonomy":"product_cat","embeddable":true,"href":"https:\/\/puregrowshop.com\/fr\/wp-json\/wp\/v2\/product_cat?post=12353"},{"taxonomy":"product_tag","embeddable":true,"href":"https:\/\/puregrowshop.com\/fr\/wp-json\/wp\/v2\/product_tag?post=12353"}],"curies":[{"name":"wp","href":"https:\/\/api.w.org\/{rel}","templated":true}]}}