{"id":12352,"date":"2024-10-28T20:01:48","date_gmt":"2024-10-28T20:01:48","guid":{"rendered":"https:\/\/puregrowshop.com\/pure-zym-1-lt-plagron\/"},"modified":"2026-02-05T09:23:40","modified_gmt":"2026-02-05T09:23:40","slug":"pure-zym-1-lt-plagron","status":"publish","type":"product","link":"https:\/\/puregrowshop.com\/fr\/pure-zym-1-lt-plagron\/","title":{"rendered":"Pure Zym  1 lt. Plagron"},"content":{"rendered":"<div class=\"product-description\">\n<p><strong>Tipo y uso del fertilizante:<\/strong> Este aditivo enzim\u00e1tico de alta calidad est\u00e1 dise\u00f1ado espec\u00edficamente para mejorar el sustrato y potenciar la absorci\u00f3n de nutrientes en cultivos de marihuana. Es especialmente recomendado para cultivos en tierra, coco e hidrop\u00f3nicos. Pure Zym act\u00faa descomponiendo la materia org\u00e1nica residual en el sustrato, transform\u00e1ndola en nutrientes biodisponibles para las plantas y fomentando un entorno radicular sano.<\/p>\n<p><strong>Beneficios para la planta:<\/strong> El uso de este producto facilita una r\u00e1pida absorci\u00f3n de nutrientes esenciales, promueve un crecimiento m\u00e1s saludable y vigoroso, y mejora la resistencia de las plantas frente a enfermedades y estr\u00e9s ambiental. Adem\u00e1s, al eliminar desechos org\u00e1nicos en el medio de cultivo, se previene la acumulaci\u00f3n de sustancias perjudiciales. El resultado es un sistema radicular m\u00e1s desarrollado con ra\u00edces activas y eficientes, lo cual se traduce en cosechas m\u00e1s abundantes y de mayor calidad.<\/p>\n<p><strong>Modo de empleo y dosificaci\u00f3n:<\/strong> Se recomienda a\u00f1adir 1 ml de Pure Zym por litro de agua en cada riego durante las primeras semanas del ciclo de cultivo. Este producto es compatible con otros fertilizantes de Plagron, lo que facilita su integraci\u00f3n en cualquier plan de fertilizaci\u00f3n. Para obtener los mejores resultados, util\u00edzalo en conjunto con un programa completo de fertilizantes y aditivos adaptado a las necesidades espec\u00edficas de las plantas y la fase de cultivo en la que se encuentren.<\/p>\n<p><strong>Composici\u00f3n:<\/strong> Pure Zym cuenta con una f\u00f3rmula rica en enzimas naturales cuidadosamente seleccionadas para maximizar su eficacia. Estas enzimas act\u00faan activamente sobre los compuestos org\u00e1nicos en descomposici\u00f3n, transform\u00e1ndolos en nutrientes inmediatamente disponibles para las ra\u00edces. Su formulaci\u00f3n tambi\u00e9n incluye extractos de plantas y microelementos esenciales dise\u00f1ados para favorecer un ecosistema equilibrado en el sustrato.<\/p>\n<\/div>\n","protected":false},"excerpt":{"rendered":"<p>Descubre la potencia de <strong>Pure Zym<\/strong>, un estimulador enzim\u00e1tico altamente concentrado de <strong>Plagron<\/strong> que promueve una mejora en la absorci\u00f3n de nutrientes y descompone los residuos org\u00e1nicos en el sustrato. Ideal para maximizar el rendimiento de tus cultivos.<\/p>\n","protected":false},"featured_media":11377,"comment_status":"open","ping_status":"closed","template":"","meta":{"_bst_post_transparent":"","_bst_post_title":"","_bst_post_layout":"","_bst_post_sidebar_id":"","_bst_post_content_style":"","_bst_post_vertical_padding":"","_bst_post_feature":"","_bst_post_feature_position":"","_bst_post_header":false,"_bst_post_footer":false},"pwb-brand":[167],"product_brand":[],"product_cat":[39],"product_tag":[],"class_list":{"0":"post-12352","1":"product","2":"type-product","3":"status-publish","4":"has-post-thumbnail","6":"pwb-brand-plagron","7":"product_cat-fertilizantes","9":"first","10":"instock","11":"sale","12":"taxable","13":"shipping-taxable","14":"purchasable","15":"product-type-simple","16":"entry","17":"content-bg","18":"loop-entry"},"brands":[{"id":167,"name":"Plagron","slug":"plagron"}],"_links":{"self":[{"href":"https:\/\/puregrowshop.com\/fr\/wp-json\/wp\/v2\/product\/12352","targetHints":{"allow":["GET"]}}],"collection":[{"href":"https:\/\/puregrowshop.com\/fr\/wp-json\/wp\/v2\/product"}],"about":[{"href":"https:\/\/puregrowshop.com\/fr\/wp-json\/wp\/v2\/types\/product"}],"replies":[{"embeddable":true,"href":"https:\/\/puregrowshop.com\/fr\/wp-json\/wp\/v2\/comments?post=12352"}],"wp:featuredmedia":[{"embeddable":true,"href":"https:\/\/puregrowshop.com\/fr\/wp-json\/wp\/v2\/media\/11377"}],"wp:attachment":[{"href":"https:\/\/puregrowshop.com\/fr\/wp-json\/wp\/v2\/media?parent=12352"}],"wp:term":[{"taxonomy":"pwb-brand","embeddable":true,"href":"https:\/\/puregrowshop.com\/fr\/wp-json\/wp\/v2\/pwb-brand?post=12352"},{"taxonomy":"product_brand","embeddable":true,"href":"https:\/\/puregrowshop.com\/fr\/wp-json\/wp\/v2\/product_brand?post=12352"},{"taxonomy":"product_cat","embeddable":true,"href":"https:\/\/puregrowshop.com\/fr\/wp-json\/wp\/v2\/product_cat?post=12352"},{"taxonomy":"product_tag","embeddable":true,"href":"https:\/\/puregrowshop.com\/fr\/wp-json\/wp\/v2\/product_tag?post=12352"}],"curies":[{"name":"wp","href":"https:\/\/api.w.org\/{rel}","templated":true}]}}