{"id":12349,"date":"2024-10-28T20:01:48","date_gmt":"2024-10-28T20:01:48","guid":{"rendered":"https:\/\/puregrowshop.com\/lemon-kick-1-lt-plagron\/"},"modified":"2025-12-27T20:11:36","modified_gmt":"2025-12-27T20:11:36","slug":"lemon-kick-1-lt-plagron","status":"publish","type":"product","link":"https:\/\/puregrowshop.com\/fr\/lemon-kick-1-lt-plagron\/","title":{"rendered":"Lemon Kick  1 lt. Plagron"},"content":{"rendered":"<div class=\"product-description\">\n<p><strong>Lemon Kick<\/strong> es un regulador de pH natural ideal para optimizar el desarrollo de tus plantas durante cualquiera de sus fases. Este producto, desarrollado por Plagron, est\u00e1 dise\u00f1ado espec\u00edficamente para ajustar el pH de la soluci\u00f3n nutritiva, garantizando que las plantas puedan absorber todos los nutrientes de manera eficiente. Su f\u00f3rmula a base de \u00e1cido c\u00edtrico lo convierte en un producto respetuoso con el medio ambiente y muy f\u00e1cil de usar tanto para cultivadores principiantes como expertos.<\/p>\n<h3>Beneficios clave<\/h3>\n<ul>\n<li>Permite ajustar el pH de forma sencilla y r\u00e1pida, mejorando la disponibilidad de nutrientes.<\/li>\n<li>Incrementa la calidad de los cultivos al potenciar la absorci\u00f3n de macro y micronutrientes.<\/li>\n<li>Compatible con cualquier tipo de sustrato: tierra, coco o hidropon\u00eda.<\/li>\n<li>No afecta la vida microbiana beneficiosa del sustrato debido a su composici\u00f3n natural.<\/li>\n<li>Libre de cloruros, lo que garantiza la m\u00e1xima pureza de tu soluci\u00f3n de nutrientes.<\/li>\n<\/ul>\n<h3>Modo de empleo y dosificaci\u00f3n<\/h3>\n<p>El uso de Lemon Kick es sencillo. Para ajustar el pH de tu soluci\u00f3n, sigue estos pasos:<\/p>\n<ol>\n<li>Prepara la soluci\u00f3n de nutrientes habitual.<\/li>\n<li>Usa un medidor de pH para comprobar el nivel actual.<\/li>\n<li>A\u00f1ade gotas de Lemon Kick de manera gradual, mezclando bien entre cada adici\u00f3n.<\/li>\n<li>Repite el proceso hasta lograr un pH ideal, generalmente entre 5.5 y 6.5, dependiendo del cultivo.<\/li>\n<\/ol>\n<p>La dosis recomendada inicial es de 0.5 ml por litro. Sin embargo, esta cantidad puede variar seg\u00fan el nivel de pH que necesites alcanzar y la calidad del agua utilizada.<\/p>\n<h3>Composici\u00f3n<\/h3>\n<p>Lemon Kick est\u00e1 compuesto por una soluci\u00f3n natural a base de <strong>\u00e1cido c\u00edtrico<\/strong>. Su f\u00f3rmula libre de qu\u00edmicos agresivos lo convierte en una opci\u00f3n segura y eficaz para tus cultivos. Adem\u00e1s, esta composici\u00f3n natural no afecta negativamente la estructura qu\u00edmica del sustrato ni el equilibrio natural del ecosistema de tu cultivo.<\/p>\n<\/div>\n","protected":false},"excerpt":{"rendered":"<p>El regulador natural de pH Lemon Kick de 1 litro, de **Plagron**, es la soluci\u00f3n perfecta para garantizar una correcta absorci\u00f3n de nutrientes. Su f\u00f3rmula org\u00e1nica permite ajustar el pH de forma precisa y segura, potenciando el crecimiento y la floraci\u00f3n de tus plantas. \u00a1Sin qu\u00edmicos agresivos!<\/p>\n","protected":false},"featured_media":11371,"comment_status":"open","ping_status":"closed","template":"","meta":{"_bst_post_transparent":"","_bst_post_title":"","_bst_post_layout":"","_bst_post_sidebar_id":"","_bst_post_content_style":"","_bst_post_vertical_padding":"","_bst_post_feature":"","_bst_post_feature_position":"","_bst_post_header":false,"_bst_post_footer":false},"pwb-brand":[167],"product_brand":[],"product_cat":[39],"product_tag":[],"class_list":{"0":"post-12349","1":"product","2":"type-product","3":"status-publish","4":"has-post-thumbnail","6":"pwb-brand-plagron","7":"product_cat-fertilizantes","9":"first","10":"instock","11":"sale","12":"taxable","13":"shipping-taxable","14":"purchasable","15":"product-type-simple","16":"entry","17":"content-bg","18":"loop-entry"},"brands":[{"id":167,"name":"Plagron","slug":"plagron"}],"_links":{"self":[{"href":"https:\/\/puregrowshop.com\/fr\/wp-json\/wp\/v2\/product\/12349","targetHints":{"allow":["GET"]}}],"collection":[{"href":"https:\/\/puregrowshop.com\/fr\/wp-json\/wp\/v2\/product"}],"about":[{"href":"https:\/\/puregrowshop.com\/fr\/wp-json\/wp\/v2\/types\/product"}],"replies":[{"embeddable":true,"href":"https:\/\/puregrowshop.com\/fr\/wp-json\/wp\/v2\/comments?post=12349"}],"wp:featuredmedia":[{"embeddable":true,"href":"https:\/\/puregrowshop.com\/fr\/wp-json\/wp\/v2\/media\/11371"}],"wp:attachment":[{"href":"https:\/\/puregrowshop.com\/fr\/wp-json\/wp\/v2\/media?parent=12349"}],"wp:term":[{"taxonomy":"pwb-brand","embeddable":true,"href":"https:\/\/puregrowshop.com\/fr\/wp-json\/wp\/v2\/pwb-brand?post=12349"},{"taxonomy":"product_brand","embeddable":true,"href":"https:\/\/puregrowshop.com\/fr\/wp-json\/wp\/v2\/product_brand?post=12349"},{"taxonomy":"product_cat","embeddable":true,"href":"https:\/\/puregrowshop.com\/fr\/wp-json\/wp\/v2\/product_cat?post=12349"},{"taxonomy":"product_tag","embeddable":true,"href":"https:\/\/puregrowshop.com\/fr\/wp-json\/wp\/v2\/product_tag?post=12349"}],"curies":[{"name":"wp","href":"https:\/\/api.w.org\/{rel}","templated":true}]}}