{"id":12334,"date":"2024-10-28T20:01:46","date_gmt":"2024-10-28T20:01:46","guid":{"rendered":"https:\/\/puregrowshop.com\/alga-bloom-100-ml-plagron\/"},"modified":"2025-12-27T20:11:28","modified_gmt":"2025-12-27T20:11:28","slug":"alga-bloom-100-ml-plagron","status":"publish","type":"product","link":"https:\/\/puregrowshop.com\/fr\/alga-bloom-100-ml-plagron\/","title":{"rendered":"Alga Bloom   100 ml. Plagron"},"content":{"rendered":"<div class=\"product-description\">\n<h2>Fertilizante l\u00edquido basado en algas marinas: Un impulso natural para la floraci\u00f3n<\/h2>\n<p>Este fertilizante org\u00e1nico es ideal para la fase de floraci\u00f3n de tus cultivos. Formulado con extractos de algas marinas, proporciona los nutrientes esenciales que tus plantas necesitan durante esta etapa crucial de su desarrollo. Su composici\u00f3n 100% natural asegura un rendimiento \u00f3ptimo, impulsando una floraci\u00f3n exuberante, saludable y con aromas intensos. Recomendado para sistemas de cultivo en tierra, pero perfectamente compatible con m\u00faltiples sustratos org\u00e1nicos.<\/p>\n<h3>Beneficios principales:<\/h3>\n<ul>\n<li>Favorece una floraci\u00f3n abundante y prolongada.<\/li>\n<li>Refuerza la resistencia de las plantas frente a posibles estr\u00e9s y enfermedades gracias a sus componentes naturales.<\/li>\n<li>Promueve un crecimiento equilibrado y saludable, mejorando la estructura y densidad de las flores.<\/li>\n<li>Su f\u00f3rmula rica en macronutrientes esenciales garantiza la nutrici\u00f3n completa de la planta.<\/li>\n<\/ul>\n<h3>Modo de empleo y dosificaci\u00f3n:<\/h3>\n<p>Para obtener los mejores resultados, disuelve 4 ml de fertilizante por cada litro de agua y aplica esta soluci\u00f3n durante el riego. Recomendamos usar este producto una vez por semana a partir de la segunda semana de floraci\u00f3n. Es importante remover bien la soluci\u00f3n para garantizar una mezcla homog\u00e9nea. Recuerda siempre ajustar el pH de tu soluci\u00f3n nutritiva entre 6.0 y 6.5 antes de alimentar tus plantas.<\/p>\n<h3>Composici\u00f3n:<\/h3>\n<p>Su f\u00f3rmula incluye una mezcla \u00f3ptima de ingredientes clave como nitr\u00f3geno (N), f\u00f3sforo (P) y potasio (K) en proporciones ajustadas para maximizar el rendimiento durante la floraci\u00f3n. Adem\u00e1s, contiene oligoelementos, amino\u00e1cidos y otros compuestos bioactivos derivados de las algas, garantizando un aporte equilibrado y sostenible.<\/p>\n<\/div>\n","protected":false},"excerpt":{"rendered":"<p>Optimiza el desarrollo de la floraci\u00f3n con este fertilizante 100% natural fabricado por Plagron. Dise\u00f1ado exclusivamente para mejorar el rendimiento de tus cultivos en sustratos org\u00e1nicos, aporta una mezcla perfecta de nutrientes esenciales que potencian la producci\u00f3n de flores grandes y saludables. Ideal para quienes buscan calidad en agricultura sostenible.<\/p>\n","protected":false},"featured_media":11341,"comment_status":"open","ping_status":"closed","template":"","meta":{"_bst_post_transparent":"","_bst_post_title":"","_bst_post_layout":"","_bst_post_sidebar_id":"","_bst_post_content_style":"","_bst_post_vertical_padding":"","_bst_post_feature":"","_bst_post_feature_position":"","_bst_post_header":false,"_bst_post_footer":false},"pwb-brand":[167],"product_brand":[],"product_cat":[39],"product_tag":[],"class_list":{"0":"post-12334","1":"product","2":"type-product","3":"status-publish","4":"has-post-thumbnail","6":"pwb-brand-plagron","7":"product_cat-fertilizantes","9":"first","10":"instock","11":"sale","12":"taxable","13":"shipping-taxable","14":"purchasable","15":"product-type-simple","16":"entry","17":"content-bg","18":"loop-entry"},"brands":[{"id":167,"name":"Plagron","slug":"plagron"}],"_links":{"self":[{"href":"https:\/\/puregrowshop.com\/fr\/wp-json\/wp\/v2\/product\/12334","targetHints":{"allow":["GET"]}}],"collection":[{"href":"https:\/\/puregrowshop.com\/fr\/wp-json\/wp\/v2\/product"}],"about":[{"href":"https:\/\/puregrowshop.com\/fr\/wp-json\/wp\/v2\/types\/product"}],"replies":[{"embeddable":true,"href":"https:\/\/puregrowshop.com\/fr\/wp-json\/wp\/v2\/comments?post=12334"}],"wp:featuredmedia":[{"embeddable":true,"href":"https:\/\/puregrowshop.com\/fr\/wp-json\/wp\/v2\/media\/11341"}],"wp:attachment":[{"href":"https:\/\/puregrowshop.com\/fr\/wp-json\/wp\/v2\/media?parent=12334"}],"wp:term":[{"taxonomy":"pwb-brand","embeddable":true,"href":"https:\/\/puregrowshop.com\/fr\/wp-json\/wp\/v2\/pwb-brand?post=12334"},{"taxonomy":"product_brand","embeddable":true,"href":"https:\/\/puregrowshop.com\/fr\/wp-json\/wp\/v2\/product_brand?post=12334"},{"taxonomy":"product_cat","embeddable":true,"href":"https:\/\/puregrowshop.com\/fr\/wp-json\/wp\/v2\/product_cat?post=12334"},{"taxonomy":"product_tag","embeddable":true,"href":"https:\/\/puregrowshop.com\/fr\/wp-json\/wp\/v2\/product_tag?post=12334"}],"curies":[{"name":"wp","href":"https:\/\/api.w.org\/{rel}","templated":true}]}}