{"id":12331,"date":"2024-10-28T20:01:45","date_gmt":"2024-10-28T20:01:45","guid":{"rendered":"https:\/\/puregrowshop.com\/terra-grow-1-lt-plagron\/"},"modified":"2026-03-18T21:22:53","modified_gmt":"2026-03-18T21:22:53","slug":"terra-grow-1-lt-plagron","status":"publish","type":"product","link":"https:\/\/puregrowshop.com\/fr\/terra-grow-1-lt-plagron\/","title":{"rendered":"Terra Grow  1 lt. Plagron"},"content":{"rendered":"<p><strong>Descripci\u00f3n del producto:<\/strong> Este abono mineral de alta calidad est\u00e1 dise\u00f1ado especialmente para la fase de crecimiento de tus plantas. Es una soluci\u00f3n clave para nutrir eficazmente los cultivos, proporcionando todos los elementos esenciales que necesitan las plantas para desarrollar una estructura saludable y robusta desde las primeras etapas de desarrollo. Perfecto para cultivadores que buscan resultados r\u00e1pidos y \u00f3ptimos, <strong>Terra Grow<\/strong> asegura un crecimiento vigoroso y hojas verdes intensas.<\/p>\n<p><strong>Beneficios principales:<\/strong><\/p>\n<ul>\n<li>Favorece un desarrollo acelerado y equilibrado de las ra\u00edces y la biomasa vegetal.<\/li>\n<li>Incrementa la asimilaci\u00f3n de nutrientes con una formulaci\u00f3n perfectamente ajustada.<\/li>\n<li>Estimula la producci\u00f3n de clorofila, logrando un follaje m\u00e1s verde y resistente a factores externos.<\/li>\n<li>Soluble en agua, lo que permite una r\u00e1pida absorci\u00f3n y uso eficiente del producto.<\/li>\n<\/ul>\n<p><strong>Modo de empleo:<\/strong><\/p>\n<p>Mezcla de 2,5 a 5 ml por cada litro de agua de riego seg\u00fan las necesidades de tu cultivo. Este producto puede utilizarse directamente en sistemas de riego o aplicado manualmente al sustrato. Recomendamos aplicar Terra Grow en cada riego durante la etapa de crecimiento activa para garantizar que las plantas reciban una nutrici\u00f3n constante.<\/p>\n<p><strong>Composici\u00f3n:<\/strong><\/p>\n<p>Contiene una f\u00f3rmula equilibrada especialmente dise\u00f1ada para la fase vegetativa, con una combinaci\u00f3n de nitr\u00f3geno, f\u00f3sforo y potasio (NPK 3-1-3), que asegura un crecimiento fuerte y sin carencias. Incluye tambi\u00e9n oligoelementos esenciales como hierro, magnesio y zinc en proporciones ajustadas para un desarrollo general \u00f3ptimo.<\/p>\n","protected":false},"excerpt":{"rendered":"<p>Fertilizante de crecimiento para plantas en desarrollo, especialmente formulado para cultivos en tierra. Su f\u00f3rmula rica en nutrientes esenciales promueve un crecimiento saludable y vigoroso en tus cultivos. Compatible con todo tipo de sustratos. Ideal para obtener resultados \u00f3ptimos y fortalecer las ra\u00edces.<\/p>\n","protected":false},"featured_media":11335,"comment_status":"open","ping_status":"closed","template":"","meta":{"_bst_post_transparent":"","_bst_post_title":"","_bst_post_layout":"","_bst_post_sidebar_id":"","_bst_post_content_style":"","_bst_post_vertical_padding":"","_bst_post_feature":"","_bst_post_feature_position":"","_bst_post_header":false,"_bst_post_footer":false},"pwb-brand":[167],"product_brand":[],"product_cat":[39],"product_tag":[],"class_list":{"0":"post-12331","1":"product","2":"type-product","3":"status-publish","4":"has-post-thumbnail","6":"pwb-brand-plagron","7":"product_cat-fertilizantes","9":"first","10":"outofstock","11":"sale","12":"taxable","13":"shipping-taxable","14":"purchasable","15":"product-type-simple","16":"entry","17":"content-bg","18":"loop-entry"},"brands":[{"id":167,"name":"Plagron","slug":"plagron"}],"_links":{"self":[{"href":"https:\/\/puregrowshop.com\/fr\/wp-json\/wp\/v2\/product\/12331","targetHints":{"allow":["GET"]}}],"collection":[{"href":"https:\/\/puregrowshop.com\/fr\/wp-json\/wp\/v2\/product"}],"about":[{"href":"https:\/\/puregrowshop.com\/fr\/wp-json\/wp\/v2\/types\/product"}],"replies":[{"embeddable":true,"href":"https:\/\/puregrowshop.com\/fr\/wp-json\/wp\/v2\/comments?post=12331"}],"wp:featuredmedia":[{"embeddable":true,"href":"https:\/\/puregrowshop.com\/fr\/wp-json\/wp\/v2\/media\/11335"}],"wp:attachment":[{"href":"https:\/\/puregrowshop.com\/fr\/wp-json\/wp\/v2\/media?parent=12331"}],"wp:term":[{"taxonomy":"pwb-brand","embeddable":true,"href":"https:\/\/puregrowshop.com\/fr\/wp-json\/wp\/v2\/pwb-brand?post=12331"},{"taxonomy":"product_brand","embeddable":true,"href":"https:\/\/puregrowshop.com\/fr\/wp-json\/wp\/v2\/product_brand?post=12331"},{"taxonomy":"product_cat","embeddable":true,"href":"https:\/\/puregrowshop.com\/fr\/wp-json\/wp\/v2\/product_cat?post=12331"},{"taxonomy":"product_tag","embeddable":true,"href":"https:\/\/puregrowshop.com\/fr\/wp-json\/wp\/v2\/product_tag?post=12331"}],"curies":[{"name":"wp","href":"https:\/\/api.w.org\/{rel}","templated":true}]}}