{"id":12325,"date":"2024-10-28T20:01:44","date_gmt":"2024-10-28T20:01:44","guid":{"rendered":"https:\/\/puregrowshop.com\/alga-grow-5-lt-plagron\/"},"modified":"2025-12-27T20:11:20","modified_gmt":"2025-12-27T20:11:20","slug":"alga-grow-5-lt-plagron","status":"publish","type":"product","link":"https:\/\/puregrowshop.com\/fr\/alga-grow-5-lt-plagron\/","title":{"rendered":"Alga Grow  5 lt. Plagron"},"content":{"rendered":"<div class=\"product-description\">\n<p>Descubre c\u00f3mo potenciar al m\u00e1ximo el crecimiento de tus plantas con este fertilizante de alta calidad. Este producto es un fertilizante l\u00edquido org\u00e1nico dise\u00f1ado espec\u00edficamente para la etapa de crecimiento de tus cultivos. Formulado con ingredientes naturales de origen vegetal, representa una soluci\u00f3n sostenible y eficaz para los cultivadores que buscan los mejores resultados.<\/p>\n<h3>Beneficios para tus plantas<\/h3>\n<p>Este fertilizante promueve un desarrollo vigoroso de ra\u00edces, tallos y hojas, logrando plantas m\u00e1s fuertes y saludables. Gracias a su origen 100% natural, es ideal para un cultivo sostenible y respetuoso con el medio ambiente. Tambi\u00e9n mejora la estructura del suelo debido a su contenido de materia org\u00e1nica. Tus plantas disfrutar\u00e1n de una \u00f3ptima absorci\u00f3n de nutrientes, asegurando un crecimiento equilibrado y continuo.<\/p>\n<h3>Modo de empleo<\/h3>\n<p>Este fertilizante es muy f\u00e1cil de usar: simplemente diluye en agua seg\u00fan las instrucciones de dosificaci\u00f3n y aplica durante la etapa de crecimiento de tus plantas. Es compatible tanto con cultivo en tierra como en coco. Se recomienda utilizarlo con cada riego para mejores resultados. Como siempre, es importante agitar bien antes de usar para garantizar que los ingredientes est\u00e9n completamente mezclados.<\/p>\n<h3>Dosificaci\u00f3n<\/h3>\n<p>Se recomienda diluir 4 ml de fertilizante por litro de agua. Esta concentraci\u00f3n asegura una dosificaci\u00f3n adecuada, proporcion\u00e1ndole a tus plantas los niveles \u00f3ptimos de nutrientes para un desarrollo sano. Para cultivos de interior o exterior, adapta la cantidad seg\u00fan las necesidades espec\u00edficas de la planta y las condiciones de cultivo.<\/p>\n<h3>Composici\u00f3n<\/h3>\n<p>Este fertilizante contiene nitr\u00f3geno (N), f\u00f3sforo (P) y potasio (K) como macronutrientes principales, con una proporci\u00f3n equilibrada para la etapa vegetativa. Adem\u00e1s, incluye una mezcla de oligoelementos esenciales y materia org\u00e1nica que estimulan tanto el crecimiento como la actividad biol\u00f3gica del suelo. Es completamente ecol\u00f3gico y libre de qu\u00edmicos agresivos.<\/p>\n<\/div>\n","protected":false},"excerpt":{"rendered":"<p><strong>Alga Grow 5 lt. Plagron<\/strong> es un fertilizante 100% org\u00e1nico, dise\u00f1ado espec\u00edficamente para la fase de crecimiento de tus plantas. Elaborado a base de algas marinas, proporciona una nutrici\u00f3n equilibrada que potencia un desarrollo vigoroso y saludable. Ideal para cultivo en tierra y coco.<\/p>\n","protected":false},"featured_media":11323,"comment_status":"open","ping_status":"closed","template":"","meta":{"_bst_post_transparent":"","_bst_post_title":"","_bst_post_layout":"","_bst_post_sidebar_id":"","_bst_post_content_style":"","_bst_post_vertical_padding":"","_bst_post_feature":"","_bst_post_feature_position":"","_bst_post_header":false,"_bst_post_footer":false},"pwb-brand":[167],"product_brand":[],"product_cat":[39],"product_tag":[],"class_list":{"0":"post-12325","1":"product","2":"type-product","3":"status-publish","4":"has-post-thumbnail","6":"pwb-brand-plagron","7":"product_cat-fertilizantes","8":"product_shipping_class-entre-5-kg-y-10-kg","10":"first","11":"instock","12":"sale","13":"taxable","14":"shipping-taxable","15":"purchasable","16":"product-type-simple","17":"entry","18":"content-bg","19":"loop-entry"},"brands":[{"id":167,"name":"Plagron","slug":"plagron"}],"_links":{"self":[{"href":"https:\/\/puregrowshop.com\/fr\/wp-json\/wp\/v2\/product\/12325","targetHints":{"allow":["GET"]}}],"collection":[{"href":"https:\/\/puregrowshop.com\/fr\/wp-json\/wp\/v2\/product"}],"about":[{"href":"https:\/\/puregrowshop.com\/fr\/wp-json\/wp\/v2\/types\/product"}],"replies":[{"embeddable":true,"href":"https:\/\/puregrowshop.com\/fr\/wp-json\/wp\/v2\/comments?post=12325"}],"wp:featuredmedia":[{"embeddable":true,"href":"https:\/\/puregrowshop.com\/fr\/wp-json\/wp\/v2\/media\/11323"}],"wp:attachment":[{"href":"https:\/\/puregrowshop.com\/fr\/wp-json\/wp\/v2\/media?parent=12325"}],"wp:term":[{"taxonomy":"pwb-brand","embeddable":true,"href":"https:\/\/puregrowshop.com\/fr\/wp-json\/wp\/v2\/pwb-brand?post=12325"},{"taxonomy":"product_brand","embeddable":true,"href":"https:\/\/puregrowshop.com\/fr\/wp-json\/wp\/v2\/product_brand?post=12325"},{"taxonomy":"product_cat","embeddable":true,"href":"https:\/\/puregrowshop.com\/fr\/wp-json\/wp\/v2\/product_cat?post=12325"},{"taxonomy":"product_tag","embeddable":true,"href":"https:\/\/puregrowshop.com\/fr\/wp-json\/wp\/v2\/product_tag?post=12325"}],"curies":[{"name":"wp","href":"https:\/\/api.w.org\/{rel}","templated":true}]}}