{"id":12322,"date":"2024-10-28T20:01:43","date_gmt":"2024-10-28T20:01:43","guid":{"rendered":"https:\/\/puregrowshop.com\/alga-grow-1-lt-plagron\/"},"modified":"2025-12-27T20:11:20","modified_gmt":"2025-12-27T20:11:20","slug":"alga-grow-1-lt-plagron","status":"publish","type":"product","link":"https:\/\/puregrowshop.com\/fr\/alga-grow-1-lt-plagron\/","title":{"rendered":"Alga Grow  1 lt. Plagron"},"content":{"rendered":"<div class=\"product-description\">\n<h2>Descripci\u00f3n<\/h2>\n<p>Alga Grow es un <strong>fertilizante org\u00e1nico l\u00edquido<\/strong> desarrollado espec\u00edficamente para la etapa vegetativa de tus plantas. Este producto de Plagron est\u00e1 formulado a base de extractos de algas de alta calidad, lo que proporciona nutrientes esenciales y beneficios que impulsan el crecimiento saludable desde las ra\u00edces hasta las hojas.<\/p>\n<h3>Tipo y uso del fertilizante<\/h3>\n<p>Especialmente dise\u00f1ado para cultivos en sustratos a base de turba, Alga Grow es ideal para agricultores que buscan soluciones m\u00e1s respetuosas con el medio ambiente sin comprometer el rendimiento. Gracias a sus <strong>componentes 100% naturales<\/strong>, es adecuado tanto para cultivos exteriores como interiores, ofreciendo resultados \u00f3ptimos en sistemas org\u00e1nicos.<\/p>\n<h3>Beneficios para la planta<\/h3>\n<p>Este fertilizante no solo estimula un crecimiento vigoroso en la fase vegetativa, sino que tambi\u00e9n fortalece la planta, mejora la capacidad de retenci\u00f3n de agua y fomenta un desarrollo radicular m\u00e1s robusto. Alga Grow garantiza una planta verde, fuerte y lista para entrar perfectamente en la fase de floraci\u00f3n.<\/p>\n<h3>Modo de empleo y dosificaci\u00f3n<\/h3>\n<p>Alga Grow es f\u00e1cil de usar y se incorpora directamente al agua de riego. Para obtener los mejores resultados, se recomienda disolver entre <strong>4 y 5 ml por litro de agua<\/strong> y aplicarlo con regularidad en el riego durante la etapa vegetativa. Es importante agitar bien el producto antes de usarlo.<\/p>\n<h3>Composici\u00f3n<\/h3>\n<p>Este fertilizante contiene una combinaci\u00f3n de nutrientes esenciales como nitr\u00f3geno, f\u00f3sforo y potasio. Incluye tambi\u00e9n amino\u00e1cidos naturales, vitaminas y microelementos obtenidos de algas marinas, brindando un suministro equilibrado de nutrientes que ayuda a generar plantas m\u00e1s verdes y en\u00e9rgicas.<\/p>\n<\/div>\n","protected":false},"excerpt":{"rendered":"<p>Alga Grow de Plagron es un fertilizante 100% org\u00e1nico dise\u00f1ado para la fase de crecimiento. Contiene una f\u00f3rmula equilibrada de nutrientes que potencia el desarrollo vigoroso de tus plantas. Ideal para cultivos en tierra y coco. Garantiza un crecimiento saludable y una \u00f3ptima absorci\u00f3n de nutrientes.<\/p>\n","protected":false},"featured_media":11317,"comment_status":"open","ping_status":"closed","template":"","meta":{"_bst_post_transparent":"","_bst_post_title":"","_bst_post_layout":"","_bst_post_sidebar_id":"","_bst_post_content_style":"","_bst_post_vertical_padding":"","_bst_post_feature":"","_bst_post_feature_position":"","_bst_post_header":false,"_bst_post_footer":false},"pwb-brand":[167],"product_brand":[],"product_cat":[39],"product_tag":[],"class_list":{"0":"post-12322","1":"product","2":"type-product","3":"status-publish","4":"has-post-thumbnail","6":"pwb-brand-plagron","7":"product_cat-fertilizantes","9":"first","10":"instock","11":"sale","12":"taxable","13":"shipping-taxable","14":"purchasable","15":"product-type-simple","16":"entry","17":"content-bg","18":"loop-entry"},"brands":[{"id":167,"name":"Plagron","slug":"plagron"}],"_links":{"self":[{"href":"https:\/\/puregrowshop.com\/fr\/wp-json\/wp\/v2\/product\/12322","targetHints":{"allow":["GET"]}}],"collection":[{"href":"https:\/\/puregrowshop.com\/fr\/wp-json\/wp\/v2\/product"}],"about":[{"href":"https:\/\/puregrowshop.com\/fr\/wp-json\/wp\/v2\/types\/product"}],"replies":[{"embeddable":true,"href":"https:\/\/puregrowshop.com\/fr\/wp-json\/wp\/v2\/comments?post=12322"}],"wp:featuredmedia":[{"embeddable":true,"href":"https:\/\/puregrowshop.com\/fr\/wp-json\/wp\/v2\/media\/11317"}],"wp:attachment":[{"href":"https:\/\/puregrowshop.com\/fr\/wp-json\/wp\/v2\/media?parent=12322"}],"wp:term":[{"taxonomy":"pwb-brand","embeddable":true,"href":"https:\/\/puregrowshop.com\/fr\/wp-json\/wp\/v2\/pwb-brand?post=12322"},{"taxonomy":"product_brand","embeddable":true,"href":"https:\/\/puregrowshop.com\/fr\/wp-json\/wp\/v2\/product_brand?post=12322"},{"taxonomy":"product_cat","embeddable":true,"href":"https:\/\/puregrowshop.com\/fr\/wp-json\/wp\/v2\/product_cat?post=12322"},{"taxonomy":"product_tag","embeddable":true,"href":"https:\/\/puregrowshop.com\/fr\/wp-json\/wp\/v2\/product_tag?post=12322"}],"curies":[{"name":"wp","href":"https:\/\/api.w.org\/{rel}","templated":true}]}}