{"id":12321,"date":"2024-10-28T20:01:43","date_gmt":"2024-10-28T20:01:43","guid":{"rendered":"https:\/\/puregrowshop.com\/alga-bloom-1-lt-plagron\/"},"modified":"2025-12-27T20:11:20","modified_gmt":"2025-12-27T20:11:20","slug":"alga-bloom-1-lt-plagron","status":"publish","type":"product","link":"https:\/\/puregrowshop.com\/fr\/alga-bloom-1-lt-plagron\/","title":{"rendered":"Alga Bloom  1 lt. Plagron"},"content":{"rendered":"<div>\n<p><strong>Tipo y uso del fertilizante:<\/strong><\/p>\n<p>Alga Bloom de 1 litro de la marca Plagron es un fertilizante org\u00e1nico dise\u00f1ado espec\u00edficamente para la fase de floraci\u00f3n de las plantas. Elaborado a base de algas, proporciona una soluci\u00f3n completamente natural que estimula el desarrollo \u00f3ptimo de las flores, maximizando tanto su tama\u00f1o como su calidad. Este producto es altamente recomendado para sistemas de cultivo en tierra y coco.<\/p>\n<p><strong>Beneficios para la planta:<\/strong><\/p>\n<p>Este fertilizante ofrece m\u00faltiples beneficios a tus cultivos. Potencia la formaci\u00f3n de flores m\u00e1s grandes, densas y arom\u00e1ticas, optimizando la producci\u00f3n de cosechas. Adem\u00e1s, fortalece las plantas frente a posibles situaciones de estr\u00e9s, lo que resulta en cultivos m\u00e1s saludables y resistentes. Al ser un producto org\u00e1nico, contribuye a mantener un equilibrio ecol\u00f3gico en tu medio de cultivo.<\/p>\n<p><strong>Modo de empleo y dosificaci\u00f3n:<\/strong><\/p>\n<p>Alga Bloom se utiliza durante toda la fase de floraci\u00f3n. Se recomienda mezclar una dosis de entre <strong>4 a 5 ml por litro de agua<\/strong> y aplicar esta soluci\u00f3n al regar tus plantas. Este proceso debe repetirse de una a dos veces por semana. Para obtener resultados \u00f3ptimos, es importante ajustar el pH de la soluci\u00f3n entre 5.8 y 6.2 antes de aplicarla. Aseg\u00farate de seguir un calendario regular de riegos que se adapte a las necesidades de tu cultivo.<\/p>\n<p><strong>Composici\u00f3n:<\/strong><\/p>\n<p>La f\u00f3rmula de Alga Bloom est\u00e1 enriquecida con una equilibrada combinaci\u00f3n de nutrientes esenciales, entre ellos nitr\u00f3geno (2%), f\u00f3sforo (2%), y potasio (5%). Adem\u00e1s, incluye oligoelementos, vitaminas, enzimas y amino\u00e1cidos naturales derivados de las algas, que promueven un desarrollo completo y saludable de las plantas de forma org\u00e1nica.<\/p>\n<\/div>\n","protected":false},"excerpt":{"rendered":"<p>Potencia la floraci\u00f3n de tus plantas con este fertilizante 100% org\u00e1nico derivado de algas marinas. Alga Bloom de Plagron est\u00e1 dise\u00f1ado para proporcionar nutrientes esenciales en la fase de floraci\u00f3n, promoviendo cogollos m\u00e1s abundantes y saludables. Perfecto para cultivos en tierra.<\/p>\n","protected":false},"featured_media":11315,"comment_status":"open","ping_status":"closed","template":"","meta":{"_bst_post_transparent":"","_bst_post_title":"","_bst_post_layout":"","_bst_post_sidebar_id":"","_bst_post_content_style":"","_bst_post_vertical_padding":"","_bst_post_feature":"","_bst_post_feature_position":"","_bst_post_header":false,"_bst_post_footer":false},"pwb-brand":[167],"product_brand":[],"product_cat":[39],"product_tag":[],"class_list":{"0":"post-12321","1":"product","2":"type-product","3":"status-publish","4":"has-post-thumbnail","6":"pwb-brand-plagron","7":"product_cat-fertilizantes","9":"first","10":"instock","11":"sale","12":"taxable","13":"shipping-taxable","14":"purchasable","15":"product-type-simple","16":"entry","17":"content-bg","18":"loop-entry"},"brands":[{"id":167,"name":"Plagron","slug":"plagron"}],"_links":{"self":[{"href":"https:\/\/puregrowshop.com\/fr\/wp-json\/wp\/v2\/product\/12321","targetHints":{"allow":["GET"]}}],"collection":[{"href":"https:\/\/puregrowshop.com\/fr\/wp-json\/wp\/v2\/product"}],"about":[{"href":"https:\/\/puregrowshop.com\/fr\/wp-json\/wp\/v2\/types\/product"}],"replies":[{"embeddable":true,"href":"https:\/\/puregrowshop.com\/fr\/wp-json\/wp\/v2\/comments?post=12321"}],"wp:featuredmedia":[{"embeddable":true,"href":"https:\/\/puregrowshop.com\/fr\/wp-json\/wp\/v2\/media\/11315"}],"wp:attachment":[{"href":"https:\/\/puregrowshop.com\/fr\/wp-json\/wp\/v2\/media?parent=12321"}],"wp:term":[{"taxonomy":"pwb-brand","embeddable":true,"href":"https:\/\/puregrowshop.com\/fr\/wp-json\/wp\/v2\/pwb-brand?post=12321"},{"taxonomy":"product_brand","embeddable":true,"href":"https:\/\/puregrowshop.com\/fr\/wp-json\/wp\/v2\/product_brand?post=12321"},{"taxonomy":"product_cat","embeddable":true,"href":"https:\/\/puregrowshop.com\/fr\/wp-json\/wp\/v2\/product_cat?post=12321"},{"taxonomy":"product_tag","embeddable":true,"href":"https:\/\/puregrowshop.com\/fr\/wp-json\/wp\/v2\/product_tag?post=12321"}],"curies":[{"name":"wp","href":"https:\/\/api.w.org\/{rel}","templated":true}]}}