{"id":12317,"date":"2024-10-28T20:01:43","date_gmt":"2024-10-28T20:01:43","guid":{"rendered":"https:\/\/puregrowshop.com\/green-sensation-1-lt-plagron\/"},"modified":"2025-12-27T20:11:11","modified_gmt":"2025-12-27T20:11:11","slug":"green-sensation-1-lt-plagron","status":"publish","type":"product","link":"https:\/\/puregrowshop.com\/fr\/green-sensation-1-lt-plagron\/","title":{"rendered":"Green Sensation  1 lt. Plagron"},"content":{"rendered":"<div class=\"product-description\">\n<h2>Green Sensation 1 lt. Plagron<\/h2>\n<p><strong>Green Sensation 1 lt. de Plagron<\/strong> es un potente aditivo para la fase de floraci\u00f3n que act\u00faa como un fertilizante 4 en 1, dise\u00f1ado para aumentar significativamente la producci\u00f3n de flores, mejorar el sabor y aroma, y reforzar la salud general de tus plantas. Este producto avanzado combina estimuladores de floraci\u00f3n, fortificantes de ra\u00edces, mejoradores de cosechas y potenciadores de resistencia en una sola f\u00f3rmula altamente concentrada.<\/p>\n<h3>Beneficios para las plantas<\/h3>\n<p>Al integrar Green Sensation en tu programa de cultivo, tus plantas recibir\u00e1n un extra de energ\u00eda durante la fase de floraci\u00f3n, lo que redundar\u00e1 en una producci\u00f3n de flores m\u00e1s abundante e intensa. Adem\u00e1s, sus compuestos espec\u00edficos mejoran la densidad y el tama\u00f1o de los cogollos, potenciando el sabor y los aromas naturales de tus cultivos gracias a su capacidad de incrementar la s\u00edntesis de az\u00facares naturales.<\/p>\n<h3>Modo de empleo y dosificaci\u00f3n<\/h3>\n<p>Este producto es muy f\u00e1cil de usar. Simplemente agr\u00e9galo al agua de riego durante la fase de floraci\u00f3n. La dosis recomendada es de <strong>1 ml por cada litro de agua<\/strong>. Se debe aplicar a partir de la cuarta semana de floraci\u00f3n y continuar hasta una semana antes de la cosecha. Es compatible tanto con cultivos en tierra, coco e hidrop\u00f3nicos.<\/p>\n<h3>Composici\u00f3n<\/h3>\n<p>Su f\u00f3rmula \u00fanica incluye una concentraci\u00f3n equilibrada de <strong>f\u00f3sforo<\/strong>, <strong>potasio<\/strong> y otros micronutrientes esenciales que aseguran un desarrollo \u00f3ptimo del sistema radicular y maximizan la producci\u00f3n de flores. La f\u00f3rmula es completamente segura y sin residuos, garantizando un producto final limpio y profesional.<\/p>\n<p>Green Sensation 1 lt. es ideal para los cultivadores que buscan aumentar la calidad y cantidad de sus cosechas sin complicaciones, optimizando todo el esfuerzo invertido en sus cultivos.<\/p>\n<\/div>\n","protected":false},"excerpt":{"rendered":"<p>Maximiza tus cosechas con este potente fortalecedor \u00fanico que combina nutrientes esenciales, estimuladores y enzimas para un crecimiento explosivo. Obten resultados profesionales en sabor, peso y producci\u00f3n con este fertilizante de alta tecnolog\u00eda para cualquier medio y cultivo.<\/p>\n","protected":false},"featured_media":11307,"comment_status":"open","ping_status":"closed","template":"","meta":{"_bst_post_transparent":"","_bst_post_title":"","_bst_post_layout":"","_bst_post_sidebar_id":"","_bst_post_content_style":"","_bst_post_vertical_padding":"","_bst_post_feature":"","_bst_post_feature_position":"","_bst_post_header":false,"_bst_post_footer":false},"pwb-brand":[167],"product_brand":[],"product_cat":[39],"product_tag":[],"class_list":{"0":"post-12317","1":"product","2":"type-product","3":"status-publish","4":"has-post-thumbnail","6":"pwb-brand-plagron","7":"product_cat-fertilizantes","9":"first","10":"instock","11":"sale","12":"taxable","13":"shipping-taxable","14":"purchasable","15":"product-type-simple","16":"entry","17":"content-bg","18":"loop-entry"},"brands":[{"id":167,"name":"Plagron","slug":"plagron"}],"_links":{"self":[{"href":"https:\/\/puregrowshop.com\/fr\/wp-json\/wp\/v2\/product\/12317","targetHints":{"allow":["GET"]}}],"collection":[{"href":"https:\/\/puregrowshop.com\/fr\/wp-json\/wp\/v2\/product"}],"about":[{"href":"https:\/\/puregrowshop.com\/fr\/wp-json\/wp\/v2\/types\/product"}],"replies":[{"embeddable":true,"href":"https:\/\/puregrowshop.com\/fr\/wp-json\/wp\/v2\/comments?post=12317"}],"wp:featuredmedia":[{"embeddable":true,"href":"https:\/\/puregrowshop.com\/fr\/wp-json\/wp\/v2\/media\/11307"}],"wp:attachment":[{"href":"https:\/\/puregrowshop.com\/fr\/wp-json\/wp\/v2\/media?parent=12317"}],"wp:term":[{"taxonomy":"pwb-brand","embeddable":true,"href":"https:\/\/puregrowshop.com\/fr\/wp-json\/wp\/v2\/pwb-brand?post=12317"},{"taxonomy":"product_brand","embeddable":true,"href":"https:\/\/puregrowshop.com\/fr\/wp-json\/wp\/v2\/product_brand?post=12317"},{"taxonomy":"product_cat","embeddable":true,"href":"https:\/\/puregrowshop.com\/fr\/wp-json\/wp\/v2\/product_cat?post=12317"},{"taxonomy":"product_tag","embeddable":true,"href":"https:\/\/puregrowshop.com\/fr\/wp-json\/wp\/v2\/product_tag?post=12317"}],"curies":[{"name":"wp","href":"https:\/\/api.w.org\/{rel}","templated":true}]}}