{"id":12314,"date":"2024-10-28T20:01:43","date_gmt":"2024-10-28T20:01:43","guid":{"rendered":"https:\/\/puregrowshop.com\/green-sensation-250-ml-plagron\/"},"modified":"2025-12-27T20:11:11","modified_gmt":"2025-12-27T20:11:11","slug":"green-sensation-250-ml-plagron","status":"publish","type":"product","link":"https:\/\/puregrowshop.com\/fr\/green-sensation-250-ml-plagron\/","title":{"rendered":"Green Sensation   250 ml. Plagron"},"content":{"rendered":"<div class=\"product-description\">\n<p><strong>Tipo y Uso:<\/strong> Este fertilizante concentrado es un estimulador de floraci\u00f3n de alta calidad, ideal para todo tipo de cultivos, ya sea en tierra, coco o hidrop\u00f3nicos. Dise\u00f1ado espec\u00edficamente para potenciar el desarrollo de las flores durante la fase de floraci\u00f3n, Green Sensation es adecuado para cultivadores que buscan maximizar el rendimiento y la calidad de sus cosechas.<\/p>\n<p><strong>Beneficios:<\/strong> Al usar Green Sensation, se consigue una mejora significativa en el desarrollo de flores densas y compactas, con un aroma y sabor intensos. Este producto no solo aumenta el rendimiento del cultivo, sino que tambi\u00e9n fortalece la resistencia de las plantas frente a enfermedades y estr\u00e9s. Adem\u00e1s, combina m\u00faltiples beneficios en un solo producto, ahorrando dinero y espacio en tu kit de cultivo.<\/p>\n<p><strong>Modo de empleo y dosificaci\u00f3n:<\/strong> Su aplicaci\u00f3n es simple. Green Sensation se utiliza en la fase de floraci\u00f3n, a partir de la 4\u00aa semana. Se recomienda a\u00f1adir 1 ml de Green Sensation por cada litro de agua de riego. Es compatible con otros fertilizantes b\u00e1sicos, pero para un rendimiento \u00f3ptimo, es aconsejable seguir un programa de nutrici\u00f3n equilibrado. Se debe agitar bien antes de usar y verificar el nivel de EC del agua nutriente tras la mezcla.<\/p>\n<p><strong>Composici\u00f3n:<\/strong> Este formulado est\u00e1 compuesto por un equilibrio \u00f3ptimo de nutrientes esenciales como el F\u00f3sforo (P) y el Potasio (K), adem\u00e1s de enzimas y bioestimulantes seleccionados. Estos elementos act\u00faan sin\u00e9rgicamente, asegurando que las plantas reciban todos los nutrientes necesarios para un desarrollo \u00f3ptimo de las flores.<\/p>\n<\/div>\n","protected":false},"excerpt":{"rendered":"<p>Unlock the full potential of your plants con **Green Sensation 250 ml de Plagron**, un potent\u00edsimo aditivo 4 en 1 especialmente formulado para potenciar el crecimiento, floraci\u00f3n, resistencia y rendimiento en el cultivo. Dise\u00f1ado para maximizar la calidad y cantidad de tus cosechas, mejorando el sabor y aroma natural de tus plantas. Ideal para cualquier sustrato y sistema de cultivo.<\/p>\n","protected":false},"featured_media":11301,"comment_status":"open","ping_status":"closed","template":"","meta":{"_bst_post_transparent":"","_bst_post_title":"","_bst_post_layout":"","_bst_post_sidebar_id":"","_bst_post_content_style":"","_bst_post_vertical_padding":"","_bst_post_feature":"","_bst_post_feature_position":"","_bst_post_header":false,"_bst_post_footer":false},"pwb-brand":[167],"product_brand":[],"product_cat":[76],"product_tag":[],"class_list":{"0":"post-12314","1":"product","2":"type-product","3":"status-publish","4":"has-post-thumbnail","6":"pwb-brand-plagron","7":"product_cat-estimulantes-floracion","9":"first","10":"instock","11":"sale","12":"taxable","13":"shipping-taxable","14":"purchasable","15":"product-type-simple","16":"entry","17":"content-bg","18":"loop-entry"},"brands":[{"id":167,"name":"Plagron","slug":"plagron"}],"_links":{"self":[{"href":"https:\/\/puregrowshop.com\/fr\/wp-json\/wp\/v2\/product\/12314","targetHints":{"allow":["GET"]}}],"collection":[{"href":"https:\/\/puregrowshop.com\/fr\/wp-json\/wp\/v2\/product"}],"about":[{"href":"https:\/\/puregrowshop.com\/fr\/wp-json\/wp\/v2\/types\/product"}],"replies":[{"embeddable":true,"href":"https:\/\/puregrowshop.com\/fr\/wp-json\/wp\/v2\/comments?post=12314"}],"wp:featuredmedia":[{"embeddable":true,"href":"https:\/\/puregrowshop.com\/fr\/wp-json\/wp\/v2\/media\/11301"}],"wp:attachment":[{"href":"https:\/\/puregrowshop.com\/fr\/wp-json\/wp\/v2\/media?parent=12314"}],"wp:term":[{"taxonomy":"pwb-brand","embeddable":true,"href":"https:\/\/puregrowshop.com\/fr\/wp-json\/wp\/v2\/pwb-brand?post=12314"},{"taxonomy":"product_brand","embeddable":true,"href":"https:\/\/puregrowshop.com\/fr\/wp-json\/wp\/v2\/product_brand?post=12314"},{"taxonomy":"product_cat","embeddable":true,"href":"https:\/\/puregrowshop.com\/fr\/wp-json\/wp\/v2\/product_cat?post=12314"},{"taxonomy":"product_tag","embeddable":true,"href":"https:\/\/puregrowshop.com\/fr\/wp-json\/wp\/v2\/product_tag?post=12314"}],"curies":[{"name":"wp","href":"https:\/\/api.w.org\/{rel}","templated":true}]}}