{"id":12313,"date":"2024-10-28T20:01:42","date_gmt":"2024-10-28T20:01:42","guid":{"rendered":"https:\/\/puregrowshop.com\/alga-bloom-5-lt-plagron\/"},"modified":"2026-02-14T09:23:26","modified_gmt":"2026-02-14T09:23:26","slug":"alga-bloom-5-lt-plagron","status":"publish","type":"product","link":"https:\/\/puregrowshop.com\/fr\/alga-bloom-5-lt-plagron\/","title":{"rendered":"Alga Bloom  5 lt. Plagron"},"content":{"rendered":"<div class=\"product-description\">\n<p>Alga Bloom es un fertilizante 100% org\u00e1nico desarrollado por Plagron que est\u00e1 especialmente dise\u00f1ado para la etapa de floraci\u00f3n de tus cultivos. Este producto es ideal para aquellos agricultores que buscan estimular una floraci\u00f3n exuberante y ecol\u00f3gica en sus plantas, obteniendo cosechas de alta calidad tanto en cantidad como en aroma y sabor.<\/p>\n<h2>Tipo y uso<\/h2>\n<p>Al tratarse de un fertilizante basado principalmente en extractos de algas, Alga Bloom es una soluci\u00f3n altamente nutritiva para cultivos en sustratos de tierra. Su uso es exclusivo para la etapa de floraci\u00f3n, ya que aporta los nutrientes esenciales que tu planta necesita en esta fase, promoviendo el desarrollo de flores densas y resinosas.<\/p>\n<h2>Beneficios<\/h2>\n<p>Uno de los mayores beneficios de este fertilizante es que est\u00e1 elaborado a partir de ingredientes naturales, lo que garantiza un cultivo sano y libre de qu\u00edmicos. Adem\u00e1s, gracias a su formato l\u00edquido, es f\u00e1cilmente absorbido por las ra\u00edces, mejorando la estructura del suelo y optimizando la resistencia de las plantas frente a enfermedades y estr\u00e9s.<\/p>\n<h2>Modo de empleo y dosificaci\u00f3n<\/h2>\n<p>Para un uso \u00f3ptimo de Alga Bloom, se recomienda a\u00f1adir entre <strong>4 y 5 ml por litro de agua<\/strong> en cada riego durante la fase de floraci\u00f3n. Agita bien el producto antes de usarlo. Al tratarse de un fertilizante l\u00edquido, puede mezclarse con otros productos de la gama Plagron, asegurando siempre que el pH y la EC est\u00e9n dentro de los valores deseados.<\/p>\n<h2>Composici\u00f3n<\/h2>\n<p>Este fertilizante org\u00e1nico est\u00e1 compuesto principalmente de nitr\u00f3geno (N), f\u00f3sforo (P) y potasio (K), adem\u00e1s de otros microelementos esenciales y extractos de algas marinas. Su f\u00f3rmula est\u00e1 dise\u00f1ada para aportar todos los nutrientes que tus plantas necesitan en floraci\u00f3n, potenciando el desarrollo natural de cada cultivo.<\/p>\n<p>Utilizar Alga Bloom 5 lt de Plagron es una manera eficiente y eco-amigable de maximizar el rendimiento de tus cosechas, respetando al mismo tiempo el medio ambiente.<\/p>\n<\/div>\n","protected":false},"excerpt":{"rendered":"<p>Descubre el poder de Alga Bloom de 5 litros, un fertilizante org\u00e1nico clave para lograr una **floraci\u00f3n abundante y natural** en cultivos de tierra. Su f\u00f3rmula rica en algas marinas ofrece nutrientes esenciales que potencian el desarrollo de tus plantas. Ideal para jardineros que buscan m\u00e1xima calidad en cultivos ecol\u00f3gicos.<\/p>\n","protected":false},"featured_media":11299,"comment_status":"open","ping_status":"closed","template":"","meta":{"_bst_post_transparent":"","_bst_post_title":"","_bst_post_layout":"","_bst_post_sidebar_id":"","_bst_post_content_style":"","_bst_post_vertical_padding":"","_bst_post_feature":"","_bst_post_feature_position":"","_bst_post_header":false,"_bst_post_footer":false},"pwb-brand":[167],"product_brand":[],"product_cat":[39],"product_tag":[],"class_list":{"0":"post-12313","1":"product","2":"type-product","3":"status-publish","4":"has-post-thumbnail","6":"pwb-brand-plagron","7":"product_cat-fertilizantes","8":"product_shipping_class-entre-5-kg-y-10-kg","10":"first","11":"instock","12":"sale","13":"taxable","14":"shipping-taxable","15":"purchasable","16":"product-type-simple","17":"entry","18":"content-bg","19":"loop-entry"},"brands":[{"id":167,"name":"Plagron","slug":"plagron"}],"_links":{"self":[{"href":"https:\/\/puregrowshop.com\/fr\/wp-json\/wp\/v2\/product\/12313","targetHints":{"allow":["GET"]}}],"collection":[{"href":"https:\/\/puregrowshop.com\/fr\/wp-json\/wp\/v2\/product"}],"about":[{"href":"https:\/\/puregrowshop.com\/fr\/wp-json\/wp\/v2\/types\/product"}],"replies":[{"embeddable":true,"href":"https:\/\/puregrowshop.com\/fr\/wp-json\/wp\/v2\/comments?post=12313"}],"wp:featuredmedia":[{"embeddable":true,"href":"https:\/\/puregrowshop.com\/fr\/wp-json\/wp\/v2\/media\/11299"}],"wp:attachment":[{"href":"https:\/\/puregrowshop.com\/fr\/wp-json\/wp\/v2\/media?parent=12313"}],"wp:term":[{"taxonomy":"pwb-brand","embeddable":true,"href":"https:\/\/puregrowshop.com\/fr\/wp-json\/wp\/v2\/pwb-brand?post=12313"},{"taxonomy":"product_brand","embeddable":true,"href":"https:\/\/puregrowshop.com\/fr\/wp-json\/wp\/v2\/product_brand?post=12313"},{"taxonomy":"product_cat","embeddable":true,"href":"https:\/\/puregrowshop.com\/fr\/wp-json\/wp\/v2\/product_cat?post=12313"},{"taxonomy":"product_tag","embeddable":true,"href":"https:\/\/puregrowshop.com\/fr\/wp-json\/wp\/v2\/product_tag?post=12313"}],"curies":[{"name":"wp","href":"https:\/\/api.w.org\/{rel}","templated":true}]}}