{"id":12305,"date":"2024-10-28T20:01:41","date_gmt":"2024-10-28T20:01:41","guid":{"rendered":"https:\/\/puregrowshop.com\/ionic-cal-mag-pro-300-mt-growth-technology\/"},"modified":"2025-12-27T20:11:02","modified_gmt":"2025-12-27T20:11:02","slug":"ionic-cal-mag-pro-300-mt-growth-technology","status":"publish","type":"product","link":"https:\/\/puregrowshop.com\/fr\/ionic-cal-mag-pro-300-mt-growth-technology\/","title":{"rendered":"IONIC Cal-mag Pro 300 mt. Growth Technology"},"content":{"rendered":"<div class=\"product-description\">\n<p>\n        Si buscas un suplemento eficaz para garantizar el desarrollo saludable de tus plantas, este fertilizante es una soluci\u00f3n ideal. Especialmente formulado para corregir carencias comunes en cultivos, este producto proporciona <strong>calcio y magnesio<\/strong>, dos elementos esenciales en la nutrici\u00f3n vegetal. Este suplemento no solo mejora la <strong>estructura celular de las plantas<\/strong>, sino que tambi\u00e9n favorece un crecimiento m\u00e1s vigoroso y la producci\u00f3n de flores y frutos de alta calidad.\n    <\/p>\n<p>\n        Gracias a su formulaci\u00f3n equilibrada, es perfecto para complementar sistemas de cultivo en <strong>hidropon\u00eda<\/strong> y en suelos pobres en estos nutrientes. Este producto proporciona una soluci\u00f3n r\u00e1pida y eficaz para prevenir problemas relacionados con deficiencias, como el amarillamiento de hojas, crecimiento detenido o debilidad en estructuras como tallos y ra\u00edces.\n    <\/p>\n<h3>Modo de empleo y dosificaci\u00f3n:<\/h3>\n<p>\n        Este fertilizante es muy f\u00e1cil de usar. Se recomienda agregar entre <strong>1 ml y 2 ml por litro de agua<\/strong> en cada riego dependiendo del grado de deficiencia que presentes. Puede utilizarse durante todo el ciclo de vida de la planta, especialmente durante las fases de crecimiento y floraci\u00f3n. Para obtener los mejores resultados, mezcla bien la soluci\u00f3n antes de aplicarla y utiliza un medidor EC para garantizar que proporcionas la concentraci\u00f3n adecuada a tus plantas.\n    <\/p>\n<h3>Composici\u00f3n:<\/h3>\n<ul>\n<li><strong>Calcio:<\/strong> Para el fortalecimiento de las paredes celulares y una adecuada divisi\u00f3n celular.<\/li>\n<li><strong>Magnesio:<\/strong> Indispensable en la s\u00edntesis de clorofila y el proceso de fotos\u00edntesis.<\/li>\n<li>Trazas de micronutrientes esenciales.<\/li>\n<\/ul>\n<p>\n        Gracias a esta mezcla equilibrada, tus plantas estar\u00e1n protegidas contra deficiencias nutricionales y crecer\u00e1n m\u00e1s saludables y productivas. Ya seas un cultivador principiante o profesional, este suplemento es una excelente elecci\u00f3n para garantizar que todas tus plantas reciban los nutrientes necesarios para prosperar.\n    <\/p>\n<\/div>\n","protected":false},"excerpt":{"rendered":"<p>**Descubre el aporte esencial de calcio y magnesio que brinda IONIC Cal-mag Pro**. Este fertilizante premium, formulado por Growth Technology, asegura un crecimiento saludable y vigoroso para tus cultivos, corrigiendo deficiencias nutricionales con precisi\u00f3n. Ideal para suelos y sistemas hidroponicos. Aumenta el rendimiento y mejora la calidad de tus plantas.<\/p>\n","protected":false},"featured_media":11283,"comment_status":"open","ping_status":"closed","template":"","meta":{"_bst_post_transparent":"","_bst_post_title":"","_bst_post_layout":"","_bst_post_sidebar_id":"","_bst_post_content_style":"","_bst_post_vertical_padding":"","_bst_post_feature":"","_bst_post_feature_position":"","_bst_post_header":false,"_bst_post_footer":false},"pwb-brand":[166],"product_brand":[],"product_cat":[39],"product_tag":[],"class_list":{"0":"post-12305","1":"product","2":"type-product","3":"status-publish","4":"has-post-thumbnail","6":"pwb-brand-growth-technology","7":"product_cat-fertilizantes","9":"first","10":"outofstock","11":"sale","12":"taxable","13":"shipping-taxable","14":"purchasable","15":"product-type-simple","16":"entry","17":"content-bg","18":"loop-entry"},"brands":[{"id":166,"name":"Growth Technology","slug":"growth-technology"}],"_links":{"self":[{"href":"https:\/\/puregrowshop.com\/fr\/wp-json\/wp\/v2\/product\/12305","targetHints":{"allow":["GET"]}}],"collection":[{"href":"https:\/\/puregrowshop.com\/fr\/wp-json\/wp\/v2\/product"}],"about":[{"href":"https:\/\/puregrowshop.com\/fr\/wp-json\/wp\/v2\/types\/product"}],"replies":[{"embeddable":true,"href":"https:\/\/puregrowshop.com\/fr\/wp-json\/wp\/v2\/comments?post=12305"}],"wp:featuredmedia":[{"embeddable":true,"href":"https:\/\/puregrowshop.com\/fr\/wp-json\/wp\/v2\/media\/11283"}],"wp:attachment":[{"href":"https:\/\/puregrowshop.com\/fr\/wp-json\/wp\/v2\/media?parent=12305"}],"wp:term":[{"taxonomy":"pwb-brand","embeddable":true,"href":"https:\/\/puregrowshop.com\/fr\/wp-json\/wp\/v2\/pwb-brand?post=12305"},{"taxonomy":"product_brand","embeddable":true,"href":"https:\/\/puregrowshop.com\/fr\/wp-json\/wp\/v2\/product_brand?post=12305"},{"taxonomy":"product_cat","embeddable":true,"href":"https:\/\/puregrowshop.com\/fr\/wp-json\/wp\/v2\/product_cat?post=12305"},{"taxonomy":"product_tag","embeddable":true,"href":"https:\/\/puregrowshop.com\/fr\/wp-json\/wp\/v2\/product_tag?post=12305"}],"curies":[{"name":"wp","href":"https:\/\/api.w.org\/{rel}","templated":true}]}}