{"id":12304,"date":"2024-10-28T20:01:41","date_gmt":"2024-10-28T20:01:41","guid":{"rendered":"https:\/\/puregrowshop.com\/superdrive-300-ml-growth-technology\/"},"modified":"2025-12-27T20:28:56","modified_gmt":"2025-12-27T20:28:56","slug":"superdrive-300-ml-growth-technology","status":"publish","type":"product","link":"https:\/\/puregrowshop.com\/fr\/superdrive-300-ml-growth-technology\/","title":{"rendered":"Superdrive 300 ml. Growth Technology"},"content":{"rendered":"<p><strong>Superdrive 300 ml &#8211; Growth Technology<\/strong> es un potenciador de ra\u00edces y bioestimulante altamente concentrado, dise\u00f1ado espec\u00edficamente para maximizar el crecimiento y la salud general de las plantas. Este fertilizante es ideal tanto para cultivadores principiantes como para expertos que buscan un producto confiable para obtener cosechas de calidad superior.<\/p>\n<p>El uso de este bioestimulante permite a las plantas alcanzar su m\u00e1ximo potencial, promoviendo un crecimiento vigoroso y un sistema radicular fuerte y saludable. Superdrive est\u00e1 formulado para ser utilizado en diversas fases del cultivo, incluyendo la germinaci\u00f3n, el crecimiento vegetativo y la floraci\u00f3n. Gracias a su composici\u00f3n avanzada, es adecuado para todo tipo de cultivos: en tierra, coco e hidrop\u00f3nicos.<\/p>\n<p><strong>Beneficios principales:<\/strong><\/p>\n<ul>\n<li>Optimiza el desarrollo de las ra\u00edces, permitiendo una mejor absorci\u00f3n de nutrientes.<\/li>\n<li>Estimula la producci\u00f3n de brotes y flores, mejorando el rendimiento de las cosechas.<\/li>\n<li>Aumenta la resistencia de las plantas frente al estr\u00e9s ambiental y enfermedades.<\/li>\n<li>Facilita una recuperaci\u00f3n m\u00e1s r\u00e1pida despu\u00e9s de podas o trasplantes.<\/li>\n<\/ul>\n<p><strong>Modo de empleo:<\/strong><\/p>\n<p>Este producto es sencillo de utilizar y est\u00e1 dise\u00f1ado para todos los niveles de experiencia en cultivo. Agitar bien antes de usar para garantizar una mezcla homog\u00e9nea. Para obtener mejores resultados, se recomienda incorporar 1 ml por cada litro de agua durante todas las fases del ciclo de cultivo. Puede ser utilizado en conjunto con otros fertilizantes, pero siempre respetando las dosis indicadas para evitar sobrefertilizaci\u00f3n.<\/p>\n<p><strong>Composici\u00f3n:<\/strong><\/p>\n<p>Superdrive est\u00e1 compuesto por extractos de plantas naturales y bioestimulantes de alta calidad. Su f\u00f3rmula concentra una mezcla equilibrada de micronutrientes esenciales que fortalecen la planta desde sus primeras fases de crecimiento y aseguran un desarrollo \u00f3ptimo a lo largo de todo el cultivo.<\/p>\n","protected":false},"excerpt":{"rendered":"<p>Descubre la fuerza incomparable de <strong>Superdrive<\/strong>, un fertilizante premium de <strong>Growth Technology<\/strong>. Enriquecido con una exclusiva f\u00f3rmula de vitaminas y bioestimulantes, este producto est\u00e1 dise\u00f1ado para impulsar el desarrollo vigoroso de tus plantas, mejorando su resistencia, ra\u00edces y rendimiento general. Ideal para todas las fases del cultivo. Disponible en presentaci\u00f3n de 300 ml para un m\u00e1ximo rendimiento.<\/p>\n","protected":false},"featured_media":11281,"comment_status":"open","ping_status":"closed","template":"","meta":{"_bst_post_transparent":"","_bst_post_title":"","_bst_post_layout":"","_bst_post_sidebar_id":"","_bst_post_content_style":"","_bst_post_vertical_padding":"","_bst_post_feature":"","_bst_post_feature_position":"","_bst_post_header":false,"_bst_post_footer":false},"pwb-brand":[166],"product_brand":[],"product_cat":[76],"product_tag":[],"class_list":{"0":"post-12304","1":"product","2":"type-product","3":"status-publish","4":"has-post-thumbnail","6":"pwb-brand-growth-technology","7":"product_cat-estimulantes-floracion","9":"first","10":"outofstock","11":"sale","12":"taxable","13":"shipping-taxable","14":"purchasable","15":"product-type-simple","16":"entry","17":"content-bg","18":"loop-entry"},"brands":[{"id":166,"name":"Growth Technology","slug":"growth-technology"}],"_links":{"self":[{"href":"https:\/\/puregrowshop.com\/fr\/wp-json\/wp\/v2\/product\/12304","targetHints":{"allow":["GET"]}}],"collection":[{"href":"https:\/\/puregrowshop.com\/fr\/wp-json\/wp\/v2\/product"}],"about":[{"href":"https:\/\/puregrowshop.com\/fr\/wp-json\/wp\/v2\/types\/product"}],"replies":[{"embeddable":true,"href":"https:\/\/puregrowshop.com\/fr\/wp-json\/wp\/v2\/comments?post=12304"}],"wp:featuredmedia":[{"embeddable":true,"href":"https:\/\/puregrowshop.com\/fr\/wp-json\/wp\/v2\/media\/11281"}],"wp:attachment":[{"href":"https:\/\/puregrowshop.com\/fr\/wp-json\/wp\/v2\/media?parent=12304"}],"wp:term":[{"taxonomy":"pwb-brand","embeddable":true,"href":"https:\/\/puregrowshop.com\/fr\/wp-json\/wp\/v2\/pwb-brand?post=12304"},{"taxonomy":"product_brand","embeddable":true,"href":"https:\/\/puregrowshop.com\/fr\/wp-json\/wp\/v2\/product_brand?post=12304"},{"taxonomy":"product_cat","embeddable":true,"href":"https:\/\/puregrowshop.com\/fr\/wp-json\/wp\/v2\/product_cat?post=12304"},{"taxonomy":"product_tag","embeddable":true,"href":"https:\/\/puregrowshop.com\/fr\/wp-json\/wp\/v2\/product_tag?post=12304"}],"curies":[{"name":"wp","href":"https:\/\/api.w.org\/{rel}","templated":true}]}}