{"id":12278,"date":"2024-10-28T20:01:37","date_gmt":"2024-10-28T20:01:37","guid":{"rendered":"https:\/\/puregrowshop.com\/rootstimulator-coco-1-lt-hy-pro\/"},"modified":"2025-12-27T20:10:42","modified_gmt":"2025-12-27T20:10:42","slug":"rootstimulator-coco-1-lt-hy-pro","status":"publish","type":"product","link":"https:\/\/puregrowshop.com\/fr\/rootstimulator-coco-1-lt-hy-pro\/","title":{"rendered":"Rootstimulator Coco  1 lt. Hy-Pro"},"content":{"rendered":"<div class=\"product-description\">\n<h2>Rootstimulator Coco 1 lt. Hy-Pro<\/h2>\n<p>**Hy-Pro Rootstimulator Coco** es un estimulador de ra\u00edces dise\u00f1ado espec\u00edficamente para cultivos en sustratos de coco. Este producto est\u00e1 formulado con nutrientes esenciales y estimulantes de alta calidad que favorecen un desarrollo radicular saludable y vigoroso, maximizando el potencial de crecimiento de las plantas. Ideal para la etapa inicial del cultivo, asegura un sistema radicular fuerte y bien ramificado.<\/p>\n<h3>Beneficios<\/h3>\n<p>Gracias a su composici\u00f3n exclusiva, este estimulador optimiza la absorci\u00f3n de agua y nutrientes, promoviendo un crecimiento r\u00e1pido y robusto. Mejora la resistencia de las ra\u00edces ante posibles enfermedades y episodios de estr\u00e9s ambiental, lo que se traduce en plantas m\u00e1s saludables y productivas.<\/p>\n<h3>Modo de uso y dosificaci\u00f3n<\/h3>\n<p>Este producto est\u00e1 pensado para usarse desde los primeros riegos. Diluir **5 ml de Rootstimulator Coco por litro de agua** y aplicarlo directamente en el riego. Puede utilizarse tanto en sistemas de riego autom\u00e1tico como en manuales. Repetir la aplicaci\u00f3n semanalmente durante las primeras semanas de desarrollo y tambi\u00e9n en situaciones de trasplante para reducir el shock y favorecer la recuperaci\u00f3n de las ra\u00edces.<\/p>\n<h3>Composici\u00f3n<\/h3>\n<p>El estimulador cuenta con una combinaci\u00f3n \u00fanica de extractos de plantas y oligoelementos que promueven la actividad radicular. Sus principales componentes son nitr\u00f3geno (N), \u00e1cidos h\u00famicos y f\u00falvicos, adem\u00e1s de sustancias bioactivas dise\u00f1adas para potenciar la estructura y funcionalidad de las ra\u00edces.<\/p>\n<\/div>\n","protected":false},"excerpt":{"rendered":"<p><strong>Optimiza el desarrollo radicular<\/strong> de tus plantas cultivadas en coco con este fertilizante especializado. Rootstimulator de Hy-Pro fomenta un crecimiento vigoroso y saludable desde las ra\u00edces, garantizando una absorci\u00f3n de nutrientes superior y plantas m\u00e1s resistentes. Disponible en formato de 1 litro, es la elecci\u00f3n perfecta para maximizar el rendimiento en medios de coco.<\/p>\n","protected":false},"featured_media":11229,"comment_status":"open","ping_status":"closed","template":"","meta":{"_bst_post_transparent":"","_bst_post_title":"","_bst_post_layout":"","_bst_post_sidebar_id":"","_bst_post_content_style":"","_bst_post_vertical_padding":"","_bst_post_feature":"","_bst_post_feature_position":"","_bst_post_header":false,"_bst_post_footer":false},"pwb-brand":[165],"product_brand":[],"product_cat":[39],"product_tag":[],"class_list":{"0":"post-12278","1":"product","2":"type-product","3":"status-publish","4":"has-post-thumbnail","6":"pwb-brand-hy-pro","7":"product_cat-fertilizantes","9":"first","10":"instock","11":"sale","12":"taxable","13":"shipping-taxable","14":"purchasable","15":"product-type-simple","16":"entry","17":"content-bg","18":"loop-entry"},"brands":[{"id":165,"name":"Hy-Pro","slug":"hy-pro"}],"_links":{"self":[{"href":"https:\/\/puregrowshop.com\/fr\/wp-json\/wp\/v2\/product\/12278","targetHints":{"allow":["GET"]}}],"collection":[{"href":"https:\/\/puregrowshop.com\/fr\/wp-json\/wp\/v2\/product"}],"about":[{"href":"https:\/\/puregrowshop.com\/fr\/wp-json\/wp\/v2\/types\/product"}],"replies":[{"embeddable":true,"href":"https:\/\/puregrowshop.com\/fr\/wp-json\/wp\/v2\/comments?post=12278"}],"wp:featuredmedia":[{"embeddable":true,"href":"https:\/\/puregrowshop.com\/fr\/wp-json\/wp\/v2\/media\/11229"}],"wp:attachment":[{"href":"https:\/\/puregrowshop.com\/fr\/wp-json\/wp\/v2\/media?parent=12278"}],"wp:term":[{"taxonomy":"pwb-brand","embeddable":true,"href":"https:\/\/puregrowshop.com\/fr\/wp-json\/wp\/v2\/pwb-brand?post=12278"},{"taxonomy":"product_brand","embeddable":true,"href":"https:\/\/puregrowshop.com\/fr\/wp-json\/wp\/v2\/product_brand?post=12278"},{"taxonomy":"product_cat","embeddable":true,"href":"https:\/\/puregrowshop.com\/fr\/wp-json\/wp\/v2\/product_cat?post=12278"},{"taxonomy":"product_tag","embeddable":true,"href":"https:\/\/puregrowshop.com\/fr\/wp-json\/wp\/v2\/product_tag?post=12278"}],"curies":[{"name":"wp","href":"https:\/\/api.w.org\/{rel}","templated":true}]}}