{"id":12267,"date":"2024-10-28T20:01:34","date_gmt":"2024-10-28T20:01:34","guid":{"rendered":"https:\/\/puregrowshop.com\/coco-ab-10-lt-hy-pro\/"},"modified":"2025-12-27T20:10:33","modified_gmt":"2025-12-27T20:10:33","slug":"coco-ab-10-lt-hy-pro","status":"publish","type":"product","link":"https:\/\/puregrowshop.com\/fr\/coco-ab-10-lt-hy-pro\/","title":{"rendered":"Coco A+B 10 lt. Hy-Pro"},"content":{"rendered":"<p><strong>Tipo y Uso:<\/strong> Coco A+B es un fertilizante base espec\u00edfico dise\u00f1ado para cultivos en sustratos de coco, una opci\u00f3n cada vez m\u00e1s popular entre los cultivadores debido a sus excelentes capacidades de retenci\u00f3n de agua y aireaci\u00f3n. Este producto de la marca Hy-Pro, formulado en dos componentes, est\u00e1 pensado para cubrir todas las necesidades nutricionales de tus plantas durante la etapa de crecimiento y floraci\u00f3n.<\/p>\n<p><strong>Beneficios:<\/strong> Este fertilizante de alta calidad ha sido desarrollado para maximizar el potencial de las plantas cultivadas en coco, garantizando un desarrollo vigoroso y brotes m\u00e1s robustos. Sus nutrientes balanceados ofrecen un aporte exacto de macro y micronutrientes esenciales, facilitando la absorci\u00f3n eficiente en el sustrato. El resultado son plantas saludables, con ra\u00edces fuertes, mayor resistencia a enfermedades y cosechas m\u00e1s abundantes.<\/p>\n<p><strong>Modo de empleo y dosificaci\u00f3n:<\/strong> Coco A+B de Hy-Pro se aplica mezclando partes iguales de los componentes A y B en agua hasta obtener una soluci\u00f3n homog\u00e9nea. Es importante no mezclar directamente ambos componentes sin diluirlos previamente para evitar reacciones qu\u00edmicas indeseadas. Inicia con una dosificaci\u00f3n de 2 a 4 ml por litro de agua, ajustando seg\u00fan la etapa de desarrollo y las necesidades particulares del cultivo. Verifica el nivel de EC y controlar el rango de pH entre 5.5 y 6.0 para \u00f3ptimos resultados.<\/p>\n<p><strong>Composici\u00f3n:<\/strong> Este fertilizante est\u00e1 meticulosamente formulado con una combinaci\u00f3n de nitr\u00f3geno, f\u00f3sforo, y potasio (NPK), junto con oligoelementos adicionales, como magnesio, hierro, manganeso, zinc, cobre y molibdeno, que contribuyen a un desarrollo integral de las plantas. Los componentes han sido seleccionados para cubrir las necesidades espec\u00edficas de las plantas en sustrato de coco, asegurando una \u00f3ptima absorci\u00f3n y m\u00e1xima efectividad.<\/p>\n","protected":false},"excerpt":{"rendered":"<p>Mejora el rendimiento de tus cultivos hidrop\u00f3nicos con este fertilizante de alta calidad. Formulado espec\u00edficamente para sustratos de coco, su combinaci\u00f3n **A y B** garantiza un equilibrio \u00f3ptimo de nutrientes para un crecimiento vigoroso y saludable. Formato econ\u00f3mico de 10 litros para maximizar tu producci\u00f3n.<\/p>\n","protected":false},"featured_media":11207,"comment_status":"open","ping_status":"closed","template":"","meta":{"_bst_post_transparent":"","_bst_post_title":"","_bst_post_layout":"","_bst_post_sidebar_id":"","_bst_post_content_style":"","_bst_post_vertical_padding":"","_bst_post_feature":"","_bst_post_feature_position":"","_bst_post_header":false,"_bst_post_footer":false},"pwb-brand":[165],"product_brand":[],"product_cat":[39],"product_tag":[],"class_list":{"0":"post-12267","1":"product","2":"type-product","3":"status-publish","4":"has-post-thumbnail","6":"pwb-brand-hy-pro","7":"product_cat-fertilizantes","8":"product_shipping_class-entre-20-kg-y-30-kg","10":"first","11":"instock","12":"sale","13":"taxable","14":"shipping-taxable","15":"purchasable","16":"product-type-simple","17":"entry","18":"content-bg","19":"loop-entry"},"brands":[{"id":165,"name":"Hy-Pro","slug":"hy-pro"}],"_links":{"self":[{"href":"https:\/\/puregrowshop.com\/fr\/wp-json\/wp\/v2\/product\/12267","targetHints":{"allow":["GET"]}}],"collection":[{"href":"https:\/\/puregrowshop.com\/fr\/wp-json\/wp\/v2\/product"}],"about":[{"href":"https:\/\/puregrowshop.com\/fr\/wp-json\/wp\/v2\/types\/product"}],"replies":[{"embeddable":true,"href":"https:\/\/puregrowshop.com\/fr\/wp-json\/wp\/v2\/comments?post=12267"}],"wp:featuredmedia":[{"embeddable":true,"href":"https:\/\/puregrowshop.com\/fr\/wp-json\/wp\/v2\/media\/11207"}],"wp:attachment":[{"href":"https:\/\/puregrowshop.com\/fr\/wp-json\/wp\/v2\/media?parent=12267"}],"wp:term":[{"taxonomy":"pwb-brand","embeddable":true,"href":"https:\/\/puregrowshop.com\/fr\/wp-json\/wp\/v2\/pwb-brand?post=12267"},{"taxonomy":"product_brand","embeddable":true,"href":"https:\/\/puregrowshop.com\/fr\/wp-json\/wp\/v2\/product_brand?post=12267"},{"taxonomy":"product_cat","embeddable":true,"href":"https:\/\/puregrowshop.com\/fr\/wp-json\/wp\/v2\/product_cat?post=12267"},{"taxonomy":"product_tag","embeddable":true,"href":"https:\/\/puregrowshop.com\/fr\/wp-json\/wp\/v2\/product_tag?post=12267"}],"curies":[{"name":"wp","href":"https:\/\/api.w.org\/{rel}","templated":true}]}}