{"id":12265,"date":"2024-10-28T20:01:34","date_gmt":"2024-10-28T20:01:34","guid":{"rendered":"https:\/\/puregrowshop.com\/coco-ab-1-lt-hy-pro\/"},"modified":"2025-12-27T20:10:33","modified_gmt":"2025-12-27T20:10:33","slug":"coco-ab-1-lt-hy-pro","status":"publish","type":"product","link":"https:\/\/puregrowshop.com\/fr\/coco-ab-1-lt-hy-pro\/","title":{"rendered":"Coco A+B  1 lt. Hy-Pro"},"content":{"rendered":"<div class=\"product-summary\">\n<p><strong>Tipo y Uso:<\/strong> Este fertilizante mineral es un producto esencial para cultivadores que emplean sustratos de coco. Est\u00e1 espec\u00edficamente dise\u00f1ado como una soluci\u00f3n completa de dos partes (A+B) para todas las fases del cultivo de plantas en este medio. Su formulaci\u00f3n altamente concentrada asegura un suministro equilibrado de nutrientes fundamentales en cada riego, maximizando el rendimiento y la salud de tus cultivos en condiciones de coco.<\/p>\n<p><strong>Beneficios:<\/strong> La f\u00f3rmula de Coco A+B proporciona una fertilizaci\u00f3n precisa y eficaz, potenciando el desarrollo vigoroso de las ra\u00edces, un crecimiento robusto y una floraci\u00f3n exuberante. Esto se traduce en plantas m\u00e1s vigorosas y productivas con frutos de mayor calidad. Adem\u00e1s, ayuda a prevenir deficiencias nutricionales comunes en sustratos de coco, lo que garantiza un crecimiento saludable desde el primer d\u00eda hasta la cosecha.<\/p>\n<p><strong>Modo de Empleo y Dosificaci\u00f3n:<\/strong> Para usar, simplemente mezcla partes iguales de Coco A y Coco B en agua de riego seg\u00fan las necesidades espec\u00edficas de tus plantas. En etapas de crecimiento vegetativo, utiliza una dosis inicial de 2 ml de A y 2 ml de B por litro de agua, ajustando gradualmente la cantidad seg\u00fan el desarrollo de tus plantas. Durante la fase de floraci\u00f3n, aumenta la dosis hasta un m\u00e1ximo de 3-4 ml de cada parte por litro de agua. Recuerda medir y ajustar el pH de la soluci\u00f3n de nutrientes para mantenerlo entre 5.5 y 6.5, \u00f3ptimo para cultivos en coco. Usa \u00fanicamente agua pura y limpia al preparar la mezcla.<\/p>\n<p><strong>Composici\u00f3n:<\/strong> Este fertilizante en dos partes contiene una rica combinaci\u00f3n de elementos clave para el desarrollo de las plantas. Coco A incluye nitr\u00f3geno, calcio, y oligoelementos altamente disponibles, mientras que Coco B aporta f\u00f3sforo, potasio y magnesio. Ambos productos est\u00e1n cuidadosamente formulados para trabajar en sinergia, proporcionando nutrientes esenciales equilibrados en cada etapa del ciclo de vida, y est\u00e1n libres de residuos que puedan da\u00f1ar tus cultivos o contaminar el sustrato.<\/p>\n<\/div>\n<p>&#8220;`<\/p>\n","protected":false},"excerpt":{"rendered":"<p>&#8220;`html<\/p>\n<p>Haz crecer tus plantas con este fertilizante de alta calidad dise\u00f1ado espec\u00edficamente para cultivos en sustratos de fibra de coco. Sus componentes equilibrados aseguran un crecimiento y floraci\u00f3n exuberante. \u00a1Resultados visibles en menor tiempo!<\/p>\n<p>&#8220;`<\/p>\n","protected":false},"featured_media":11203,"comment_status":"open","ping_status":"closed","template":"","meta":{"_bst_post_transparent":"","_bst_post_title":"","_bst_post_layout":"","_bst_post_sidebar_id":"","_bst_post_content_style":"","_bst_post_vertical_padding":"","_bst_post_feature":"","_bst_post_feature_position":"","_bst_post_header":false,"_bst_post_footer":false},"pwb-brand":[165],"product_brand":[],"product_cat":[39],"product_tag":[],"class_list":{"0":"post-12265","1":"product","2":"type-product","3":"status-publish","4":"has-post-thumbnail","6":"pwb-brand-hy-pro","7":"product_cat-fertilizantes","8":"product_shipping_class-entre-1-kg-y-5-kg","10":"first","11":"instock","12":"sale","13":"taxable","14":"shipping-taxable","15":"purchasable","16":"product-type-simple","17":"entry","18":"content-bg","19":"loop-entry"},"brands":[{"id":165,"name":"Hy-Pro","slug":"hy-pro"}],"_links":{"self":[{"href":"https:\/\/puregrowshop.com\/fr\/wp-json\/wp\/v2\/product\/12265","targetHints":{"allow":["GET"]}}],"collection":[{"href":"https:\/\/puregrowshop.com\/fr\/wp-json\/wp\/v2\/product"}],"about":[{"href":"https:\/\/puregrowshop.com\/fr\/wp-json\/wp\/v2\/types\/product"}],"replies":[{"embeddable":true,"href":"https:\/\/puregrowshop.com\/fr\/wp-json\/wp\/v2\/comments?post=12265"}],"wp:featuredmedia":[{"embeddable":true,"href":"https:\/\/puregrowshop.com\/fr\/wp-json\/wp\/v2\/media\/11203"}],"wp:attachment":[{"href":"https:\/\/puregrowshop.com\/fr\/wp-json\/wp\/v2\/media?parent=12265"}],"wp:term":[{"taxonomy":"pwb-brand","embeddable":true,"href":"https:\/\/puregrowshop.com\/fr\/wp-json\/wp\/v2\/pwb-brand?post=12265"},{"taxonomy":"product_brand","embeddable":true,"href":"https:\/\/puregrowshop.com\/fr\/wp-json\/wp\/v2\/product_brand?post=12265"},{"taxonomy":"product_cat","embeddable":true,"href":"https:\/\/puregrowshop.com\/fr\/wp-json\/wp\/v2\/product_cat?post=12265"},{"taxonomy":"product_tag","embeddable":true,"href":"https:\/\/puregrowshop.com\/fr\/wp-json\/wp\/v2\/product_tag?post=12265"}],"curies":[{"name":"wp","href":"https:\/\/api.w.org\/{rel}","templated":true}]}}