{"id":12243,"date":"2024-10-28T20:01:29","date_gmt":"2024-10-28T20:01:29","guid":{"rendered":"https:\/\/puregrowshop.com\/budbastic-explosion-60-ml-agrobacterias\/"},"modified":"2025-12-27T20:10:16","modified_gmt":"2025-12-27T20:10:16","slug":"budbastic-explosion-60-ml-agrobacterias","status":"publish","type":"product","link":"https:\/\/puregrowshop.com\/fr\/budbastic-explosion-60-ml-agrobacterias\/","title":{"rendered":"Budbastic Explosion   60 ml. Agrobacterias"},"content":{"rendered":"<p><strong>Tipo y uso del fertilizante:<\/strong> Este poderoso estimulador de floraci\u00f3n es ideal para cultivadores que buscan maximizar la productividad de sus plantas durante la fase de floraci\u00f3n. Ha sido especialmente dise\u00f1ado para su uso en cultivos de interior y exterior, adapt\u00e1ndose perfectamente tanto a sustratos de tierra como en sistemas hidrop\u00f3nicos.<\/p>\n<p><strong>Beneficios:<\/strong> Budbastic Explosion de Agrobacterias ofrece un notable aumento en la densidad y tama\u00f1o de las flores, potenciando sus propiedades organol\u00e9pticas como el sabor y el aroma. Este fertilizante no solo aumenta el peso de los cogollos, sino que tambi\u00e9n mejora la resistencia de las plantas, permiti\u00e9ndoles superar cualquier estr\u00e9s ambiental sin comprometer su desarrollo. Adem\u00e1s, fomenta una mayor producci\u00f3n de resina, mejorando significativamente la calidad final de las cosechas.<\/p>\n<p><strong>Modo de empleo y dosificaci\u00f3n:<\/strong> Budbastic Explosion debe aplicarse durante toda la fase de floraci\u00f3n; se recomienda utilizar entre 2 y 4 ml por cada litro de agua de riego, ajust\u00e1ndose seg\u00fan las necesidades espec\u00edficas de cada cepa. Es compatible con otros nutrientes y estimuladores siempre y cuando no se utilice en exceso. Antes de aplicarlo, se debe agitar bien el producto y preparar \u00fanicamente la cantidad necesaria para utilizar al momento, ya que una vez mezclado el producto pierde efectividad con el paso del tiempo.<\/p>\n<p><strong>Composici\u00f3n:<\/strong> Este fertilizante 100% org\u00e1nico combina extractos vegetales altamente concentrados con micronutrientes esenciales, como el potasio y f\u00f3sforo en una proporci\u00f3n equilibrada, adem\u00e1s de amino\u00e1cidos, vitaminas y polisac\u00e1ridos dise\u00f1ados para un m\u00e1ximo rendimiento en el desarrollo floral. La f\u00f3rmula asegura una absorci\u00f3n eficiente y r\u00e1pida, permitiendo a las plantas acceder directamente a los nutrientes necesarios para potenciar su crecimiento in situ.<\/p>\n<p>&#8220;`<\/p>\n","protected":false},"excerpt":{"rendered":"<p>&#8220;`html<\/p>\n<p>Potencia al m\u00e1ximo la floraci\u00f3n con <strong>Budbastic Explosion<\/strong> de 60 ml. Este potenciador biol\u00f3gico de <strong>Agrobacterias<\/strong> mejora la formaci\u00f3n de flores, aumenta la resina y favorece aromas m\u00e1s intensos y naturales. Ideal para cultivos org\u00e1nicos y conscientes.<\/p>\n<p>&#8220;`<\/p>\n","protected":false},"featured_media":11159,"comment_status":"open","ping_status":"closed","template":"","meta":{"_bst_post_transparent":"","_bst_post_title":"","_bst_post_layout":"","_bst_post_sidebar_id":"","_bst_post_content_style":"","_bst_post_vertical_padding":"","_bst_post_feature":"","_bst_post_feature_position":"","_bst_post_header":false,"_bst_post_footer":false},"pwb-brand":[164],"product_brand":[],"product_cat":[39],"product_tag":[],"class_list":{"0":"post-12243","1":"product","2":"type-product","3":"status-publish","4":"has-post-thumbnail","6":"pwb-brand-agrobacterias","7":"product_cat-fertilizantes","9":"first","10":"instock","11":"sale","12":"taxable","13":"shipping-taxable","14":"purchasable","15":"product-type-simple","16":"entry","17":"content-bg","18":"loop-entry"},"brands":[{"id":164,"name":"Agrobacterias","slug":"agrobacterias"}],"_links":{"self":[{"href":"https:\/\/puregrowshop.com\/fr\/wp-json\/wp\/v2\/product\/12243","targetHints":{"allow":["GET"]}}],"collection":[{"href":"https:\/\/puregrowshop.com\/fr\/wp-json\/wp\/v2\/product"}],"about":[{"href":"https:\/\/puregrowshop.com\/fr\/wp-json\/wp\/v2\/types\/product"}],"replies":[{"embeddable":true,"href":"https:\/\/puregrowshop.com\/fr\/wp-json\/wp\/v2\/comments?post=12243"}],"wp:featuredmedia":[{"embeddable":true,"href":"https:\/\/puregrowshop.com\/fr\/wp-json\/wp\/v2\/media\/11159"}],"wp:attachment":[{"href":"https:\/\/puregrowshop.com\/fr\/wp-json\/wp\/v2\/media?parent=12243"}],"wp:term":[{"taxonomy":"pwb-brand","embeddable":true,"href":"https:\/\/puregrowshop.com\/fr\/wp-json\/wp\/v2\/pwb-brand?post=12243"},{"taxonomy":"product_brand","embeddable":true,"href":"https:\/\/puregrowshop.com\/fr\/wp-json\/wp\/v2\/product_brand?post=12243"},{"taxonomy":"product_cat","embeddable":true,"href":"https:\/\/puregrowshop.com\/fr\/wp-json\/wp\/v2\/product_cat?post=12243"},{"taxonomy":"product_tag","embeddable":true,"href":"https:\/\/puregrowshop.com\/fr\/wp-json\/wp\/v2\/product_tag?post=12243"}],"curies":[{"name":"wp","href":"https:\/\/api.w.org\/{rel}","templated":true}]}}