{"id":12192,"date":"2024-10-28T20:01:23","date_gmt":"2024-10-28T20:01:23","guid":{"rendered":"https:\/\/puregrowshop.com\/acarin-acaricida-10-gr-flower\/"},"modified":"2025-08-22T09:23:22","modified_gmt":"2025-08-22T09:23:22","slug":"acarin-acaricida-10-gr-flower","status":"publish","type":"product","link":"https:\/\/puregrowshop.com\/fr\/acarin-acaricida-10-gr-flower\/","title":{"rendered":"Acarin Acaricida 10 gr.Flower"},"content":{"rendered":"<p>Polvo para diluir que act\u00faa contra plagas de ara\u00f1a roja, \u00e1caros, minador y escarabajos. Realizar un solo tratamiento, aplicando mediante pulverizaci\u00f3n foliar normal con mochila, al inicio de la infestaci\u00f3n en:<\/p>\n<p>C\u00edtricos: Tetranchus urticae, Panonichus citri y Eotetranychus crpini. A dosis de 0,01- 0,0375g\/m2, con un volumen de caldo de 10-25L\/100m2 (uso no profesional).<br \/>Vid: Contra Tetranychus urticae. A dosis de 0,025-0,03g\/m2, con un volumen de caldo de 5- 6L\/100m2 (Uso no profesional).<br \/>Tambi\u00e9n en frutales de pepita y otros \u00e1rboles (uso profesional).<\/p>\n<p>Dosificaci\u00f3n:<br \/>Dosis orientativa: en una mochila de 0,1-0,3 g para 1 L de agua.<\/p>\n","protected":false},"excerpt":{"rendered":"<p>Insecticida en polvo que act\u00faa por contacto e ingesti\u00f3n, con amplio espectro y prolongada acci\u00f3n contra formas m\u00f3viles de \u00e1caros que atacan todo tipo de plantas.<\/p>\n","protected":false},"featured_media":11057,"comment_status":"open","ping_status":"closed","template":"","meta":{"_bst_post_transparent":"","_bst_post_title":"","_bst_post_layout":"","_bst_post_sidebar_id":"","_bst_post_content_style":"","_bst_post_vertical_padding":"","_bst_post_feature":"","_bst_post_feature_position":"","_bst_post_header":false,"_bst_post_footer":false},"pwb-brand":[163],"product_brand":[],"product_cat":[160],"product_tag":[],"class_list":{"0":"post-12192","1":"product","2":"type-product","3":"status-publish","4":"has-post-thumbnail","6":"pwb-brand-flower","7":"product_cat-insecticidas-para-marihuana","9":"first","10":"instock","11":"taxable","12":"shipping-taxable","13":"purchasable","14":"product-type-simple","15":"entry","16":"content-bg","17":"loop-entry"},"brands":[{"id":163,"name":"Flower","slug":"flower"}],"_links":{"self":[{"href":"https:\/\/puregrowshop.com\/fr\/wp-json\/wp\/v2\/product\/12192","targetHints":{"allow":["GET"]}}],"collection":[{"href":"https:\/\/puregrowshop.com\/fr\/wp-json\/wp\/v2\/product"}],"about":[{"href":"https:\/\/puregrowshop.com\/fr\/wp-json\/wp\/v2\/types\/product"}],"replies":[{"embeddable":true,"href":"https:\/\/puregrowshop.com\/fr\/wp-json\/wp\/v2\/comments?post=12192"}],"wp:featuredmedia":[{"embeddable":true,"href":"https:\/\/puregrowshop.com\/fr\/wp-json\/wp\/v2\/media\/11057"}],"wp:attachment":[{"href":"https:\/\/puregrowshop.com\/fr\/wp-json\/wp\/v2\/media?parent=12192"}],"wp:term":[{"taxonomy":"pwb-brand","embeddable":true,"href":"https:\/\/puregrowshop.com\/fr\/wp-json\/wp\/v2\/pwb-brand?post=12192"},{"taxonomy":"product_brand","embeddable":true,"href":"https:\/\/puregrowshop.com\/fr\/wp-json\/wp\/v2\/product_brand?post=12192"},{"taxonomy":"product_cat","embeddable":true,"href":"https:\/\/puregrowshop.com\/fr\/wp-json\/wp\/v2\/product_cat?post=12192"},{"taxonomy":"product_tag","embeddable":true,"href":"https:\/\/puregrowshop.com\/fr\/wp-json\/wp\/v2\/product_tag?post=12192"}],"curies":[{"name":"wp","href":"https:\/\/api.w.org\/{rel}","templated":true}]}}