{"id":12172,"date":"2024-10-28T20:01:19","date_gmt":"2024-10-28T20:01:19","guid":{"rendered":"https:\/\/puregrowshop.com\/boost-2-5-lt-hesi\/"},"modified":"2025-12-27T20:09:48","modified_gmt":"2025-12-27T20:09:48","slug":"boost-2-5-lt-hesi","status":"publish","type":"product","link":"https:\/\/puregrowshop.com\/fr\/boost-2-5-lt-hesi\/","title":{"rendered":"Boost  2.5 lt. Hesi"},"content":{"rendered":"<div class=\"product-description\">\n<p>Boost 2.5 Lt. de Hesi es un **estimulador de floraci\u00f3n de alta calidad** dise\u00f1ado espec\u00edficamente para maximizar el rendimiento y la calidad de tus cultivos. Este fertilizante act\u00faa acelerando los procesos metab\u00f3licos y aporta nutrientes esenciales que potencian tanto la formaci\u00f3n de flores como su densidad y tama\u00f1o.<\/p>\n<h3>Uso del producto<\/h3>\n<p>Ideal para la fase de floraci\u00f3n de cualquier tipo de cultivo, Boost de Hesi ayuda a las plantas a alcanzar todo su potencial durante las etapas cr\u00edticas del desarrollo floral. Es compatible con cultivos en tierra, coco o sistemas hidrop\u00f3nicos, adapt\u00e1ndose perfectamente a diferentes m\u00e9todos de cultivo.<\/p>\n<h3>Beneficios<\/h3>\n<p>Este booster garantiza una mejora visible en la calidad de las cosechas. **Los cogollos crecer\u00e1n m\u00e1s densos, tendr\u00e1n una mayor producci\u00f3n de resina y mejorar\u00e1n tanto en sabor como en aroma**. Adem\u00e1s, promueve la resistencia de las plantas frente a diversos factores de estr\u00e9s, garantizando un crecimiento vigoroso incluso en condiciones adversas.<\/p>\n<h3>Modo de empleo y dosificaci\u00f3n<\/h3>\n<p>Para obtener resultados \u00f3ptimos, mezcla de 2 a 4 ml de Boost Hesi por cada litro de agua de riego. Util\u00edzalo a partir de la mitad de la fase de floraci\u00f3n hasta una semana antes de la cosecha. Se puede aplicar tanto en sistemas de riego como directamente al sustrato.<\/p>\n<h3>Composici\u00f3n<\/h3>\n<p>Boost 2.5 Lt. de Hesi contiene una formulaci\u00f3n equilibrada de fosfatos, potasio, enzimas y oligoelementos esenciales. Cada componente est\u00e1 optimizado para estimular la actividad enzim\u00e1tica y mejorar el transporte de nutrientes dentro de la planta, asegurando un desarrollo uniforme y saludable.<\/p>\n<\/div>\n<p>&#8220;`<\/p>\n","protected":false},"excerpt":{"rendered":"<p>&#8220;`html<\/p>\n<p>Potencia el rendimiento y calidad de tus cultivos con este estimulador profesional. Dise\u00f1ado para la fase de floraci\u00f3n, fomenta una absorci\u00f3n de nutrientes \u00f3ptima y mejora el desarrollo de flores densas y arom\u00e1ticas. F\u00f3rmula equilibrada ideal para maximizar resultados en cualquier sistema de cultivo.<\/p>\n<p>&#8220;`<\/p>\n","protected":false},"featured_media":11017,"comment_status":"open","ping_status":"closed","template":"","meta":{"_bst_post_transparent":"","_bst_post_title":"","_bst_post_layout":"","_bst_post_sidebar_id":"","_bst_post_content_style":"","_bst_post_vertical_padding":"","_bst_post_feature":"","_bst_post_feature_position":"","_bst_post_header":false,"_bst_post_footer":false},"pwb-brand":[162],"product_brand":[],"product_cat":[39],"product_tag":[],"class_list":{"0":"post-12172","1":"product","2":"type-product","3":"status-publish","4":"has-post-thumbnail","6":"pwb-brand-hesi","7":"product_cat-fertilizantes","8":"product_shipping_class-entre-1-kg-y-5-kg","10":"first","11":"instock","12":"sale","13":"taxable","14":"shipping-taxable","15":"purchasable","16":"product-type-simple","17":"entry","18":"content-bg","19":"loop-entry"},"brands":[{"id":162,"name":"HESI","slug":"hesi"}],"_links":{"self":[{"href":"https:\/\/puregrowshop.com\/fr\/wp-json\/wp\/v2\/product\/12172","targetHints":{"allow":["GET"]}}],"collection":[{"href":"https:\/\/puregrowshop.com\/fr\/wp-json\/wp\/v2\/product"}],"about":[{"href":"https:\/\/puregrowshop.com\/fr\/wp-json\/wp\/v2\/types\/product"}],"replies":[{"embeddable":true,"href":"https:\/\/puregrowshop.com\/fr\/wp-json\/wp\/v2\/comments?post=12172"}],"wp:featuredmedia":[{"embeddable":true,"href":"https:\/\/puregrowshop.com\/fr\/wp-json\/wp\/v2\/media\/11017"}],"wp:attachment":[{"href":"https:\/\/puregrowshop.com\/fr\/wp-json\/wp\/v2\/media?parent=12172"}],"wp:term":[{"taxonomy":"pwb-brand","embeddable":true,"href":"https:\/\/puregrowshop.com\/fr\/wp-json\/wp\/v2\/pwb-brand?post=12172"},{"taxonomy":"product_brand","embeddable":true,"href":"https:\/\/puregrowshop.com\/fr\/wp-json\/wp\/v2\/product_brand?post=12172"},{"taxonomy":"product_cat","embeddable":true,"href":"https:\/\/puregrowshop.com\/fr\/wp-json\/wp\/v2\/product_cat?post=12172"},{"taxonomy":"product_tag","embeddable":true,"href":"https:\/\/puregrowshop.com\/fr\/wp-json\/wp\/v2\/product_tag?post=12172"}],"curies":[{"name":"wp","href":"https:\/\/api.w.org\/{rel}","templated":true}]}}