{"id":12171,"date":"2024-10-28T20:01:19","date_gmt":"2024-10-28T20:01:19","guid":{"rendered":"https:\/\/puregrowshop.com\/boost-1-lt-hesi\/"},"modified":"2025-12-27T20:09:48","modified_gmt":"2025-12-27T20:09:48","slug":"boost-1-lt-hesi","status":"publish","type":"product","link":"https:\/\/puregrowshop.com\/fr\/boost-1-lt-hesi\/","title":{"rendered":"Boost  1 lt. Hesi"},"content":{"rendered":"<div class=\"product-description\">\n<p><strong>Tipo y uso:<\/strong> Este fertilizante l\u00edquido ha sido cuidadosamente formulado para ser utilizado durante la fase de floraci\u00f3n de tus cultivos, maximizando el desarrollo y rendimiento de tus plantas. Hesi Boost es un estimulante de floraci\u00f3n de alta calidad dise\u00f1ado tanto para cultivos en tierra, coco e hidropon\u00eda. Su funci\u00f3n principal es acelerar la formaci\u00f3n de flores y frutas, mientras mejora su densidad y tama\u00f1o.<\/p>\n<p><strong>Beneficios:<\/strong> Hesi Boost mejora significativamente el desarrollo de las flores y frutos, aumentando la densidad y el tama\u00f1o final de la cosecha. Adem\u00e1s, fomenta la estructura celular robusta y mejora las propiedades organol\u00e9pticas (aroma, sabor y color) de los cultivos. Su uso contribuye a acelerar el ciclo de cultivo manteniendo una producci\u00f3n de alta calidad.<\/p>\n<p><strong>Modo de empleo y dosificaci\u00f3n:<\/strong> Hesi Boost es muy f\u00e1cil de usar. Diluye 2 ml por cada litro de agua de riego o emplea un pulverizador para aplicar directamente sobre las hojas de tus plantas. Se recomienda aplicar una vez por semana durante las primeras semanas de floraci\u00f3n y continuar hasta dos semanas antes de la cosecha. Antes de su aplicaci\u00f3n, aseg\u00farate de agitar el contenido del producto para garantizar la mezcla adecuada de los ingredientes activos.<\/p>\n<p><strong>Composici\u00f3n:<\/strong> Este potente producto contiene una mezcla precisa de nutrientes esenciales como potasio (K2O), f\u00f3sforo (P2O5) y una combinaci\u00f3n de enzimas y vitaminas que act\u00faan de forma sin\u00e9rgica para estimular las plantas en sus fases cr\u00edticas de floraci\u00f3n. Su composici\u00f3n natural tambi\u00e9n lo convierte en una opci\u00f3n segura para enriquecer tus cultivos sin da\u00f1ar el medio ambiente.<\/p>\n<\/div>\n<p>&#8220;`<\/p>\n","protected":false},"excerpt":{"rendered":"<p>&#8220;`html<\/p>\n<p><strong>Optimiza el rendimiento de tus cultivos con este potenciador premium. F\u00f3rmula avanzada<\/strong> para maximizar la absorci\u00f3n de nutrientes, mejorar el desarrollo en fase final y garantizar cosechas abundantes y de calidad. Ideal para cultivadores que buscan resultados profesionales.<\/p>\n<p>&#8220;`<\/p>\n","protected":false},"featured_media":11015,"comment_status":"open","ping_status":"closed","template":"","meta":{"_bst_post_transparent":"","_bst_post_title":"","_bst_post_layout":"","_bst_post_sidebar_id":"","_bst_post_content_style":"","_bst_post_vertical_padding":"","_bst_post_feature":"","_bst_post_feature_position":"","_bst_post_header":false,"_bst_post_footer":false},"pwb-brand":[162],"product_brand":[],"product_cat":[76],"product_tag":[],"class_list":{"0":"post-12171","1":"product","2":"type-product","3":"status-publish","4":"has-post-thumbnail","6":"pwb-brand-hesi","7":"product_cat-estimulantes-floracion","9":"first","10":"instock","11":"sale","12":"taxable","13":"shipping-taxable","14":"purchasable","15":"product-type-simple","16":"entry","17":"content-bg","18":"loop-entry"},"brands":[{"id":162,"name":"HESI","slug":"hesi"}],"_links":{"self":[{"href":"https:\/\/puregrowshop.com\/fr\/wp-json\/wp\/v2\/product\/12171","targetHints":{"allow":["GET"]}}],"collection":[{"href":"https:\/\/puregrowshop.com\/fr\/wp-json\/wp\/v2\/product"}],"about":[{"href":"https:\/\/puregrowshop.com\/fr\/wp-json\/wp\/v2\/types\/product"}],"replies":[{"embeddable":true,"href":"https:\/\/puregrowshop.com\/fr\/wp-json\/wp\/v2\/comments?post=12171"}],"wp:featuredmedia":[{"embeddable":true,"href":"https:\/\/puregrowshop.com\/fr\/wp-json\/wp\/v2\/media\/11015"}],"wp:attachment":[{"href":"https:\/\/puregrowshop.com\/fr\/wp-json\/wp\/v2\/media?parent=12171"}],"wp:term":[{"taxonomy":"pwb-brand","embeddable":true,"href":"https:\/\/puregrowshop.com\/fr\/wp-json\/wp\/v2\/pwb-brand?post=12171"},{"taxonomy":"product_brand","embeddable":true,"href":"https:\/\/puregrowshop.com\/fr\/wp-json\/wp\/v2\/product_brand?post=12171"},{"taxonomy":"product_cat","embeddable":true,"href":"https:\/\/puregrowshop.com\/fr\/wp-json\/wp\/v2\/product_cat?post=12171"},{"taxonomy":"product_tag","embeddable":true,"href":"https:\/\/puregrowshop.com\/fr\/wp-json\/wp\/v2\/product_tag?post=12171"}],"curies":[{"name":"wp","href":"https:\/\/api.w.org\/{rel}","templated":true}]}}