{"id":12164,"date":"2024-10-28T20:01:18","date_gmt":"2024-10-28T20:01:18","guid":{"rendered":"https:\/\/puregrowshop.com\/powerzyme-10-lt-hesi\/"},"modified":"2025-12-27T20:09:38","modified_gmt":"2025-12-27T20:09:38","slug":"powerzyme-10-lt-hesi","status":"publish","type":"product","link":"https:\/\/puregrowshop.com\/fr\/powerzyme-10-lt-hesi\/","title":{"rendered":"Powerzyme 10 lt. Hesi"},"content":{"rendered":"<p><strong>Tipo de producto:<\/strong> Fertilizante enzim\u00e1tico l\u00edquido altamente concentrado, dise\u00f1ado para usar durante todas las etapas de cultivo, ya sea en suelos, coco o sistemas hidrop\u00f3nicos.<\/p>\n<p><strong>Uso y beneficios:<\/strong> Powerzyme contribuye a la mejora del rendimiento de tus cultivos gracias a su innovadora f\u00f3rmula basada en enzimas naturales que act\u00faan de manera eficiente en la descomposici\u00f3n de material org\u00e1nico muerto. Estas enzimas trabajan para transformar los restos de ra\u00edces y otros residuos en nutrientes f\u00e1cilmente asimilables para las plantas. Este proceso no solo mantiene limpio el sustrato y los sistemas de cultivo, sino que tambi\u00e9n estimula el desarrollo de nuevas ra\u00edces, mejorando la absorci\u00f3n de nutrientes y potenciando el vigor general de las plantas.<\/p>\n<p>Adem\u00e1s, el uso continuo de este producto fomenta un entorno m\u00e1s saludable en el medio de cultivo al reducir la acumulaci\u00f3n de desechos org\u00e1nicos que, de no ser tratados, podr\u00edan favorecer el desarrollo de pat\u00f3genos o condiciones perjudiciales para las ra\u00edces.<\/p>\n<p><strong>Modo de empleo:<\/strong> Powerzyme se incorpora directamente al riego y es compatible con otros fertilizantes y aditivos de la gama Hesi, as\u00ed como con productos de distintas marcas. Para obtener los mejores resultados, se recomienda utilizarlo una vez por semana durante todo el ciclo de vida de las plantas.<\/p>\n<p><strong>Dosificaci\u00f3n:<\/strong> Mezclar 2 ml de Powerzyme por cada litro de agua de riego. Agitar bien antes de su uso para garantizar una distribuci\u00f3n uniforme en el medio de cultivo. Dado que es un aditivo totalmente seguro, no hay riesgo de sobredosis si se utiliza en las proporciones adecuadas.<\/p>\n<p><strong>Composici\u00f3n:<\/strong> La f\u00f3rmula de Powerzyme est\u00e1 basada en enzimas naturales derivadas de hongos seleccionados, que act\u00faan como catalizadores biol\u00f3gicos para la descomposici\u00f3n de materia org\u00e1nica. Sus componentes han sido dise\u00f1ados para mantener un equilibrio \u00f3ptimo en el sustrato, sin alterar el pH ni acumular residuos qu\u00edmicos. Es apto tanto para entornos de cultivo org\u00e1nico como convencional.<\/p>\n<p>Con Powerzyme de Hesi, tus plantas tendr\u00e1n un entorno de ra\u00edces m\u00e1s limpio y saludable, optimizando su desarrollo desde la base.<\/p>\n<p>&#8220;`<\/p>\n","protected":false},"excerpt":{"rendered":"<p>&#8220;`html<\/p>\n<p>Descubre el estimulador natural con **Powerzyme de Hesi** en su presentaci\u00f3n de 10 litros. Una f\u00f3rmula premium que activa microrganismos beneficiosos para potenciar la salud del sustrato, mejorar la absorci\u00f3n de nutrientes y maximizar el rendimiento de tus cultivos. Ideal para sistemas hidrop\u00f3nicos y tierra.<\/p>\n<p>&#8220;`<\/p>\n","protected":false},"featured_media":11001,"comment_status":"open","ping_status":"closed","template":"","meta":{"_bst_post_transparent":"","_bst_post_title":"","_bst_post_layout":"","_bst_post_sidebar_id":"","_bst_post_content_style":"","_bst_post_vertical_padding":"","_bst_post_feature":"","_bst_post_feature_position":"","_bst_post_header":false,"_bst_post_footer":false},"pwb-brand":[162],"product_brand":[],"product_cat":[39],"product_tag":[],"class_list":{"0":"post-12164","1":"product","2":"type-product","3":"status-publish","4":"has-post-thumbnail","6":"pwb-brand-hesi","7":"product_cat-fertilizantes","9":"first","10":"instock","11":"sale","12":"taxable","13":"shipping-taxable","14":"purchasable","15":"product-type-simple","16":"entry","17":"content-bg","18":"loop-entry"},"brands":[{"id":162,"name":"HESI","slug":"hesi"}],"_links":{"self":[{"href":"https:\/\/puregrowshop.com\/fr\/wp-json\/wp\/v2\/product\/12164","targetHints":{"allow":["GET"]}}],"collection":[{"href":"https:\/\/puregrowshop.com\/fr\/wp-json\/wp\/v2\/product"}],"about":[{"href":"https:\/\/puregrowshop.com\/fr\/wp-json\/wp\/v2\/types\/product"}],"replies":[{"embeddable":true,"href":"https:\/\/puregrowshop.com\/fr\/wp-json\/wp\/v2\/comments?post=12164"}],"wp:featuredmedia":[{"embeddable":true,"href":"https:\/\/puregrowshop.com\/fr\/wp-json\/wp\/v2\/media\/11001"}],"wp:attachment":[{"href":"https:\/\/puregrowshop.com\/fr\/wp-json\/wp\/v2\/media?parent=12164"}],"wp:term":[{"taxonomy":"pwb-brand","embeddable":true,"href":"https:\/\/puregrowshop.com\/fr\/wp-json\/wp\/v2\/pwb-brand?post=12164"},{"taxonomy":"product_brand","embeddable":true,"href":"https:\/\/puregrowshop.com\/fr\/wp-json\/wp\/v2\/product_brand?post=12164"},{"taxonomy":"product_cat","embeddable":true,"href":"https:\/\/puregrowshop.com\/fr\/wp-json\/wp\/v2\/product_cat?post=12164"},{"taxonomy":"product_tag","embeddable":true,"href":"https:\/\/puregrowshop.com\/fr\/wp-json\/wp\/v2\/product_tag?post=12164"}],"curies":[{"name":"wp","href":"https:\/\/api.w.org\/{rel}","templated":true}]}}