{"id":12158,"date":"2024-10-28T20:01:18","date_gmt":"2024-10-28T20:01:18","guid":{"rendered":"https:\/\/puregrowshop.com\/complejo-floracion-tierra-20-lt-hesi\/"},"modified":"2025-12-27T20:09:38","modified_gmt":"2025-12-27T20:09:38","slug":"complejo-floracion-tierra-20-lt-hesi","status":"publish","type":"product","link":"https:\/\/puregrowshop.com\/fr\/complejo-floracion-tierra-20-lt-hesi\/","title":{"rendered":"Complejo Floracion Tierra 20 lt. Hesi"},"content":{"rendered":"<div class=\"product-description\">\n<p><strong>Tipo de fertilizante:<\/strong> El Complejo de Floraci\u00f3n Tierra es un fertilizante l\u00edquido completamente equilibrado y dise\u00f1ado espec\u00edficamente para satisfacer las exigentes demandas nutricionales de las plantas durante la fase de floraci\u00f3n. Este producto es ideal para cultivos en tierra, proporcionando los nutrientes necesarios para potenciar al m\u00e1ximo las etapas de flor y garantizar una cosecha abundante y de calidad superior.<\/p>\n<p><strong>Beneficios para la planta:<\/strong> Este fertilizante estimula una explosiva formaci\u00f3n de flores mientras mantiene un desarrollo sano del follaje, lo que asegura una mayor eficiencia en la fotos\u00edntesis. Adem\u00e1s, refuerza las paredes celulares y activa el metabolismo de la planta, lo que resulta en flores m\u00e1s resistentes, densas y de aromas intensos. Es compatible con diferentes tipos de sistemas de riego, evitando acumulaciones indeseadas en el suelo.<\/p>\n<p><strong>Modo de empleo y dosificaci\u00f3n:<\/strong> Se recomienda utilizar 50 ml de producto por cada 10 litros de agua de riego. Durante la fase de floraci\u00f3n, apl\u00edcalo con cada riego o al menos una vez por semana, asegur\u00e1ndote de no exceder la dosificaci\u00f3n sugerida. Para obtener \u00f3ptimos resultados, combina el uso de este fertilizante con otros productos espec\u00edficos de Hesi destinados a las necesidades de cada etapa de cultivo.<\/p>\n<p><strong>Composici\u00f3n:<\/strong> Formulado con una base rica en nitr\u00f3geno, f\u00f3sforo y potasio (NPK), adem\u00e1s de microelementos esenciales como hierro, magnesio, zinc, cobre y molibdeno, el Complejo de Floraci\u00f3n Tierra incluye tambi\u00e9n enzimas y amino\u00e1cidos que mejoran la absorci\u00f3n de nutrientes y fortalecen la estructura de la planta. Su f\u00f3rmula de alta calidad asegura la disponibilidad inmediata de los nutrientes sin alterar el pH del sustrato.<\/p>\n<\/div>\n<p>&#8220;`<\/p>\n","protected":false},"excerpt":{"rendered":"<p>&#8220;`html<\/p>\n<p>Disfruta de una floraci\u00f3n extraordinaria con el fertilizante l\u00edquido de Hesi, dise\u00f1ado para sustratos de tierra. Su f\u00f3rmula optimiza el uso de nutrientes y mejora la calidad de las cosechas. Ideal para cultivadores que buscan m\u00e1ximo rendimiento.<\/p>\n<p>&#8220;`<\/p>\n","protected":false},"featured_media":10989,"comment_status":"open","ping_status":"closed","template":"","meta":{"_bst_post_transparent":"","_bst_post_title":"","_bst_post_layout":"","_bst_post_sidebar_id":"","_bst_post_content_style":"","_bst_post_vertical_padding":"","_bst_post_feature":"","_bst_post_feature_position":"","_bst_post_header":false,"_bst_post_footer":false},"pwb-brand":[162],"product_brand":[],"product_cat":[39],"product_tag":[],"class_list":{"0":"post-12158","1":"product","2":"type-product","3":"status-publish","4":"has-post-thumbnail","6":"pwb-brand-hesi","7":"product_cat-fertilizantes","8":"product_shipping_class-entre-20-kg-y-30-kg","10":"first","11":"instock","12":"sale","13":"taxable","14":"shipping-taxable","15":"purchasable","16":"product-type-simple","17":"entry","18":"content-bg","19":"loop-entry"},"brands":[{"id":162,"name":"HESI","slug":"hesi"}],"_links":{"self":[{"href":"https:\/\/puregrowshop.com\/fr\/wp-json\/wp\/v2\/product\/12158","targetHints":{"allow":["GET"]}}],"collection":[{"href":"https:\/\/puregrowshop.com\/fr\/wp-json\/wp\/v2\/product"}],"about":[{"href":"https:\/\/puregrowshop.com\/fr\/wp-json\/wp\/v2\/types\/product"}],"replies":[{"embeddable":true,"href":"https:\/\/puregrowshop.com\/fr\/wp-json\/wp\/v2\/comments?post=12158"}],"wp:featuredmedia":[{"embeddable":true,"href":"https:\/\/puregrowshop.com\/fr\/wp-json\/wp\/v2\/media\/10989"}],"wp:attachment":[{"href":"https:\/\/puregrowshop.com\/fr\/wp-json\/wp\/v2\/media?parent=12158"}],"wp:term":[{"taxonomy":"pwb-brand","embeddable":true,"href":"https:\/\/puregrowshop.com\/fr\/wp-json\/wp\/v2\/pwb-brand?post=12158"},{"taxonomy":"product_brand","embeddable":true,"href":"https:\/\/puregrowshop.com\/fr\/wp-json\/wp\/v2\/product_brand?post=12158"},{"taxonomy":"product_cat","embeddable":true,"href":"https:\/\/puregrowshop.com\/fr\/wp-json\/wp\/v2\/product_cat?post=12158"},{"taxonomy":"product_tag","embeddable":true,"href":"https:\/\/puregrowshop.com\/fr\/wp-json\/wp\/v2\/product_tag?post=12158"}],"curies":[{"name":"wp","href":"https:\/\/api.w.org\/{rel}","templated":true}]}}