{"id":12156,"date":"2024-10-28T20:01:18","date_gmt":"2024-10-28T20:01:18","guid":{"rendered":"https:\/\/puregrowshop.com\/powerzyme-2-5-lt-hesi\/"},"modified":"2025-12-27T20:09:29","modified_gmt":"2025-12-27T20:09:29","slug":"powerzyme-2-5-lt-hesi","status":"publish","type":"product","link":"https:\/\/puregrowshop.com\/fr\/powerzyme-2-5-lt-hesi\/","title":{"rendered":"Powerzyme  2.5 lt. Hesi"},"content":{"rendered":"<p>\n  <strong>Tipo y uso del fertilizante:<\/strong> Powerzyme de 2.5 litros de la reconocida marca Hesi es un suplemento enzim\u00e1tico dise\u00f1ado para mejorar la estructura y salud del medio de cultivo. Este producto est\u00e1 especialmente formulado para cultivadores que deseen maximizar el rendimiento y la calidad de sus plantas, ya sea en cultivos de tierra, coco o hidropon\u00eda. Act\u00faa descomponiendo restos org\u00e1nicos como ra\u00edces muertas, transform\u00e1ndolos en nutrientes f\u00e1cilmente asimilables por las plantas.\n<\/p>\n<p>\n  <strong>Beneficios que consigue en la planta:<\/strong> Powerzyme promueve un entorno radicular m\u00e1s limpio y saludable, estimulando la actividad microbiana en el sustrato y evitando el desarrollo de pat\u00f3genos. Con el uso continuado, las ra\u00edces absorben nutrientes de manera m\u00e1s eficiente, lo que se traduce en un crecimiento vigoroso, hojas m\u00e1s verdes y cosechas m\u00e1s abundantes. Adem\u00e1s, mejora la oxigenaci\u00f3n del medio, favoreciendo un desarrollo general \u00f3ptimo de la planta.\n<\/p>\n<p>\n  <strong>Modo de empleo y dosificaci\u00f3n:<\/strong> Para su correcta aplicaci\u00f3n, diluir 2 ml de Powerzyme por litro de agua. Se recomienda usar la mezcla en cada riego durante toda la etapa de crecimiento y floraci\u00f3n. Es compatible con los principales programas de fertilizaci\u00f3n y no afecta a microorganismos beneficiosos presentes en el sustrato. Agitar bien antes de usar y asegurarse de que el fertilizante est\u00e9 completamente disuelto en el agua de riego.\n<\/p>\n<p>\n  <strong>Composici\u00f3n:<\/strong> Este producto contiene una f\u00f3rmula rica en enzimas naturales que transforman los desechos org\u00e1nicos en mol\u00e9culas nutritivas para las plantas. Adem\u00e1s, incluye elementos secundarios que complementan su acci\u00f3n dentro del sustrato. Su f\u00f3rmula ha sido elaborada con precisi\u00f3n para garantizar la seguridad y efectividad en cultivos de cualquier tipo.\n<\/p>\n<p>&#8220;`<\/p>\n","protected":false},"excerpt":{"rendered":"<p>&#8220;`html<\/p>\n<p>Descubre el rendimiento excepcional de **Powerzyme de Hesi**, un potente activador enzim\u00e1tico dise\u00f1ado para promover la descomposici\u00f3n de ra\u00edces muertas y fomentar una mayor absorci\u00f3n de nutrientes. Ideal para mejorar la calidad de tus cultivos en cualquier sustrato.<\/p>\n<p>&#8220;`<\/p>\n","protected":false},"featured_media":10985,"comment_status":"open","ping_status":"closed","template":"","meta":{"_bst_post_transparent":"","_bst_post_title":"","_bst_post_layout":"","_bst_post_sidebar_id":"","_bst_post_content_style":"","_bst_post_vertical_padding":"","_bst_post_feature":"","_bst_post_feature_position":"","_bst_post_header":false,"_bst_post_footer":false},"pwb-brand":[162],"product_brand":[],"product_cat":[39],"product_tag":[],"class_list":{"0":"post-12156","1":"product","2":"type-product","3":"status-publish","4":"has-post-thumbnail","6":"pwb-brand-hesi","7":"product_cat-fertilizantes","8":"product_shipping_class-entre-1-kg-y-5-kg","10":"first","11":"instock","12":"sale","13":"taxable","14":"shipping-taxable","15":"purchasable","16":"product-type-simple","17":"entry","18":"content-bg","19":"loop-entry"},"brands":[{"id":162,"name":"HESI","slug":"hesi"}],"_links":{"self":[{"href":"https:\/\/puregrowshop.com\/fr\/wp-json\/wp\/v2\/product\/12156","targetHints":{"allow":["GET"]}}],"collection":[{"href":"https:\/\/puregrowshop.com\/fr\/wp-json\/wp\/v2\/product"}],"about":[{"href":"https:\/\/puregrowshop.com\/fr\/wp-json\/wp\/v2\/types\/product"}],"replies":[{"embeddable":true,"href":"https:\/\/puregrowshop.com\/fr\/wp-json\/wp\/v2\/comments?post=12156"}],"wp:featuredmedia":[{"embeddable":true,"href":"https:\/\/puregrowshop.com\/fr\/wp-json\/wp\/v2\/media\/10985"}],"wp:attachment":[{"href":"https:\/\/puregrowshop.com\/fr\/wp-json\/wp\/v2\/media?parent=12156"}],"wp:term":[{"taxonomy":"pwb-brand","embeddable":true,"href":"https:\/\/puregrowshop.com\/fr\/wp-json\/wp\/v2\/pwb-brand?post=12156"},{"taxonomy":"product_brand","embeddable":true,"href":"https:\/\/puregrowshop.com\/fr\/wp-json\/wp\/v2\/product_brand?post=12156"},{"taxonomy":"product_cat","embeddable":true,"href":"https:\/\/puregrowshop.com\/fr\/wp-json\/wp\/v2\/product_cat?post=12156"},{"taxonomy":"product_tag","embeddable":true,"href":"https:\/\/puregrowshop.com\/fr\/wp-json\/wp\/v2\/product_tag?post=12156"}],"curies":[{"name":"wp","href":"https:\/\/api.w.org\/{rel}","templated":true}]}}