{"id":12149,"date":"2024-10-28T20:01:14","date_gmt":"2024-10-28T20:01:14","guid":{"rendered":"https:\/\/puregrowshop.com\/powerzyme-1-lt-hesi\/"},"modified":"2025-12-27T20:09:17","modified_gmt":"2025-12-27T20:09:17","slug":"powerzyme-1-lt-hesi","status":"publish","type":"product","link":"https:\/\/puregrowshop.com\/fr\/powerzyme-1-lt-hesi\/","title":{"rendered":"Powerzyme  1 lt. Hesi"},"content":{"rendered":"<p><strong>Tipo y uso del fertilizante:<\/strong><\/p>\n<p>Hesi Powerzyme es un <strong>aditivo enzim\u00e1tico 100% natural<\/strong> dise\u00f1ado exclusivamente para ser utilizado en cultivos tanto de tierra, coco como hidropon\u00eda. Este producto es ideal para transformar la materia org\u00e1nica del sustrato en nutrientes f\u00e1cilmente asimilables por las plantas, optimizando as\u00ed su crecimiento y desarrollo. Es especialmente \u00fatil para mantener un sustrato sano y productivo durante todo el ciclo de cultivo.<\/p>\n<p><strong>Beneficios:<\/strong><\/p>\n<ul>\n<li>Descompone eficientemente las ra\u00edces muertas y la materia org\u00e1nica acumulada, convirti\u00e9ndolas en az\u00facares y nutrientes f\u00e1cilmente absorbibles.<\/li>\n<li>Favorece el desarrollo de la microbiolog\u00eda beneficiosa en el sustrato.<\/li>\n<li>Permite una mejor oxigenaci\u00f3n del suelo o medio de cultivo, mejorando la salud general de la planta.<\/li>\n<li>Fortalece las ra\u00edces gracias a su r\u00e1pida absorci\u00f3n, consiguiendo un mejor desarrollo estructural y mayor absorci\u00f3n de otros nutrientes esenciales.<\/li>\n<\/ul>\n<p><strong>Modo de empleo y dosificaci\u00f3n:<\/strong><\/p>\n<p>Su aplicaci\u00f3n es bastante sencilla y eficiente:<\/p>\n<ul>\n<li>Se debe diluir <strong>2 ml de Hesi Powerzyme por litro de agua<\/strong>.<\/li>\n<li>Recomendado su uso una vez a la semana durante todo el ciclo de crecimiento y floraci\u00f3n.<\/li>\n<li>Apto tanto para sistemas de riego manual como autom\u00e1tico.<\/li>\n<\/ul>\n<p>Este producto es compatible con otros fertilizantes Hesi y no afecta de manera negativa la qu\u00edmica del sustrato. Recuerda siempre agitar el producto antes de su uso.<\/p>\n<p><strong>Composici\u00f3n:<\/strong><\/p>\n<p>Hesi Powerzyme est\u00e1 compuesto principalmente de <strong>enzimas naturales extra\u00eddas de hongos beneficiosos<\/strong>, complementadas con oligoelementos esenciales como el celulasa, que descompone de manera efectiva restos de material org\u00e1nico. Este equilibrio perfecto de ingredientes asegura tanto la restauraci\u00f3n como el enriquecimiento del ecosistema del sustrato, otorgando a tus plantas un entorno id\u00f3neo para prosperar.<\/p>\n<p>&#8220;`<\/p>\n","protected":false},"excerpt":{"rendered":"<p>&#8220;`html<\/p>\n<p><strong>Powerzyme 1L Hesi<\/strong> es un poderoso estimulador enzim\u00e1tico que mejora la absorci\u00f3n de nutrientes y descompone residuos en el sustrato, optimizando la salud de tus plantas. Su f\u00f3rmula altamente concentrada act\u00faa r\u00e1pidamente para mantener las ra\u00edces en perfecto estado y potenciar el crecimiento. Ideal para todo tipo de medios de cultivo.<\/p>\n<p>&#8220;`<\/p>\n","protected":false},"featured_media":10971,"comment_status":"open","ping_status":"closed","template":"","meta":{"_bst_post_transparent":"","_bst_post_title":"","_bst_post_layout":"","_bst_post_sidebar_id":"","_bst_post_content_style":"","_bst_post_vertical_padding":"","_bst_post_feature":"","_bst_post_feature_position":"","_bst_post_header":false,"_bst_post_footer":false},"pwb-brand":[162],"product_brand":[],"product_cat":[39],"product_tag":[],"class_list":{"0":"post-12149","1":"product","2":"type-product","3":"status-publish","4":"has-post-thumbnail","6":"pwb-brand-hesi","7":"product_cat-fertilizantes","9":"first","10":"instock","11":"sale","12":"taxable","13":"shipping-taxable","14":"purchasable","15":"product-type-simple","16":"entry","17":"content-bg","18":"loop-entry"},"brands":[{"id":162,"name":"HESI","slug":"hesi"}],"_links":{"self":[{"href":"https:\/\/puregrowshop.com\/fr\/wp-json\/wp\/v2\/product\/12149","targetHints":{"allow":["GET"]}}],"collection":[{"href":"https:\/\/puregrowshop.com\/fr\/wp-json\/wp\/v2\/product"}],"about":[{"href":"https:\/\/puregrowshop.com\/fr\/wp-json\/wp\/v2\/types\/product"}],"replies":[{"embeddable":true,"href":"https:\/\/puregrowshop.com\/fr\/wp-json\/wp\/v2\/comments?post=12149"}],"wp:featuredmedia":[{"embeddable":true,"href":"https:\/\/puregrowshop.com\/fr\/wp-json\/wp\/v2\/media\/10971"}],"wp:attachment":[{"href":"https:\/\/puregrowshop.com\/fr\/wp-json\/wp\/v2\/media?parent=12149"}],"wp:term":[{"taxonomy":"pwb-brand","embeddable":true,"href":"https:\/\/puregrowshop.com\/fr\/wp-json\/wp\/v2\/pwb-brand?post=12149"},{"taxonomy":"product_brand","embeddable":true,"href":"https:\/\/puregrowshop.com\/fr\/wp-json\/wp\/v2\/product_brand?post=12149"},{"taxonomy":"product_cat","embeddable":true,"href":"https:\/\/puregrowshop.com\/fr\/wp-json\/wp\/v2\/product_cat?post=12149"},{"taxonomy":"product_tag","embeddable":true,"href":"https:\/\/puregrowshop.com\/fr\/wp-json\/wp\/v2\/product_tag?post=12149"}],"curies":[{"name":"wp","href":"https:\/\/api.w.org\/{rel}","templated":true}]}}