{"id":12147,"date":"2024-10-28T20:01:14","date_gmt":"2024-10-28T20:01:14","guid":{"rendered":"https:\/\/puregrowshop.com\/pk-13-14-1-lt-hesi\/"},"modified":"2025-12-27T20:09:17","modified_gmt":"2025-12-27T20:09:17","slug":"pk-13-14-1-lt-hesi","status":"publish","type":"product","link":"https:\/\/puregrowshop.com\/fr\/pk-13-14-1-lt-hesi\/","title":{"rendered":"PK 13 \/ 14 &#8211;  1 lt. Hesi"},"content":{"rendered":"<div class=\"product-description\">\n<p><strong>Tipo y uso:<\/strong> PK 13\/14 de Hesi es un fertilizante mineral espec\u00edficamente dise\u00f1ado para la fase de floraci\u00f3n de las plantas. Su f\u00f3rmula concentrada de f\u00f3sforo (P) y potasio (K) es ideal para intensificar la formaci\u00f3n de flores y maximizar el rendimiento de cultivo. Este potenciador es perfecto tanto para cultivos en tierra, coco o sistemas hidrop\u00f3nicos, proporcionando a tus plantas los nutrientes esenciales durante este periodo crucial de su desarrollo.<\/p>\n<p><strong>Beneficios:<\/strong> Con el uso de PK 13\/14 de Hesi, tus plantas experimentar\u00e1n una floraci\u00f3n explosiva y consistente. Este fertilizante potencia la formaci\u00f3n de cogollos compactos y resinosos, elevando su densidad y calidad. Adem\u00e1s, mejora la absorci\u00f3n de nutrientes al complementar perfectamente las dem\u00e1s soluciones de fertilizaci\u00f3n, contribuyendo a un desarrollo equilibrado y saludable de las plantas. Al ser un producto concentrado, tambi\u00e9n ayuda a economizar en su uso, permitiendo resultados excepcionales con dosis peque\u00f1as.<\/p>\n<p><strong>Modo de empleo y dosificaci\u00f3n:<\/strong> PK 13\/14 de Hesi se utiliza \u00fanicamente durante la fase de floraci\u00f3n, comenzando su aplicaci\u00f3n desde la segunda semana de esta etapa. Se recomienda a\u00f1adirlo al agua de riego en una proporci\u00f3n de 1,5 ml por litro. Es importante asegurarte de mezclarlo bien para que los nutrientes se disuelvan uniformemente. El fertilizante puede combinarse con otros productos de la gama Hesi para obtener resultados \u00f3ptimos. Recuerda ajustar el pH de la soluci\u00f3n nutritiva si es necesario, dependiendo del medio de cultivo.<\/p>\n<p><strong>Composici\u00f3n:<\/strong> Este estimulador de floraci\u00f3n contiene un equilibrio preciso de nutrientes: F\u00f3sforo 9% (P2O5) y Potasio 7% (K2O). Al tratarse de un fertilizante mineral de alta calidad, su f\u00f3rmula est\u00e1 dise\u00f1ada para proporcionar una mayor biodisponibilidad, asegurando que las plantas puedan absorber los nutrientes de manera eficiente y sin acumulaciones. La composici\u00f3n est\u00e1 libre de impurezas y elementos da\u00f1inos, lo que lo convierte en un producto seguro y confiable para cualquier tipo de cultivo.<\/p>\n<\/div>\n<p>&#8220;`<\/p>\n","protected":false},"excerpt":{"rendered":"<p>&#8220;`html<\/p>\n<p>Maximiza el desarrollo de tus plantas en fase de floraci\u00f3n con este potente fertilizante. **Rico en f\u00f3sforo y potasio**, garantiza cogollos m\u00e1s densos y compactos, optimizando la producci\u00f3n en cultivos de interior y exterior.<\/p>\n<p>&#8220;`<\/p>\n","protected":false},"featured_media":10967,"comment_status":"open","ping_status":"closed","template":"","meta":{"_bst_post_transparent":"","_bst_post_title":"","_bst_post_layout":"","_bst_post_sidebar_id":"","_bst_post_content_style":"","_bst_post_vertical_padding":"","_bst_post_feature":"","_bst_post_feature_position":"","_bst_post_header":false,"_bst_post_footer":false},"pwb-brand":[162],"product_brand":[],"product_cat":[39],"product_tag":[],"class_list":{"0":"post-12147","1":"product","2":"type-product","3":"status-publish","4":"has-post-thumbnail","6":"pwb-brand-hesi","7":"product_cat-fertilizantes","9":"first","10":"instock","11":"sale","12":"taxable","13":"shipping-taxable","14":"purchasable","15":"product-type-simple","16":"entry","17":"content-bg","18":"loop-entry"},"brands":[{"id":162,"name":"HESI","slug":"hesi"}],"_links":{"self":[{"href":"https:\/\/puregrowshop.com\/fr\/wp-json\/wp\/v2\/product\/12147","targetHints":{"allow":["GET"]}}],"collection":[{"href":"https:\/\/puregrowshop.com\/fr\/wp-json\/wp\/v2\/product"}],"about":[{"href":"https:\/\/puregrowshop.com\/fr\/wp-json\/wp\/v2\/types\/product"}],"replies":[{"embeddable":true,"href":"https:\/\/puregrowshop.com\/fr\/wp-json\/wp\/v2\/comments?post=12147"}],"wp:featuredmedia":[{"embeddable":true,"href":"https:\/\/puregrowshop.com\/fr\/wp-json\/wp\/v2\/media\/10967"}],"wp:attachment":[{"href":"https:\/\/puregrowshop.com\/fr\/wp-json\/wp\/v2\/media?parent=12147"}],"wp:term":[{"taxonomy":"pwb-brand","embeddable":true,"href":"https:\/\/puregrowshop.com\/fr\/wp-json\/wp\/v2\/pwb-brand?post=12147"},{"taxonomy":"product_brand","embeddable":true,"href":"https:\/\/puregrowshop.com\/fr\/wp-json\/wp\/v2\/product_brand?post=12147"},{"taxonomy":"product_cat","embeddable":true,"href":"https:\/\/puregrowshop.com\/fr\/wp-json\/wp\/v2\/product_cat?post=12147"},{"taxonomy":"product_tag","embeddable":true,"href":"https:\/\/puregrowshop.com\/fr\/wp-json\/wp\/v2\/product_tag?post=12147"}],"curies":[{"name":"wp","href":"https:\/\/api.w.org\/{rel}","templated":true}]}}