{"id":12136,"date":"2024-10-28T20:01:13","date_gmt":"2024-10-28T20:01:13","guid":{"rendered":"https:\/\/puregrowshop.com\/complejo-floracion-hydro-1-lt-hesi\/"},"modified":"2025-12-27T20:09:09","modified_gmt":"2025-12-27T20:09:09","slug":"complejo-floracion-hydro-1-lt-hesi","status":"publish","type":"product","link":"https:\/\/puregrowshop.com\/fr\/complejo-floracion-hydro-1-lt-hesi\/","title":{"rendered":"Complejo Floracion Hydro  1 lt. Hesi"},"content":{"rendered":"<p><strong>Tipo y uso del fertilizante:<\/strong> Este fertilizante l\u00edquido est\u00e1 dise\u00f1ado espec\u00edficamente para cultivos hidrop\u00f3nicos en la etapa de floraci\u00f3n. Su f\u00f3rmula \u00fanica ayuda a proporcionar todos los nutrientes esenciales para que las plantas desarrollen flores densas, arom\u00e1ticas y de alta calidad. Es ideal para quienes buscan un crecimiento saludable en sistemas sin suelo.<\/p>\n<p><strong>Beneficios:<\/strong> El Complejo Floraci\u00f3n Hydro de Hesi mejora notablemente la absorci\u00f3n de nutrientes gracias a su equilibrio perfecto de oligoelementos, vitaminas y az\u00facares que act\u00faan como estimulantes naturales para la planta. Este fertilizante potencia la formaci\u00f3n de flores vigorosas y aumenta la producci\u00f3n de resina, lo que conlleva a una cosecha abundante y de excelente calidad. Adem\u00e1s, contribuye a fortalecer las plantas, mejorando su resistencia a plagas y enfermedades.<\/p>\n<p><strong>Modo de empleo y dosificaci\u00f3n:<\/strong> Para obtener los mejores resultados, utiliza 5 ml de producto por cada litro de agua de riego. Aseg\u00farate de remover bien la soluci\u00f3n antes de aplicarla a tus plantas. Se recomienda usar este fertilizante durante toda la etapa de floraci\u00f3n, ajustando la dosificaci\u00f3n en funci\u00f3n de las necesidades espec\u00edficas de tu cultivo y de las condiciones ambientales. Es compatible con otros suplementos Hesi, como el PK 13\/14, para potenciar a\u00fan m\u00e1s los resultados.<\/p>\n<p><strong>Composici\u00f3n:<\/strong> La f\u00f3rmula de este fertilizante incorpora una combinaci\u00f3n balanceada de nitr\u00f3geno, f\u00f3sforo y potasio (NPK), junto con oligoelementos esenciales, tales como magnesio, calcio, hierro, zinc y m\u00e1s. Tambi\u00e9n incluye enzimas y vitaminas del grupo B que estimulan el metabolismo de las plantas, garantizando una asimilaci\u00f3n r\u00e1pida y eficiente de los nutrientes. Su f\u00f3rmula libre de residuos asegura un medio hidrop\u00f3nico limpio y saludable.<\/p>\n<p>&#8220;`<\/p>\n","protected":false},"excerpt":{"rendered":"<p>Mejora el rendimiento de tu cosecha con este fertilizante l\u00edquido dise\u00f1ado para sistemas hidrop\u00f3nicos. Su f\u00f3rmula avanzada optimiza la absorci\u00f3n de nutrientes, promoviendo un crecimiento explosivo de las flores y un mayor desarrollo de las ra\u00edces. Ideal para quienes buscan resultados profesionales.<\/p>\n<p>&#8220;`<\/p>\n","protected":false},"featured_media":10945,"comment_status":"open","ping_status":"closed","template":"","meta":{"_bst_post_transparent":"default","_bst_post_title":"","_bst_post_layout":"default","_bst_post_sidebar_id":"","_bst_post_content_style":"default","_bst_post_vertical_padding":"default","_bst_post_feature":"","_bst_post_feature_position":"","_bst_post_header":false,"_bst_post_footer":false},"pwb-brand":[162],"product_brand":[],"product_cat":[39],"product_tag":[],"class_list":{"0":"post-12136","1":"product","2":"type-product","3":"status-publish","4":"has-post-thumbnail","6":"pwb-brand-hesi","7":"product_cat-fertilizantes","9":"first","10":"instock","11":"sale","12":"taxable","13":"shipping-taxable","14":"purchasable","15":"product-type-simple","16":"entry","17":"content-bg","18":"loop-entry"},"brands":[{"id":162,"name":"HESI","slug":"hesi"}],"_links":{"self":[{"href":"https:\/\/puregrowshop.com\/fr\/wp-json\/wp\/v2\/product\/12136","targetHints":{"allow":["GET"]}}],"collection":[{"href":"https:\/\/puregrowshop.com\/fr\/wp-json\/wp\/v2\/product"}],"about":[{"href":"https:\/\/puregrowshop.com\/fr\/wp-json\/wp\/v2\/types\/product"}],"replies":[{"embeddable":true,"href":"https:\/\/puregrowshop.com\/fr\/wp-json\/wp\/v2\/comments?post=12136"}],"wp:featuredmedia":[{"embeddable":true,"href":"https:\/\/puregrowshop.com\/fr\/wp-json\/wp\/v2\/media\/10945"}],"wp:attachment":[{"href":"https:\/\/puregrowshop.com\/fr\/wp-json\/wp\/v2\/media?parent=12136"}],"wp:term":[{"taxonomy":"pwb-brand","embeddable":true,"href":"https:\/\/puregrowshop.com\/fr\/wp-json\/wp\/v2\/pwb-brand?post=12136"},{"taxonomy":"product_brand","embeddable":true,"href":"https:\/\/puregrowshop.com\/fr\/wp-json\/wp\/v2\/product_brand?post=12136"},{"taxonomy":"product_cat","embeddable":true,"href":"https:\/\/puregrowshop.com\/fr\/wp-json\/wp\/v2\/product_cat?post=12136"},{"taxonomy":"product_tag","embeddable":true,"href":"https:\/\/puregrowshop.com\/fr\/wp-json\/wp\/v2\/product_tag?post=12136"}],"curies":[{"name":"wp","href":"https:\/\/api.w.org\/{rel}","templated":true}]}}