{"id":12134,"date":"2024-10-28T20:01:13","date_gmt":"2024-10-28T20:01:13","guid":{"rendered":"https:\/\/puregrowshop.com\/complejo-crecimiento-tierra-tnt-1-lt-hesi\/"},"modified":"2025-12-27T20:09:09","modified_gmt":"2025-12-27T20:09:09","slug":"complejo-crecimiento-tierra-tnt-1-lt-hesi","status":"publish","type":"product","link":"https:\/\/puregrowshop.com\/fr\/complejo-crecimiento-tierra-tnt-1-lt-hesi\/","title":{"rendered":"Complejo Crecimiento Tierra TNT  1 lt. Hesi"},"content":{"rendered":"<p><strong>Descripci\u00f3n del producto:<\/strong> Dise\u00f1ado espec\u00edficamente para cultivos en tierra, este fertilizante l\u00edquido destaca por ofrecer una f\u00f3rmula equilibrada que garantiza un desarrollo vegetativo vigoroso. Es ideal para cultivos en etapa de crecimiento, proporcionando todos los nutrientes necesarios para un \u00f3ptimo desarrollo de hojas, tallos y ra\u00edces. Su formulaci\u00f3n \u00fanica permite que las plantas absorban los nutrientes de forma eficiente, resultando en cultivos m\u00e1s saludables y con mayor potencial de producci\u00f3n.<\/p>\n<p><strong>Beneficios del producto:<\/strong> Este fertilizante fomenta un crecimiento acelerado al maximizar la absorci\u00f3n de nitr\u00f3geno por parte de las plantas, lo que resulta en una mayor formaci\u00f3n de masa foliar. Tambi\u00e9n mejora la estructura del suelo gracias a su contenido en compuestos org\u00e1nicos y minerales de alta calidad. Adem\u00e1s, estimula una r\u00e1pida recuperaci\u00f3n de las plantas despu\u00e9s de periodos de estr\u00e9s, gracias a su contenido en vitaminas y oligoelementos.<\/p>\n<p><strong>Modo de empleo:<\/strong> Este producto es muy f\u00e1cil de usar. Agita bien antes de usar. Diluye 5 ml de producto por cada litro de agua en riego habitual. Puede aplicarse una o dos veces por semana seg\u00fan las condiciones espec\u00edficas del cultivo. Ten en cuenta las necesidades particulares de tu planta dependiendo del tipo de tierra y su estado de desarrollo.<\/p>\n<p><strong>Composici\u00f3n:<\/strong> El fertilizante contiene una mezcla equilibrada de nitr\u00f3geno (N), f\u00f3sforo (P) y potasio (K) en proporciones \u00f3ptimas (6-2-4), adem\u00e1s de macronutrientes adicionales y componentes org\u00e1nicos. Incluye vitaminas como B1 y B2, as\u00ed como minerales traza esenciales como magnesio, hierro, cobre y zinc, dise\u00f1ados para garantizar un desarrollo integral de tus plantas.<\/p>\n<p><strong>Recomendaciones adicionales:<\/strong> No almacenar a temperaturas extremas y mantener fuera del alcance de los ni\u00f1os. Este producto no es apto para cultivos fuera de tierra o sistemas hidrop\u00f3nicos. Recuerda seguir las instrucciones de seguridad y protecci\u00f3n del medio ambiente.<\/p>\n<p>&#8220;`<\/p>\n","protected":false},"excerpt":{"rendered":"<p>&#8220;`html<\/p>\n<p>Potencia el desarrollo r\u00e1pido y saludable de tus plantas con este fertilizante l\u00edquido altamente concentrado. Dise\u00f1ado para cultivos en tierra, su f\u00f3rmula equilibrada rica en nitr\u00f3geno y minerales garantiza un crecimiento vigoroso y hojas verdes abundantes. Ideal para cultivadores exigentes que buscan resultados inmediatos y efectivos.<\/p>\n<p>&#8220;`<\/p>\n","protected":false},"featured_media":10941,"comment_status":"open","ping_status":"closed","template":"","meta":{"_bst_post_transparent":"","_bst_post_title":"","_bst_post_layout":"","_bst_post_sidebar_id":"","_bst_post_content_style":"","_bst_post_vertical_padding":"","_bst_post_feature":"","_bst_post_feature_position":"","_bst_post_header":false,"_bst_post_footer":false},"pwb-brand":[162],"product_brand":[],"product_cat":[39],"product_tag":[],"class_list":{"0":"post-12134","1":"product","2":"type-product","3":"status-publish","4":"has-post-thumbnail","6":"pwb-brand-hesi","7":"product_cat-fertilizantes","9":"first","10":"instock","11":"sale","12":"taxable","13":"shipping-taxable","14":"purchasable","15":"product-type-simple","16":"entry","17":"content-bg","18":"loop-entry"},"brands":[{"id":162,"name":"HESI","slug":"hesi"}],"_links":{"self":[{"href":"https:\/\/puregrowshop.com\/fr\/wp-json\/wp\/v2\/product\/12134","targetHints":{"allow":["GET"]}}],"collection":[{"href":"https:\/\/puregrowshop.com\/fr\/wp-json\/wp\/v2\/product"}],"about":[{"href":"https:\/\/puregrowshop.com\/fr\/wp-json\/wp\/v2\/types\/product"}],"replies":[{"embeddable":true,"href":"https:\/\/puregrowshop.com\/fr\/wp-json\/wp\/v2\/comments?post=12134"}],"wp:featuredmedia":[{"embeddable":true,"href":"https:\/\/puregrowshop.com\/fr\/wp-json\/wp\/v2\/media\/10941"}],"wp:attachment":[{"href":"https:\/\/puregrowshop.com\/fr\/wp-json\/wp\/v2\/media?parent=12134"}],"wp:term":[{"taxonomy":"pwb-brand","embeddable":true,"href":"https:\/\/puregrowshop.com\/fr\/wp-json\/wp\/v2\/pwb-brand?post=12134"},{"taxonomy":"product_brand","embeddable":true,"href":"https:\/\/puregrowshop.com\/fr\/wp-json\/wp\/v2\/product_brand?post=12134"},{"taxonomy":"product_cat","embeddable":true,"href":"https:\/\/puregrowshop.com\/fr\/wp-json\/wp\/v2\/product_cat?post=12134"},{"taxonomy":"product_tag","embeddable":true,"href":"https:\/\/puregrowshop.com\/fr\/wp-json\/wp\/v2\/product_tag?post=12134"}],"curies":[{"name":"wp","href":"https:\/\/api.w.org\/{rel}","templated":true}]}}