{"id":12131,"date":"2024-10-28T20:01:12","date_gmt":"2024-10-28T20:01:12","guid":{"rendered":"https:\/\/puregrowshop.com\/coco-5-lt-hesi\/"},"modified":"2025-12-27T20:08:58","modified_gmt":"2025-12-27T20:08:58","slug":"coco-5-lt-hesi","status":"publish","type":"product","link":"https:\/\/puregrowshop.com\/fr\/coco-5-lt-hesi\/","title":{"rendered":"Coco   5 lt. Hesi"},"content":{"rendered":"<div class=\"product-description\">\n<p><strong>Tipo y uso del fertilizante:<\/strong> Este fertilizante es un producto dise\u00f1ado espec\u00edficamente para proporcionar todos los nutrientes esenciales que las plantas necesitan durante su cultivo en sustratos de coco. Adecuado tanto para cultivadores principiantes como experimentados, ofrece un equilibrio \u00f3ptimo de nutrientes para garantizar un crecimiento vigoroso y una floraci\u00f3n espectacular. Se puede utilizar tanto en cultivos de interior como en exterior, maximizando el potencial del sustrato de coco gracias a su f\u00f3rmula especializada.<\/p>\n<p><strong>Beneficios para la planta:<\/strong> Este fertilizante asegura un desarrollo saludable de las ra\u00edces y una \u00f3ptima absorci\u00f3n de nutrientes. Estimula un crecimiento r\u00e1pido y vigoroso de la planta, promueve una estructura fuerte y una floraci\u00f3n abundante con flores densas y resinosas. Adem\u00e1s, minimiza la acumulaci\u00f3n de sales en el sustrato, proporcionando un entorno perfecto para el desarrollo de tus plantas.<\/p>\n<p><strong>Modo de empleo y dosificaci\u00f3n:<\/strong> Para un uso correcto, diluye el fertilizante en agua seg\u00fan las indicaciones del fabricante. Durante la fase de crecimiento, mezcla 5 ml por cada litro de agua y aplica en cada riego. En la etapa de floraci\u00f3n, ajusta la dosificaci\u00f3n a 7 ml por litro de agua. Se recomienda revisar regularmente el pH y la EC del agua para asegurar que se mantengan en niveles \u00f3ptimos, garantizando as\u00ed que las plantas aprovechen al m\u00e1ximo los nutrientes proporcionados.<\/p>\n<p><strong>Composici\u00f3n:<\/strong> Este fertilizante contiene una mezcla equilibrada de macronutrientes (NPK), micronutrientes esenciales quelatados y compuestos org\u00e1nicos cuidadosamente seleccionados. Incluye cantidades medida de nitr\u00f3geno, f\u00f3sforo y potasio, indispensables para el ciclo vital de las plantas, adem\u00e1s de magnesio, calcio y otros oligoelementos esenciales. Todo ello es presentado en forma f\u00e1cilmente asimilable para ofrecer resultados r\u00e1pidos y efectivos.<\/p>\n<\/div>\n<p>&#8220;`<\/p>\n","protected":false},"excerpt":{"rendered":"<p>&#8220;`html<\/p>\n<p>Optimiza el crecimiento de tus plantas con este fertilizante de alta calidad, dise\u00f1ado espec\u00edficamente para cultivos en coco. Su f\u00f3rmula avanzada garantiza una nutrici\u00f3n completa y equilibrada, potenciando ra\u00edces fuertes y cosechas abundantes. Ideal para cultivadores exigentes que buscan resultados excepcionales.<\/p>\n<p>&#8220;`<\/p>\n","protected":false},"featured_media":10935,"comment_status":"open","ping_status":"closed","template":"","meta":{"_bst_post_transparent":"","_bst_post_title":"","_bst_post_layout":"","_bst_post_sidebar_id":"","_bst_post_content_style":"","_bst_post_vertical_padding":"","_bst_post_feature":"","_bst_post_feature_position":"","_bst_post_header":false,"_bst_post_footer":false},"pwb-brand":[162],"product_brand":[],"product_cat":[39],"product_tag":[],"class_list":{"0":"post-12131","1":"product","2":"type-product","3":"status-publish","4":"has-post-thumbnail","6":"pwb-brand-hesi","7":"product_cat-fertilizantes","8":"product_shipping_class-entre-5-kg-y-10-kg","10":"first","11":"instock","12":"sale","13":"taxable","14":"shipping-taxable","15":"purchasable","16":"product-type-simple","17":"entry","18":"content-bg","19":"loop-entry"},"brands":[{"id":162,"name":"HESI","slug":"hesi"}],"_links":{"self":[{"href":"https:\/\/puregrowshop.com\/fr\/wp-json\/wp\/v2\/product\/12131","targetHints":{"allow":["GET"]}}],"collection":[{"href":"https:\/\/puregrowshop.com\/fr\/wp-json\/wp\/v2\/product"}],"about":[{"href":"https:\/\/puregrowshop.com\/fr\/wp-json\/wp\/v2\/types\/product"}],"replies":[{"embeddable":true,"href":"https:\/\/puregrowshop.com\/fr\/wp-json\/wp\/v2\/comments?post=12131"}],"wp:featuredmedia":[{"embeddable":true,"href":"https:\/\/puregrowshop.com\/fr\/wp-json\/wp\/v2\/media\/10935"}],"wp:attachment":[{"href":"https:\/\/puregrowshop.com\/fr\/wp-json\/wp\/v2\/media?parent=12131"}],"wp:term":[{"taxonomy":"pwb-brand","embeddable":true,"href":"https:\/\/puregrowshop.com\/fr\/wp-json\/wp\/v2\/pwb-brand?post=12131"},{"taxonomy":"product_brand","embeddable":true,"href":"https:\/\/puregrowshop.com\/fr\/wp-json\/wp\/v2\/product_brand?post=12131"},{"taxonomy":"product_cat","embeddable":true,"href":"https:\/\/puregrowshop.com\/fr\/wp-json\/wp\/v2\/product_cat?post=12131"},{"taxonomy":"product_tag","embeddable":true,"href":"https:\/\/puregrowshop.com\/fr\/wp-json\/wp\/v2\/product_tag?post=12131"}],"curies":[{"name":"wp","href":"https:\/\/api.w.org\/{rel}","templated":true}]}}