{"id":12112,"date":"2024-10-28T20:01:09","date_gmt":"2024-10-28T20:01:09","guid":{"rendered":"https:\/\/puregrowshop.com\/tec-fort-250-ml-trabe-expelex\/"},"modified":"2025-12-27T20:28:45","modified_gmt":"2025-12-27T20:28:45","slug":"tec-fort-250-ml-trabe-expelex","status":"publish","type":"product","link":"https:\/\/puregrowshop.com\/fr\/tec-fort-250-ml-trabe-expelex\/","title":{"rendered":"TEC &#8211; FORT  250 ml. Trabe (Expelex)"},"content":{"rendered":"<p>Presentamos el TEC &#8211; FORT 250 ml de Trabe, un fertilizante de alta calidad dise\u00f1ado para potenciar el crecimiento y desarrollo de sus plantas. Este producto es ideal tanto para jardineros aficionados como para agricultores profesionales que buscan resultados excepcionales en sus cultivos.<\/p>\n<ul>\n<li>Capacidad: 250 ml<\/li>\n<li>Peso: 0.35 kg<\/li>\n<li>Categor\u00eda: Fertilizantes<\/li>\n<li>Producto ecol\u00f3gico y seguro para el medio ambiente<\/li>\n<\/ul>\n<p>El TEC &#8211; FORT 250 ml act\u00faa como un estimulante natural, mejorando la absorci\u00f3n de nutrientes y fortaleciendo las defensas naturales de las plantas. Este fertilizante es especialmente efectivo en situaciones de estr\u00e9s ambiental, ayudando a mejorar la resistencia de las plantas al calor, fr\u00edo y sequ\u00eda. Adem\u00e1s, fomenta un crecimiento m\u00e1s vigoroso y una floraci\u00f3n m\u00e1s abundante.<\/p>\n<p>Composici\u00f3n: Formulado a base de extractos vegetales y minerales que aseguran un aporte equilibrado de nutrientes esenciales.<\/p>\n<p>Instrucciones de uso y dosificaci\u00f3n: Diluir 5 ml del producto en 1 litro de agua y aplicar directamente sobre el sustrato o mediante pulverizaci\u00f3n foliar. Repetir el proceso cada 15 d\u00edas para obtener los mejores resultados. Adecuado para todo tipo de plantas, tanto de interior como de exterior.<\/p>\n","protected":false},"excerpt":{"rendered":"<p>EXPEL\u00c9X\u00ae es un potente fitofortificante vegetal de amplio espectro. <\/p>\n<p>EXPEL\u00c9X\u00ae procede de flores secas, combinado con jab\u00f3n pot\u00e1sico. La tecnolog\u00eda utilizada, extracci\u00f3n con CO2, permite que EXPEL\u00c9X\u00ae sea un producto natural libre de trazas t\u00f3xicas e indeseables.<\/p>\n<p>COMPOSICI\u00d3N<\/p>\n<p>Extracto Puro de Flores y jab\u00f3n pot\u00e1sico.<\/p>\n<p>INDICADO<\/p>\n<p>EXPEL\u00c9X\u00ae est\u00e1 indicado para reforzar las defensas naturales de las plantas frente a plagas exteriores. EXPEL\u00c9X\u00ae es un fitofortificante vegetal de amplio espectro.<\/p>\n<p>DOSIFICACI\u00d3N<\/p>\n<p>Aplicar pulverizando a la planta. Utilizar 2-4 ml de EXPEL\u00c9X\u00ae por litro de agua. Repetir seg\u00fan necesidad.<\/p>\n","protected":false},"featured_media":10897,"comment_status":"open","ping_status":"closed","template":"","meta":{"_bst_post_transparent":"","_bst_post_title":"","_bst_post_layout":"","_bst_post_sidebar_id":"","_bst_post_content_style":"","_bst_post_vertical_padding":"","_bst_post_feature":"","_bst_post_feature_position":"","_bst_post_header":false,"_bst_post_footer":false},"pwb-brand":[159],"product_brand":[],"product_cat":[39],"product_tag":[],"class_list":{"0":"post-12112","1":"product","2":"type-product","3":"status-publish","4":"has-post-thumbnail","6":"pwb-brand-trabe","7":"product_cat-fertilizantes","9":"first","10":"instock","11":"sale","12":"taxable","13":"shipping-taxable","14":"purchasable","15":"product-type-simple","16":"entry","17":"content-bg","18":"loop-entry"},"brands":[{"id":159,"name":"Trabe","slug":"trabe"}],"_links":{"self":[{"href":"https:\/\/puregrowshop.com\/fr\/wp-json\/wp\/v2\/product\/12112","targetHints":{"allow":["GET"]}}],"collection":[{"href":"https:\/\/puregrowshop.com\/fr\/wp-json\/wp\/v2\/product"}],"about":[{"href":"https:\/\/puregrowshop.com\/fr\/wp-json\/wp\/v2\/types\/product"}],"replies":[{"embeddable":true,"href":"https:\/\/puregrowshop.com\/fr\/wp-json\/wp\/v2\/comments?post=12112"}],"wp:featuredmedia":[{"embeddable":true,"href":"https:\/\/puregrowshop.com\/fr\/wp-json\/wp\/v2\/media\/10897"}],"wp:attachment":[{"href":"https:\/\/puregrowshop.com\/fr\/wp-json\/wp\/v2\/media?parent=12112"}],"wp:term":[{"taxonomy":"pwb-brand","embeddable":true,"href":"https:\/\/puregrowshop.com\/fr\/wp-json\/wp\/v2\/pwb-brand?post=12112"},{"taxonomy":"product_brand","embeddable":true,"href":"https:\/\/puregrowshop.com\/fr\/wp-json\/wp\/v2\/product_brand?post=12112"},{"taxonomy":"product_cat","embeddable":true,"href":"https:\/\/puregrowshop.com\/fr\/wp-json\/wp\/v2\/product_cat?post=12112"},{"taxonomy":"product_tag","embeddable":true,"href":"https:\/\/puregrowshop.com\/fr\/wp-json\/wp\/v2\/product_tag?post=12112"}],"curies":[{"name":"wp","href":"https:\/\/api.w.org\/{rel}","templated":true}]}}