{"id":12111,"date":"2024-10-28T20:01:08","date_gmt":"2024-10-28T20:01:08","guid":{"rendered":"https:\/\/puregrowshop.com\/bachumus-ecohemp-floracion-5-lt-trabe\/"},"modified":"2025-12-27T20:08:58","modified_gmt":"2025-12-27T20:08:58","slug":"bachumus-ecohemp-floracion-5-lt-trabe","status":"publish","type":"product","link":"https:\/\/puregrowshop.com\/fr\/bachumus-ecohemp-floracion-5-lt-trabe\/","title":{"rendered":"Bachumus Ecohemp Floraci\u00f3n 5 lt. Trabe"},"content":{"rendered":"<p>Bachumus Ecohemp Floraci\u00f3n 5 lt. Trabe es un fertilizante ecol\u00f3gico de alta calidad dise\u00f1ado espec\u00edficamente para optimizar el proceso de floraci\u00f3n de tus plantas. Ideal para cultivadores comprometidos con pr\u00e1cticas sostenibles, este producto garantiza un crecimiento vigoroso y abundante.<\/p>\n<ul>\n<li>Peso: 6.35 kg<\/li>\n<li>Categor\u00eda: Fertilizantes<\/li>\n<li>Volumen: 5 litros<\/li>\n<\/ul>\n<p>Este fertilizante ofrece m\u00faltiples beneficios a tus plantas, promoviendo un desarrollo m\u00e1s sano y una floraci\u00f3n exuberante. Al utilizar Bachumus Ecohemp Floraci\u00f3n, notar\u00e1s una mejora significativa en la densidad y calidad de las flores, lo que se traduce en un rendimiento superior.<\/p>\n<p>La composici\u00f3n de este producto incluye nutrientes esenciales derivados de ingredientes org\u00e1nicos, asegurando un aporte equilibrado y sostenible para tus plantas. Adem\u00e1s, su f\u00f3rmula est\u00e1 enriquecida con microelementos que potencian la absorci\u00f3n de nutrientes.<\/p>\n<p>Para obtener los mejores resultados, diluye 5 ml de producto en 1 litro de agua y apl\u00edcalo una vez por semana durante la fase de floraci\u00f3n. Aseg\u00farate de seguir las instrucciones de uso para maximizar los beneficios y evitar el exceso de nutrientes. Con Bachumus Ecohemp Floraci\u00f3n, tus plantas estar\u00e1n en las mejores manos.<\/p>\n","protected":false},"excerpt":{"rendered":"<p> BACHUMUS evolution\u00ae crecimiento y floraci\u00f3n son fertilizantes org\u00e1nicos a base de materia 100% vegetal fermentada con bacterias y enzimas bajo estricto control de laboratorio, al que se han a\u00f1adido algas marinas que potencian su capacidad de estimulaci\u00f3n en la fase de crecimiento y en el momento de la floraci\u00f3n, adem\u00e1s de Proneem, que ayuda en el fortalecimiento y defensa de la planta contra pat\u00f3genos externos. BACHUMUS evolution\u00ae crecimiento y floraci\u00f3n proporcionan a la planta todos los nutrientes necesarios para su \u00f3ptimo desarrollo, incrementando los niveles de fitohormonas naturales en la misma y no siendo necesario ning\u00fan aporte adicional para alcanzar una cosecha de m\u00e1xima calidad.<\/p>\n<p>BACHUMUS evolution\u00ae crecimiento y floraci\u00f3n, por su alto contenido en f\u00f3sforo y materia org\u00e1nica, resultan id\u00f3neos tanto para su etapa de crecimiento, como para su etapa de floraci\u00f3n, ya que su composici\u00f3n, rica en compuestos h\u00famicos y f\u00falvicos, mejora la absorci\u00f3n de nutrientes y estructura el suelo o medio de cultivo, favoreciendo el desarrollo radicular de la planta.<\/p>\n<p>BACHUMUS evolution\u00ae crecimiento y floraci\u00f3n incrementan la calidad de las cosechas y de la floraci\u00f3n. Compatible con Mycoplant polvo, que ayuda a ganar eficiencia en el proceso de captaci\u00f3n de f\u00f3sforo.<\/p>\n<p>DOSIFICACI\u00d3N BACHUMUS EVOLUTION FLORACI\u00d3N<\/p>\n<p>A) Aplicar en riego: a\u00f1adir 4 ml de Bachumus por litro de agua de riego una vez por semana, durante todo el periodo de floraci\u00f3n.<\/p>\n<p>B) Aplicaci\u00f3n foliar: 4 ml en 1 l de agua. 1\u00aa Aplicaci\u00f3n cuando aparezcan las primeras flores. Repetir cada 15-20 d\u00edas.<\/p>\n<p>DOSIFICACI\u00d3N BACHUMUS EVOLUTION CRECIMIENTO<\/p>\n<p>C) Aplicar en riego: a\u00f1adir 4 ml de Bachumus por litro de agua de riego una vez por semana, durante todo el periodo de crecimiento.<\/p>\n<p>D) Aplicaci\u00f3n foliar: 4 ml en 1 l de agua. 1\u00aa Aplicaci\u00f3n cuando aparezcan las primeras 4-5 hojas. Repetir cada 15-20 d\u00edas.<\/p>\n","protected":false},"featured_media":10895,"comment_status":"open","ping_status":"closed","template":"","meta":{"_bst_post_transparent":"","_bst_post_title":"","_bst_post_layout":"","_bst_post_sidebar_id":"","_bst_post_content_style":"","_bst_post_vertical_padding":"","_bst_post_feature":"","_bst_post_feature_position":"","_bst_post_header":false,"_bst_post_footer":false},"pwb-brand":[159],"product_brand":[],"product_cat":[39],"product_tag":[],"class_list":{"0":"post-12111","1":"product","2":"type-product","3":"status-publish","4":"has-post-thumbnail","6":"pwb-brand-trabe","7":"product_cat-fertilizantes","8":"product_shipping_class-entre-5-kg-y-10-kg","10":"first","11":"instock","12":"sale","13":"taxable","14":"shipping-taxable","15":"purchasable","16":"product-type-simple","17":"entry","18":"content-bg","19":"loop-entry"},"brands":[{"id":159,"name":"Trabe","slug":"trabe"}],"_links":{"self":[{"href":"https:\/\/puregrowshop.com\/fr\/wp-json\/wp\/v2\/product\/12111","targetHints":{"allow":["GET"]}}],"collection":[{"href":"https:\/\/puregrowshop.com\/fr\/wp-json\/wp\/v2\/product"}],"about":[{"href":"https:\/\/puregrowshop.com\/fr\/wp-json\/wp\/v2\/types\/product"}],"replies":[{"embeddable":true,"href":"https:\/\/puregrowshop.com\/fr\/wp-json\/wp\/v2\/comments?post=12111"}],"wp:featuredmedia":[{"embeddable":true,"href":"https:\/\/puregrowshop.com\/fr\/wp-json\/wp\/v2\/media\/10895"}],"wp:attachment":[{"href":"https:\/\/puregrowshop.com\/fr\/wp-json\/wp\/v2\/media?parent=12111"}],"wp:term":[{"taxonomy":"pwb-brand","embeddable":true,"href":"https:\/\/puregrowshop.com\/fr\/wp-json\/wp\/v2\/pwb-brand?post=12111"},{"taxonomy":"product_brand","embeddable":true,"href":"https:\/\/puregrowshop.com\/fr\/wp-json\/wp\/v2\/product_brand?post=12111"},{"taxonomy":"product_cat","embeddable":true,"href":"https:\/\/puregrowshop.com\/fr\/wp-json\/wp\/v2\/product_cat?post=12111"},{"taxonomy":"product_tag","embeddable":true,"href":"https:\/\/puregrowshop.com\/fr\/wp-json\/wp\/v2\/product_tag?post=12111"}],"curies":[{"name":"wp","href":"https:\/\/api.w.org\/{rel}","templated":true}]}}