{"id":12108,"date":"2024-10-28T20:01:08","date_gmt":"2024-10-28T20:01:08","guid":{"rendered":"https:\/\/puregrowshop.com\/bachumus-ecohemp-crecimiento-1-lt-trabe\/"},"modified":"2025-12-27T20:08:49","modified_gmt":"2025-12-27T20:08:49","slug":"bachumus-ecohemp-crecimiento-1-lt-trabe","status":"publish","type":"product","link":"https:\/\/puregrowshop.com\/fr\/bachumus-ecohemp-crecimiento-1-lt-trabe\/","title":{"rendered":"Bachumus Ecohemp Crecimiento 1 lt. Trabe"},"content":{"rendered":"<p>Presentamos el Bachumus Ecohemp Crecimiento 1 lt. de Trabe, un fertilizante org\u00e1nico de alta calidad dise\u00f1ado espec\u00edficamente para potenciar el crecimiento de tus plantas. Ideal para aquellos que buscan una soluci\u00f3n eficaz y ecol\u00f3gica para nutrir sus cultivos, este producto garantiza un desarrollo \u00f3ptimo y saludable.<\/p>\n<ul>\n<li>Peso: 1.4 kg<\/li>\n<li>Categor\u00eda: Fertilizantes<\/li>\n<li>Presentaci\u00f3n: Botella de 1 litro<\/li>\n<li>Tipo: Fertilizante org\u00e1nico l\u00edquido<\/li>\n<\/ul>\n<p>Beneficios y usos: Este fertilizante promueve un crecimiento vigoroso y uniforme, mejorando la salud general de las plantas. Su formulaci\u00f3n \u00fanica enriquece el suelo, favoreciendo la absorci\u00f3n de nutrientes esenciales. Es perfecto para una amplia variedad de cultivos, incluyendo hort\u00edcolas y ornamentales, asegurando resultados visibles en poco tiempo.<\/p>\n<p>Composici\u00f3n: Bachumus Ecohemp Crecimiento est\u00e1 compuesto por extractos vegetales, \u00e1cidos h\u00famicos y f\u00falvicos, y microorganismos beneficiosos que trabajan en sinergia para revitalizar el sustrato y fortalecer las ra\u00edces.<\/p>\n<p>Instrucciones de uso y dosificaci\u00f3n: Agitar bien antes de usar. Diluir 5 ml del producto en 1 litro de agua y aplicar directamente en el suelo o por v\u00eda foliar cada 7 a 15 d\u00edas, dependiendo de las necesidades de la planta. Adaptar la frecuencia y dosificaci\u00f3n seg\u00fan las condiciones espec\u00edficas del cultivo.<\/p>\n","protected":false},"excerpt":{"rendered":"<p> BACHUMUS evolution\u00ae crecimiento y floraci\u00f3n son fertilizantes org\u00e1nicos a base de materia 100% vegetal fermentada con bacterias y enzimas bajo estricto control de laboratorio, al que se han a\u00f1adido algas marinas que potencian su capacidad de estimulaci\u00f3n en la fase de crecimiento y en el momento de la floraci\u00f3n, adem\u00e1s de Proneem, que ayuda en el fortalecimiento y defensa de la planta contra pat\u00f3genos externos. BACHUMUS evolution\u00ae crecimiento y floraci\u00f3n proporcionan a la planta todos los nutrientes necesarios para su \u00f3ptimo desarrollo, incrementando los niveles de fitohormonas naturales en la misma y no siendo necesario ning\u00fan aporte adicional para alcanzar una cosecha de m\u00e1xima calidad.<\/p>\n<p>BACHUMUS evolution\u00ae crecimiento y floraci\u00f3n, por su alto contenido en f\u00f3sforo y materia org\u00e1nica, resultan id\u00f3neos tanto para su etapa de crecimiento, como para su etapa de floraci\u00f3n, ya que su composici\u00f3n, rica en compuestos h\u00famicos y f\u00falvicos, mejora la absorci\u00f3n de nutrientes y estructura el suelo o medio de cultivo, favoreciendo el desarrollo radicular de la planta.<\/p>\n<p>BACHUMUS evolution\u00ae crecimiento y floraci\u00f3n incrementan la calidad de las cosechas y de la floraci\u00f3n. Compatible con Mycoplant polvo, que ayuda a ganar eficiencia en el proceso de captaci\u00f3n de f\u00f3sforo.<\/p>\n<p>DOSIFICACI\u00d3N BACHUMUS EVOLUTION FLORACI\u00d3N<\/p>\n<p>A) Aplicar en riego: a\u00f1adir 4 ml de Bachumus por litro de agua de riego una vez por semana, durante todo el periodo de floraci\u00f3n.<\/p>\n<p>B) Aplicaci\u00f3n foliar: 4 ml en 1 l de agua. 1\u00aa Aplicaci\u00f3n cuando aparezcan las primeras flores. Repetir cada 15-20 d\u00edas.<\/p>\n<p>DOSIFICACI\u00d3N BACHUMUS EVOLUTION CRECIMIENTO<\/p>\n<p>C) Aplicar en riego: a\u00f1adir 4 ml de Bachumus por litro de agua de riego una vez por semana, durante todo el periodo de crecimiento.<\/p>\n<p>D) Aplicaci\u00f3n foliar: 4 ml en 1 l de agua. 1\u00aa Aplicaci\u00f3n cuando aparezcan las primeras 4-5 hojas. Repetir cada 15-20 d\u00edas.<\/p>\n","protected":false},"featured_media":10889,"comment_status":"open","ping_status":"closed","template":"","meta":{"_bst_post_transparent":"","_bst_post_title":"","_bst_post_layout":"","_bst_post_sidebar_id":"","_bst_post_content_style":"","_bst_post_vertical_padding":"","_bst_post_feature":"","_bst_post_feature_position":"","_bst_post_header":false,"_bst_post_footer":false},"pwb-brand":[159],"product_brand":[],"product_cat":[39],"product_tag":[],"class_list":{"0":"post-12108","1":"product","2":"type-product","3":"status-publish","4":"has-post-thumbnail","6":"pwb-brand-trabe","7":"product_cat-fertilizantes","9":"first","10":"instock","11":"sale","12":"taxable","13":"shipping-taxable","14":"purchasable","15":"product-type-simple","16":"entry","17":"content-bg","18":"loop-entry"},"brands":[{"id":159,"name":"Trabe","slug":"trabe"}],"_links":{"self":[{"href":"https:\/\/puregrowshop.com\/fr\/wp-json\/wp\/v2\/product\/12108","targetHints":{"allow":["GET"]}}],"collection":[{"href":"https:\/\/puregrowshop.com\/fr\/wp-json\/wp\/v2\/product"}],"about":[{"href":"https:\/\/puregrowshop.com\/fr\/wp-json\/wp\/v2\/types\/product"}],"replies":[{"embeddable":true,"href":"https:\/\/puregrowshop.com\/fr\/wp-json\/wp\/v2\/comments?post=12108"}],"wp:featuredmedia":[{"embeddable":true,"href":"https:\/\/puregrowshop.com\/fr\/wp-json\/wp\/v2\/media\/10889"}],"wp:attachment":[{"href":"https:\/\/puregrowshop.com\/fr\/wp-json\/wp\/v2\/media?parent=12108"}],"wp:term":[{"taxonomy":"pwb-brand","embeddable":true,"href":"https:\/\/puregrowshop.com\/fr\/wp-json\/wp\/v2\/pwb-brand?post=12108"},{"taxonomy":"product_brand","embeddable":true,"href":"https:\/\/puregrowshop.com\/fr\/wp-json\/wp\/v2\/product_brand?post=12108"},{"taxonomy":"product_cat","embeddable":true,"href":"https:\/\/puregrowshop.com\/fr\/wp-json\/wp\/v2\/product_cat?post=12108"},{"taxonomy":"product_tag","embeddable":true,"href":"https:\/\/puregrowshop.com\/fr\/wp-json\/wp\/v2\/product_tag?post=12108"}],"curies":[{"name":"wp","href":"https:\/\/api.w.org\/{rel}","templated":true}]}}