{"id":12107,"date":"2024-10-28T20:01:08","date_gmt":"2024-10-28T20:01:08","guid":{"rendered":"https:\/\/puregrowshop.com\/proneem-oil-500-ml-trabe\/"},"modified":"2025-12-27T20:08:49","modified_gmt":"2025-12-27T20:08:49","slug":"proneem-oil-500-ml-trabe","status":"publish","type":"product","link":"https:\/\/puregrowshop.com\/fr\/proneem-oil-500-ml-trabe\/","title":{"rendered":"Proneem  Oil 500 ml . Trabe"},"content":{"rendered":"<p>MODO DE EMPLEO:<br \/>Preparar la soluci\u00f3n mezclando 3-4ml de producto en 1l de agua.<br \/>La aplicaci\u00f3n se puede realizar tanto de forma radicular como foliar.<br \/>Se recomienda aplicar en horas de menos calor e irradiaci\u00f3n solar.<br \/>Repetir tratamiento seg\u00fan necesidad cada 5-7 d\u00edas.<\/p>\n","protected":false},"excerpt":{"rendered":"<p>PRONEEM OIL a base de aceite mineral prensado en fr\u00edo, 100 % natural y biodegradable.<br \/>Contiene una fuente org\u00e1nica de oligoelementos y macronutrientes. Puede aplicarse en cualquier \u00e9poca del a\u00f1o.<br \/>No t\u00f3xico para animales, p\u00e1jaros y vida acu\u00e1tica. Ecol\u00f3gico y seguro para el medio ambiente.<br \/>Nitrogeno 2%, F\u00f3sforo 0,65%, Potasa 0,10%, \u00c1cidos oleicos:linoleico, palm\u00edtico,este\u00e1rico y mir\u00edstico.<\/p>\n","protected":false},"featured_media":10887,"comment_status":"open","ping_status":"closed","template":"","meta":{"_bst_post_transparent":"","_bst_post_title":"","_bst_post_layout":"","_bst_post_sidebar_id":"","_bst_post_content_style":"","_bst_post_vertical_padding":"","_bst_post_feature":"","_bst_post_feature_position":"","_bst_post_header":false,"_bst_post_footer":false},"pwb-brand":[159],"product_brand":[],"product_cat":[39],"product_tag":[],"class_list":{"0":"post-12107","1":"product","2":"type-product","3":"status-publish","4":"has-post-thumbnail","6":"pwb-brand-trabe","7":"product_cat-fertilizantes","9":"first","10":"instock","11":"sale","12":"taxable","13":"shipping-taxable","14":"purchasable","15":"product-type-simple","16":"entry","17":"content-bg","18":"loop-entry"},"brands":[{"id":159,"name":"Trabe","slug":"trabe"}],"_links":{"self":[{"href":"https:\/\/puregrowshop.com\/fr\/wp-json\/wp\/v2\/product\/12107","targetHints":{"allow":["GET"]}}],"collection":[{"href":"https:\/\/puregrowshop.com\/fr\/wp-json\/wp\/v2\/product"}],"about":[{"href":"https:\/\/puregrowshop.com\/fr\/wp-json\/wp\/v2\/types\/product"}],"replies":[{"embeddable":true,"href":"https:\/\/puregrowshop.com\/fr\/wp-json\/wp\/v2\/comments?post=12107"}],"wp:featuredmedia":[{"embeddable":true,"href":"https:\/\/puregrowshop.com\/fr\/wp-json\/wp\/v2\/media\/10887"}],"wp:attachment":[{"href":"https:\/\/puregrowshop.com\/fr\/wp-json\/wp\/v2\/media?parent=12107"}],"wp:term":[{"taxonomy":"pwb-brand","embeddable":true,"href":"https:\/\/puregrowshop.com\/fr\/wp-json\/wp\/v2\/pwb-brand?post=12107"},{"taxonomy":"product_brand","embeddable":true,"href":"https:\/\/puregrowshop.com\/fr\/wp-json\/wp\/v2\/product_brand?post=12107"},{"taxonomy":"product_cat","embeddable":true,"href":"https:\/\/puregrowshop.com\/fr\/wp-json\/wp\/v2\/product_cat?post=12107"},{"taxonomy":"product_tag","embeddable":true,"href":"https:\/\/puregrowshop.com\/fr\/wp-json\/wp\/v2\/product_tag?post=12107"}],"curies":[{"name":"wp","href":"https:\/\/api.w.org\/{rel}","templated":true}]}}