{"id":12099,"date":"2024-10-28T20:01:07","date_gmt":"2024-10-28T20:01:07","guid":{"rendered":"https:\/\/puregrowshop.com\/super-oleotion-250-ml-aceite-parafinico-trabe\/"},"modified":"2025-12-27T20:08:41","modified_gmt":"2025-12-27T20:08:41","slug":"super-oleotion-250-ml-aceite-parafinico-trabe","status":"publish","type":"product","link":"https:\/\/puregrowshop.com\/fr\/super-oleotion-250-ml-aceite-parafinico-trabe\/","title":{"rendered":"Super Oleotion 250 ml. (Aceite Parafinico )Trabe"},"content":{"rendered":"<p>APLICACI\u00d3N<br \/>Aplicar v\u00eda foliar de 10 a 15 ml por litro de agua.<\/p>\n","protected":false},"excerpt":{"rendered":"<p>Super Oleotion es un insecticida para uso dom\u00e9stico formulado a base de parafina que funciona por contacto controlando plagas de cochinilla, pulg\u00f3n, mosca blanca y \u00e1caros. <\/p>\n<p>Su eficacia es duradera al generar una pel\u00edcula protectora de alta persistencia sobre el cultivo en el que se aplica, asfixiando a los insectos con el contacto con el producto. <\/p>\n","protected":false},"featured_media":10871,"comment_status":"open","ping_status":"closed","template":"","meta":{"_bst_post_transparent":"","_bst_post_title":"","_bst_post_layout":"","_bst_post_sidebar_id":"","_bst_post_content_style":"","_bst_post_vertical_padding":"","_bst_post_feature":"","_bst_post_feature_position":"","_bst_post_header":false,"_bst_post_footer":false},"pwb-brand":[159],"product_brand":[],"product_cat":[39],"product_tag":[],"class_list":{"0":"post-12099","1":"product","2":"type-product","3":"status-publish","4":"has-post-thumbnail","6":"pwb-brand-trabe","7":"product_cat-fertilizantes","9":"first","10":"instock","11":"sale","12":"taxable","13":"shipping-taxable","14":"purchasable","15":"product-type-simple","16":"entry","17":"content-bg","18":"loop-entry"},"brands":[{"id":159,"name":"Trabe","slug":"trabe"}],"_links":{"self":[{"href":"https:\/\/puregrowshop.com\/fr\/wp-json\/wp\/v2\/product\/12099","targetHints":{"allow":["GET"]}}],"collection":[{"href":"https:\/\/puregrowshop.com\/fr\/wp-json\/wp\/v2\/product"}],"about":[{"href":"https:\/\/puregrowshop.com\/fr\/wp-json\/wp\/v2\/types\/product"}],"replies":[{"embeddable":true,"href":"https:\/\/puregrowshop.com\/fr\/wp-json\/wp\/v2\/comments?post=12099"}],"wp:featuredmedia":[{"embeddable":true,"href":"https:\/\/puregrowshop.com\/fr\/wp-json\/wp\/v2\/media\/10871"}],"wp:attachment":[{"href":"https:\/\/puregrowshop.com\/fr\/wp-json\/wp\/v2\/media?parent=12099"}],"wp:term":[{"taxonomy":"pwb-brand","embeddable":true,"href":"https:\/\/puregrowshop.com\/fr\/wp-json\/wp\/v2\/pwb-brand?post=12099"},{"taxonomy":"product_brand","embeddable":true,"href":"https:\/\/puregrowshop.com\/fr\/wp-json\/wp\/v2\/product_brand?post=12099"},{"taxonomy":"product_cat","embeddable":true,"href":"https:\/\/puregrowshop.com\/fr\/wp-json\/wp\/v2\/product_cat?post=12099"},{"taxonomy":"product_tag","embeddable":true,"href":"https:\/\/puregrowshop.com\/fr\/wp-json\/wp\/v2\/product_tag?post=12099"}],"curies":[{"name":"wp","href":"https:\/\/api.w.org\/{rel}","templated":true}]}}