{"id":12098,"date":"2024-10-28T20:01:07","date_gmt":"2024-10-28T20:01:07","guid":{"rendered":"https:\/\/puregrowshop.com\/bio-quelato-1-lt-trabe\/"},"modified":"2026-03-18T21:23:44","modified_gmt":"2026-03-18T21:23:44","slug":"bio-quelato-1-lt-trabe","status":"publish","type":"product","link":"https:\/\/puregrowshop.com\/fr\/bio-quelato-1-lt-trabe\/","title":{"rendered":"Bio &#8211; Quelato 1 lt. Trabe"},"content":{"rendered":"<p>EFECTOS<br \/>Producto sist\u00e9mico que aporta manganeso, zinc y hierro a los cultivos. Debido a su f\u00e1cil asimilaci\u00f3n, corrige efic\u00e1zmente de ciencias de manganeso y zinc. Favorece el desarrollo radicular, floraci\u00f3n y fructificaci\u00f3n.<\/p>\n<p>APLICACIONES<br \/>BIO-ECO Quelatos  est\u00e1 recomendado para la prevenci\u00f3n y tratamiento de las carencias de zinc, manganeso y hierro en todo tipo de cultivos tanto en exterior como en interior.<\/p>\n<p>Est\u00e1 especialmente recomendado en aquellos cultivos durante las primeras semanas de floraci\u00f3n. O cuando presentan carencia de manganeso, zinc y hierro, por v\u00eda foliar y radicular o en situaciones que provocan carencia de estos elementos:<\/p>\n<p>   &#8211;  Suelos pobres en potasio.<br \/>   &#8211;  Suelos con exceso de f\u00f3sforo \u00f3 nitr\u00f3geno.<br \/>   &#8211;  Suelos compactados y mal drenados.<\/p>\n<p>DOSIFICACI\u00d3N<br \/>Foliar: 4 ml\/litro, una vez cada 10 d\u00edas<br \/>Riego: 4ml\/litro, una vez por semana seg\u00fan necesidad<\/p>\n<p>RIQUEZAS GARANTIZADAS (p\/p)<br \/>Manganeso (Mn) &#8230;&#8230;&#8230;&#8230;&#8230;&#8230;&#8230;&#8230;&#8230;&#8230;&#8230;&#8230;&#8230;&#8230;&#8230;&#8230;4%<br \/>Zinc (Zn)&#8230;&#8230;&#8230;&#8230;&#8230;&#8230;&#8230;&#8230;&#8230;&#8230;&#8230;&#8230;&#8230;&#8230;&#8230;&#8230;&#8230;&#8230;&#8230;&#8230;..4%<br \/>Hierro &#8230;&#8230;&#8230;&#8230;&#8230;&#8230;&#8230;&#8230;&#8230;&#8230;&#8230;&#8230;&#8230;&#8230;&#8230;&#8230;&#8230;&#8230;&#8230;&#8230;&#8230;&#8230;1%<br \/>Agente quelante: Ac. policarbox\u00edlicos.<\/p>\n","protected":false},"excerpt":{"rendered":"<p>BIO-ECO Quelatos es un producto que contiene manganeso, zinc y hierro quelatados con \u00e1cidos policarboxilicos. Es un producto de f\u00e1cil asimilaci\u00f3n por las plantas y un buen transportador de iones mat\u00e1licos. No contiene nitr\u00f3geno por lo que resulta ideal para aplicar en cultivos con exceso de abonado.<\/p>\n","protected":false},"featured_media":10869,"comment_status":"open","ping_status":"closed","template":"","meta":{"_bst_post_transparent":"","_bst_post_title":"","_bst_post_layout":"","_bst_post_sidebar_id":"","_bst_post_content_style":"","_bst_post_vertical_padding":"","_bst_post_feature":"","_bst_post_feature_position":"","_bst_post_header":false,"_bst_post_footer":false},"pwb-brand":[159],"product_brand":[],"product_cat":[39],"product_tag":[],"class_list":{"0":"post-12098","1":"product","2":"type-product","3":"status-publish","4":"has-post-thumbnail","6":"pwb-brand-trabe","7":"product_cat-fertilizantes","9":"first","10":"outofstock","11":"sale","12":"taxable","13":"shipping-taxable","14":"purchasable","15":"product-type-simple","16":"entry","17":"content-bg","18":"loop-entry"},"brands":[{"id":159,"name":"Trabe","slug":"trabe"}],"_links":{"self":[{"href":"https:\/\/puregrowshop.com\/fr\/wp-json\/wp\/v2\/product\/12098","targetHints":{"allow":["GET"]}}],"collection":[{"href":"https:\/\/puregrowshop.com\/fr\/wp-json\/wp\/v2\/product"}],"about":[{"href":"https:\/\/puregrowshop.com\/fr\/wp-json\/wp\/v2\/types\/product"}],"replies":[{"embeddable":true,"href":"https:\/\/puregrowshop.com\/fr\/wp-json\/wp\/v2\/comments?post=12098"}],"wp:featuredmedia":[{"embeddable":true,"href":"https:\/\/puregrowshop.com\/fr\/wp-json\/wp\/v2\/media\/10869"}],"wp:attachment":[{"href":"https:\/\/puregrowshop.com\/fr\/wp-json\/wp\/v2\/media?parent=12098"}],"wp:term":[{"taxonomy":"pwb-brand","embeddable":true,"href":"https:\/\/puregrowshop.com\/fr\/wp-json\/wp\/v2\/pwb-brand?post=12098"},{"taxonomy":"product_brand","embeddable":true,"href":"https:\/\/puregrowshop.com\/fr\/wp-json\/wp\/v2\/product_brand?post=12098"},{"taxonomy":"product_cat","embeddable":true,"href":"https:\/\/puregrowshop.com\/fr\/wp-json\/wp\/v2\/product_cat?post=12098"},{"taxonomy":"product_tag","embeddable":true,"href":"https:\/\/puregrowshop.com\/fr\/wp-json\/wp\/v2\/product_tag?post=12098"}],"curies":[{"name":"wp","href":"https:\/\/api.w.org\/{rel}","templated":true}]}}