{"id":12097,"date":"2024-10-28T20:01:07","date_gmt":"2024-10-28T20:01:07","guid":{"rendered":"https:\/\/puregrowshop.com\/bio-quelato-calcio-1-lt-trabe\/"},"modified":"2025-12-27T20:08:41","modified_gmt":"2025-12-27T20:08:41","slug":"bio-quelato-calcio-1-lt-trabe","status":"publish","type":"product","link":"https:\/\/puregrowshop.com\/fr\/bio-quelato-calcio-1-lt-trabe\/","title":{"rendered":"Bio &#8211; Quelato  Calcio 1 lt. Trabe"},"content":{"rendered":"<p>EFECTOS<br \/>La aplicaci\u00f3n de este producto permite corregir diversas carencias de calcio como necrosis apical, tip burn, bitter pit, mancha p\u00farpura, coraz\u00f3n negro, coraz\u00f3n hueco y ra\u00edces bifurcadas. Mejora la calidad de los cogollos. Potencia el crecimiento vegetativo. Incrementa el rendimiento y la calidad de la cosecha.<\/p>\n<p>APLICACIONES<br \/>Bio-Eco Calcio se recomienda para el control de diversos estados carenciales o para completar la fertilizaci\u00f3n de calcio. La aplicaci\u00f3n se puede realizar v\u00eda foliar o incorporado con el riego.<\/p>\n<p>DOSIFICACI\u00d3N<br \/>Foliar: 3 ml\/litro, una vez cada 10 dias.<br \/>Riego: 5 ml\/litro, una vez por semana.<\/p>\n<p>RIQUEZAS GARANTIZADAS (p\/p)<br \/>Calcio (CaO) &#8230;&#8230;&#8230;&#8230;&#8230;&#8230;&#8230;&#8230;&#8230;&#8230;&#8230;&#8230;&#8230;&#8230;&#8230;&#8230;10,0 %<br \/>Azufre (S) &#8230;&#8230;&#8230;&#8230;&#8230;&#8230;&#8230;&#8230;&#8230;&#8230;&#8230;&#8230;&#8230;&#8230;&#8230;&#8230;&#8230;&#8230;&#8230;..1 % Ac.<br \/>Polifen\u00f3licos &#8230;&#8230;&#8230;&#8230;&#8230;&#8230;&#8230;&#8230;&#8230;&#8230;&#8230;&#8230;&#8230;&#8230;.14,5 %<br \/>Nitr\u00f3geno &#8230;&#8230;&#8230;&#8230;&#8230;&#8230;&#8230;&#8230;&#8230;&#8230;&#8230;&#8230;&#8230;&#8230;&#8230;&#8230;&#8230;&#8230;&#8230;..5 %<br \/>Az\u00facares reductores&#8230;&#8230;&#8230;&#8230;&#8230;&#8230;&#8230;&#8230;&#8230;&#8230;&#8230;&#8230;&#8230;&#8230;.1 %<br \/>Agente quelante: Ac. Policarbox\u00edlicos.<\/p>\n","protected":false},"excerpt":{"rendered":"<p>Bio-Eco Calcio es un producto que contiene calcio quelatado con \u00e1cidos policarbox\u00edlico. Es un producto de f\u00e1cil asimilaci\u00f3n por las plantas.<\/p>\n","protected":false},"featured_media":10867,"comment_status":"open","ping_status":"closed","template":"","meta":{"_bst_post_transparent":"","_bst_post_title":"","_bst_post_layout":"","_bst_post_sidebar_id":"","_bst_post_content_style":"","_bst_post_vertical_padding":"","_bst_post_feature":"","_bst_post_feature_position":"","_bst_post_header":false,"_bst_post_footer":false},"pwb-brand":[159],"product_brand":[],"product_cat":[39],"product_tag":[],"class_list":{"0":"post-12097","1":"product","2":"type-product","3":"status-publish","4":"has-post-thumbnail","6":"pwb-brand-trabe","7":"product_cat-fertilizantes","9":"first","10":"instock","11":"sale","12":"taxable","13":"shipping-taxable","14":"purchasable","15":"product-type-simple","16":"entry","17":"content-bg","18":"loop-entry"},"brands":[{"id":159,"name":"Trabe","slug":"trabe"}],"_links":{"self":[{"href":"https:\/\/puregrowshop.com\/fr\/wp-json\/wp\/v2\/product\/12097","targetHints":{"allow":["GET"]}}],"collection":[{"href":"https:\/\/puregrowshop.com\/fr\/wp-json\/wp\/v2\/product"}],"about":[{"href":"https:\/\/puregrowshop.com\/fr\/wp-json\/wp\/v2\/types\/product"}],"replies":[{"embeddable":true,"href":"https:\/\/puregrowshop.com\/fr\/wp-json\/wp\/v2\/comments?post=12097"}],"wp:featuredmedia":[{"embeddable":true,"href":"https:\/\/puregrowshop.com\/fr\/wp-json\/wp\/v2\/media\/10867"}],"wp:attachment":[{"href":"https:\/\/puregrowshop.com\/fr\/wp-json\/wp\/v2\/media?parent=12097"}],"wp:term":[{"taxonomy":"pwb-brand","embeddable":true,"href":"https:\/\/puregrowshop.com\/fr\/wp-json\/wp\/v2\/pwb-brand?post=12097"},{"taxonomy":"product_brand","embeddable":true,"href":"https:\/\/puregrowshop.com\/fr\/wp-json\/wp\/v2\/product_brand?post=12097"},{"taxonomy":"product_cat","embeddable":true,"href":"https:\/\/puregrowshop.com\/fr\/wp-json\/wp\/v2\/product_cat?post=12097"},{"taxonomy":"product_tag","embeddable":true,"href":"https:\/\/puregrowshop.com\/fr\/wp-json\/wp\/v2\/product_tag?post=12097"}],"curies":[{"name":"wp","href":"https:\/\/api.w.org\/{rel}","templated":true}]}}