{"id":12096,"date":"2024-10-28T20:01:07","date_gmt":"2024-10-28T20:01:07","guid":{"rendered":"https:\/\/puregrowshop.com\/ekisan-cola-de-caballo-450-gr-trabe\/"},"modified":"2025-12-27T20:08:41","modified_gmt":"2025-12-27T20:08:41","slug":"ekisan-cola-de-caballo-450-gr-trabe","status":"publish","type":"product","link":"https:\/\/puregrowshop.com\/fr\/ekisan-cola-de-caballo-450-gr-trabe\/","title":{"rendered":"Ekisan Cola de Caballo 450 gr. Trabe"},"content":{"rendered":"<p>Descubre Ekisan Cola de Caballo 450 gr. de Trabe, el fertilizante natural ideal para fortalecer y revitalizar tus plantas. Dise\u00f1ado para jardineros y agricultores que buscan soluciones sostenibles, este producto es la elecci\u00f3n perfecta para mejorar la salud de tus cultivos de manera ecol\u00f3gica.<\/p>\n<ul>\n<li>Peso: 450 gr.<\/li>\n<li>Categor\u00eda: Fertilizantes<\/li>\n<li>Composici\u00f3n 100% natural a base de cola de caballo<\/li>\n<\/ul>\n<p>Este fertilizante destaca por su capacidad para mejorar la resistencia de las plantas contra enfermedades y plagas, promoviendo un crecimiento vigoroso y saludable. Utilizando Ekisan Cola de Caballo, tus plantas no solo crecer\u00e1n m\u00e1s fuertes, sino que tambi\u00e9n disfrutar\u00e1n de una mejor absorci\u00f3n de nutrientes esenciales.<\/p>\n<p>La composici\u00f3n de cola de caballo es rica en s\u00edlice, un mineral que fortalece las paredes celulares de las plantas, mejorando su estructura y resistencia general.<\/p>\n<p>Para su uso, simplemente diluir 10-15 ml de Ekisan Cola de Caballo en 1 litro de agua y aplicar directamente al suelo o mediante pulverizaci\u00f3n foliar. Repetir cada 15 d\u00edas para obtener resultados \u00f3ptimos. Con Ekisan Cola de Caballo, tus plantas estar\u00e1n siempre en su mejor forma, listas para florecer y prosperar.<\/p>\n","protected":false},"excerpt":{"rendered":"<p>La COLA DE CABALLO\u00ae contiene una Saponina t\u00f3xica para los hongos llamada \u201cEquisetonina\u201d y \u00c1cido sil\u00edsico, que favorece la estructura de la planta. Adem\u00e1s de estos componentes posee tambi\u00e9n Flavonoides como \u201cIsoquercit\u00f3sido\u201d, \u201cGaluteolina\u201d o \u201cEquisetrina\u201d. Por \u00faltimo cabe destacar su riqueza en determinados \u00e1cidos org\u00e1nicos como Nicotina, Palustrina o Dimetilsulfona. Todos estos componentes hacen que la Cola de Caballo sea uno de los fungicidias m\u00e1s eficaces en agricultura ecol\u00f3gica, incluso se le reconoce cierta acci\u00f3n insecticida contra pulgones y ara\u00f1a roja.<\/p>\n<p>MODO DE APLICACI\u00d3N<br \/>En fumigaci\u00f3n por v\u00eda foliar con gota muy fina. Mojar muy bien toda la planta. No aplicar en horas de mucho calor ni alta incidencia solar.<\/p>\n<p>MODO EMPLEO EN POLVO<br \/>Foliar: Se prepara una disoluci\u00f3n a proporci\u00f3n de 125 g de COLA DE CABALLO\u00ae por 0,5 litros de agua y se deja macerar durante 24 horas; debe removerse de forma en\u00e9rgica durante 15 minutos al comienzo y al final de dicho periodo. La disoluci\u00f3n resultante se disolver\u00e1 a raz\u00f3n de 0,5 litros del macerado por cada 20 litros de agua.<\/p>\n<p>INCOMPATIBILIDADES<br \/>No debe mezclarse en el mismo caldo de aplicaci\u00f3n con cobre, azufre, purin de ortiga ni con productos que potencien su acci\u00f3n como jab\u00f3n pot\u00e1sico, amino\u00e1cidos o mojantes.<\/p>\n","protected":false},"featured_media":10865,"comment_status":"open","ping_status":"closed","template":"","meta":{"_bst_post_transparent":"","_bst_post_title":"","_bst_post_layout":"","_bst_post_sidebar_id":"","_bst_post_content_style":"","_bst_post_vertical_padding":"","_bst_post_feature":"","_bst_post_feature_position":"","_bst_post_header":false,"_bst_post_footer":false},"pwb-brand":[159],"product_brand":[],"product_cat":[39],"product_tag":[],"class_list":{"0":"post-12096","1":"product","2":"type-product","3":"status-publish","4":"has-post-thumbnail","6":"pwb-brand-trabe","7":"product_cat-fertilizantes","9":"first","10":"instock","11":"sale","12":"taxable","13":"shipping-taxable","14":"purchasable","15":"product-type-simple","16":"entry","17":"content-bg","18":"loop-entry"},"brands":[{"id":159,"name":"Trabe","slug":"trabe"}],"_links":{"self":[{"href":"https:\/\/puregrowshop.com\/fr\/wp-json\/wp\/v2\/product\/12096","targetHints":{"allow":["GET"]}}],"collection":[{"href":"https:\/\/puregrowshop.com\/fr\/wp-json\/wp\/v2\/product"}],"about":[{"href":"https:\/\/puregrowshop.com\/fr\/wp-json\/wp\/v2\/types\/product"}],"replies":[{"embeddable":true,"href":"https:\/\/puregrowshop.com\/fr\/wp-json\/wp\/v2\/comments?post=12096"}],"wp:featuredmedia":[{"embeddable":true,"href":"https:\/\/puregrowshop.com\/fr\/wp-json\/wp\/v2\/media\/10865"}],"wp:attachment":[{"href":"https:\/\/puregrowshop.com\/fr\/wp-json\/wp\/v2\/media?parent=12096"}],"wp:term":[{"taxonomy":"pwb-brand","embeddable":true,"href":"https:\/\/puregrowshop.com\/fr\/wp-json\/wp\/v2\/pwb-brand?post=12096"},{"taxonomy":"product_brand","embeddable":true,"href":"https:\/\/puregrowshop.com\/fr\/wp-json\/wp\/v2\/product_brand?post=12096"},{"taxonomy":"product_cat","embeddable":true,"href":"https:\/\/puregrowshop.com\/fr\/wp-json\/wp\/v2\/product_cat?post=12096"},{"taxonomy":"product_tag","embeddable":true,"href":"https:\/\/puregrowshop.com\/fr\/wp-json\/wp\/v2\/product_tag?post=12096"}],"curies":[{"name":"wp","href":"https:\/\/api.w.org\/{rel}","templated":true}]}}