{"id":12093,"date":"2024-10-28T20:01:05","date_gmt":"2024-10-28T20:01:05","guid":{"rendered":"https:\/\/puregrowshop.com\/acido-citrico-1-lt-trabe\/"},"modified":"2025-12-27T20:08:32","modified_gmt":"2025-12-27T20:08:32","slug":"acido-citrico-1-lt-trabe","status":"publish","type":"product","link":"https:\/\/puregrowshop.com\/fr\/acido-citrico-1-lt-trabe\/","title":{"rendered":"Acido Citrico  1 lt. Trabe"},"content":{"rendered":"<p>El zumo de lim\u00f3n es inyectado al agua de riego para tratar el taponamiento causado por el carbonato de calcio (Cal) y la precipitaci\u00f3n de magnesio. El agua con un pH de 7,5 o m\u00e1s y un nivel de bicarbonato de m\u00e1s de 100 ppm prob\u00e1blemente presentar\u00e1 problemas de precipitaci\u00f3n de cal, dependiendo de la dureza del agua. La cantidad de calcio y magnesio determina dicha dureza. \u00c9sta se clasifica as\u00ed:<\/p>\n<p>Suave: 0 a 60 ppm de calcio y magnesio<br \/>Moderada: de 61 a 120 ppm<br \/>Dura: de 121 a 180 ppm<br \/>Muy Dura: m\u00e1s de 180 ppm<\/p>\n<p>Casi todos los tratamientos de fumigaci\u00f3n con productos ecol\u00f3gicos deben realizarse en pH en torno al 6,5 por lo que la labor del zumo de lim\u00f3n es primordial; de hecho pHs distintos a 6,5 influyen mucho en la eficacia del tratamiento.<\/p>\n<p>El zumo de lim\u00f3n concentrado posee un pH de 2,2 (el vinagre est\u00e1 en torno al 3) por lo que las cantidades que se aplican para corregir son m\u00ednimas; en todo caso depende del tipo de agua, pH que debemos conseguir y del que partimos inicialmente,&#8230; ; todo esto nos lleva a que dicho proceso siempre deba controlarse con la utilizaci\u00f3n de un medidor o controlador de pH.<\/p>\n<p>MODO DE APLICACI\u00d3N<\/p>\n<p>El \u00e1cido usualmente se inyecta despu\u00e9s del filtro, para que no cause corrosi\u00f3n en el mismo, exceptuando si fuese de polietileno.<\/p>\n<p>DOSIS<\/p>\n<p>Correcci\u00f3n de pH: La cantidad de \u00e1cido que se debe utilizar depende de las caracter\u00edsticas qu\u00edmicas del agua de riego, por lo que se debe emplear un medidor de pH durante todo el proceso hasta conseguir el nivel deseado, siempre midiendolo en los extremos de la manguera.<\/p>\n<p>Limpieza de tuber\u00edas: 500 ml por metro c\u00fabico.<\/p>\n","protected":false},"excerpt":{"rendered":"<p>&#8211; Corrector 100% ecol\u00f3gico que reduce los niveles de pH.<br \/>&#8211; Limpia los sistemas de riego localizados.<\/p>\n","protected":false},"featured_media":10859,"comment_status":"open","ping_status":"closed","template":"","meta":{"_bst_post_transparent":"","_bst_post_title":"","_bst_post_layout":"","_bst_post_sidebar_id":"","_bst_post_content_style":"","_bst_post_vertical_padding":"","_bst_post_feature":"","_bst_post_feature_position":"","_bst_post_header":false,"_bst_post_footer":false},"pwb-brand":[159],"product_brand":[],"product_cat":[39],"product_tag":[],"class_list":{"0":"post-12093","1":"product","2":"type-product","3":"status-publish","4":"has-post-thumbnail","6":"pwb-brand-trabe","7":"product_cat-fertilizantes","9":"first","10":"instock","11":"sale","12":"taxable","13":"shipping-taxable","14":"purchasable","15":"product-type-simple","16":"entry","17":"content-bg","18":"loop-entry"},"brands":[{"id":159,"name":"Trabe","slug":"trabe"}],"_links":{"self":[{"href":"https:\/\/puregrowshop.com\/fr\/wp-json\/wp\/v2\/product\/12093","targetHints":{"allow":["GET"]}}],"collection":[{"href":"https:\/\/puregrowshop.com\/fr\/wp-json\/wp\/v2\/product"}],"about":[{"href":"https:\/\/puregrowshop.com\/fr\/wp-json\/wp\/v2\/types\/product"}],"replies":[{"embeddable":true,"href":"https:\/\/puregrowshop.com\/fr\/wp-json\/wp\/v2\/comments?post=12093"}],"wp:featuredmedia":[{"embeddable":true,"href":"https:\/\/puregrowshop.com\/fr\/wp-json\/wp\/v2\/media\/10859"}],"wp:attachment":[{"href":"https:\/\/puregrowshop.com\/fr\/wp-json\/wp\/v2\/media?parent=12093"}],"wp:term":[{"taxonomy":"pwb-brand","embeddable":true,"href":"https:\/\/puregrowshop.com\/fr\/wp-json\/wp\/v2\/pwb-brand?post=12093"},{"taxonomy":"product_brand","embeddable":true,"href":"https:\/\/puregrowshop.com\/fr\/wp-json\/wp\/v2\/product_brand?post=12093"},{"taxonomy":"product_cat","embeddable":true,"href":"https:\/\/puregrowshop.com\/fr\/wp-json\/wp\/v2\/product_cat?post=12093"},{"taxonomy":"product_tag","embeddable":true,"href":"https:\/\/puregrowshop.com\/fr\/wp-json\/wp\/v2\/product_tag?post=12093"}],"curies":[{"name":"wp","href":"https:\/\/api.w.org\/{rel}","templated":true}]}}